{"id":124,"date":"2022-06-15T12:16:52","date_gmt":"2022-06-15T12:16:52","guid":{"rendered":"https:\/\/tidypay.com\/de\/?page_id=124"},"modified":"2022-09-21T13:02:13","modified_gmt":"2022-09-21T11:02:13","slug":"kontakt","status":"publish","type":"page","link":"https:\/\/tidypay.com\/de\/kontakt\/","title":{"rendered":"Kontakt"},"content":{"rendered":"<p>[et_pb_section fb_built=&#8221;1&#8243; _builder_version=&#8221;4.9.6&#8243; background_image=&#8221;https:\/\/tidypay.com\/de\/wp-content\/uploads\/sites\/8\/2022\/06\/shutterstock_319351910.png&#8221; background_position=&#8221;bottom_center&#8221; custom_css_main_element=&#8221;background-size: 100% auto !important;&#8221; box_shadow_style=&#8221;preset1&#8243; box_shadow_position=&#8221;inner&#8221;][et_pb_row column_structure=&#8221;1_2,1_2&#8243; make_equal=&#8221;on&#8221; disabled_on=&#8221;off|off|off&#8221; _builder_version=&#8221;4.9.6&#8243; _module_preset=&#8221;default&#8221; custom_margin=&#8221;50px||50px||true|false&#8221;][et_pb_column type=&#8221;1_2&#8243; _builder_version=&#8221;4.8.2&#8243; _module_preset=&#8221;default&#8221;][et_pb_text content_tablet=&#8221;<\/p>\n<h1 class=%22p1%22><\/h1>\n<h1 class=%22p1%22><\/h1>\n<h1 class=%22p1%22>Kontaktieren Sie uns<\/h1>\n<div class=%22gmail_default%22><i><\/i><\/div>\n<div class=%22gmail_default%22>\n<p><em><span style=%22font-weight: 400;%22>Sind Sie ein ISV, POS-Anbieter, eine ISO (Independent Sales Organization), ein Wiederverk\u00e4ufer oder Sunmi-Vertriebsh\u00e4ndler oder m\u00f6chten Sie einfach unser Zahlungsgateway nutzen?<\/span><\/em><i><\/i><\/p>\n<\/div>\n<div class=%22gmail_default%22>\n<p><i><\/i><\/p>\n<\/div>\n<div class=%22gmail_default%22><\/div>\n<p>&#8221; content_phone=&#8221;<\/p>\n<h1 class=%22p1%22><\/h1>\n<h1 class=%22p1%22><\/h1>\n<h1 class=%22p1%22>Kontaktieren Sie uns<\/h1>\n<div class=%22gmail_default%22><i><\/i><\/div>\n<div class=%22gmail_default%22>\n<p><em><span style=%22font-weight: 400;%22>Sind Sie ein ISV, POS-Anbieter, eine ISO (Independent Sales Organization), ein Wiederverk\u00e4ufer oder Sunmi-Vertriebsh\u00e4ndler oder m\u00f6chten Sie einfach unser Zahlungsgateway nutzen?<\/span><\/em><i><\/i><\/p>\n<\/div>\n<div class=%22gmail_default%22>\n<p><i><\/i><\/p>\n<\/div>\n<div class=%22gmail_default%22><\/div>\n<p>&#8221; content_last_edited=&#8221;on|phone&#8221; _builder_version=&#8221;4.9.6&#8243; _module_preset=&#8221;default&#8221; text_text_color=&#8221;#1C1C1C&#8221; text_font_size=&#8221;22px&#8221; text_line_height=&#8221;1.4em&#8221; header_text_color=&#8221;#ff6600&#8243; header_font_size=&#8221;50px&#8221; header_2_text_align=&#8221;left&#8221; header_2_text_color=&#8221;#ff6600&#8243; header_2_font_size=&#8221;70px&#8221; header_3_text_color=&#8221;#ffffff&#8221; header_3_font_size=&#8221;30px&#8221; max_width=&#8221;800px&#8221; module_alignment=&#8221;center&#8221; header_font_size_tablet=&#8221;&#8221; header_font_size_phone=&#8221;45px&#8221; header_font_size_last_edited=&#8221;on|phone&#8221; header_2_font_size_tablet=&#8221;&#8221; header_2_font_size_phone=&#8221;40px&#8221; header_2_font_size_last_edited=&#8221;on|desktop&#8221;]<\/p>\n<h1 class=\"p1\"><\/h1>\n<h1 class=\"p1\">Kontaktieren Sie uns<\/h1>\n<div class=\"gmail_default\"><i><\/i><\/div>\n<div class=\"gmail_default\">\n<p><em><span style=\"font-weight: 400;\">Sind Sie ein ISV, POS-Anbieter, eine ISO (Independent Sales Organization), ein Wiederverk\u00e4ufer oder Sunmi-Vertriebsh\u00e4ndler oder m\u00f6chten Sie einfach unser Zahlungsgateway nutzen?<\/span><\/em><i><\/i><\/p>\n<\/div>\n<p>[\/et_pb_text][et_pb_text content_tablet=&#8221;<\/p>\n<div class=%22gmail_default%22>\n<div class=%22gmail_default%22>\n<p>Das klingt nach einer gro\u00dfartigen Idee.<br \/>Es k\u00f6nnte sogar eine der besten Ideen sein, die Sie jemals haben werden! F\u00fcllen Sie einfach dieses Formular aus, und wir werden uns so bald wie m\u00f6glich mit Ihnen in Verbindung setzen.<\/p>\n<\/div>\n<\/div>\n<p>&#8221; content_phone=&#8221;<\/p>\n<div class=%22gmail_default%22>\n<div class=%22gmail_default%22>\n<p>Das klingt nach einer gro\u00dfartigen Idee.<br \/>Es k\u00f6nnte sogar eine der besten Ideen sein, die Sie jemals haben werden! F\u00fcllen Sie einfach dieses Formular aus, und wir werden uns so bald wie m\u00f6glich mit Ihnen in Verbindung setzen.<\/p>\n<\/div>\n<\/div>\n<p>&#8221; content_last_edited=&#8221;on|phone&#8221; _builder_version=&#8221;4.9.6&#8243; _module_preset=&#8221;default&#8221; text_text_color=&#8221;#1C1C1C&#8221; text_font_size=&#8221;22px&#8221; text_line_height=&#8221;1.4em&#8221; header_text_color=&#8221;#ff6600&#8243; header_font_size=&#8221;50px&#8221; header_2_text_align=&#8221;left&#8221; header_2_text_color=&#8221;#ff6600&#8243; header_2_font_size=&#8221;70px&#8221; header_3_text_color=&#8221;#ffffff&#8221; header_3_font_size=&#8221;30px&#8221; max_width=&#8221;800px&#8221; module_alignment=&#8221;center&#8221; header_font_size_tablet=&#8221;&#8221; header_font_size_phone=&#8221;45px&#8221; header_font_size_last_edited=&#8221;on|phone&#8221; header_2_font_size_tablet=&#8221;&#8221; header_2_font_size_phone=&#8221;40px&#8221; header_2_font_size_last_edited=&#8221;on|desktop&#8221;]<\/p>\n<div class=\"gmail_default\">\n<p>Das klingt nach einer gro\u00dfartigen Idee.<br \/>Es k\u00f6nnte sogar eine der besten Ideen sein, die Sie jemals haben werden! F\u00fcllen Sie einfach dieses Formular aus, und wir werden uns so bald wie m\u00f6glich mit Ihnen in Verbindung setzen.<\/p>\n<\/div>\n<p>[\/et_pb_text][\/et_pb_column][et_pb_column type=&#8221;1_2&#8243; _builder_version=&#8221;4.9.6&#8243; _module_preset=&#8221;default&#8221; background_color=&#8221;#FFFFFF&#8221; border_radii=&#8221;on|10px|10px|10px|10px&#8221; box_shadow_style=&#8221;preset1&#8243;][et_pb_code _builder_version=&#8221;4.9.6&#8243; _module_preset=&#8221;default&#8221; custom_margin=&#8221;10px|10px|10px|10px|true|true&#8221; custom_padding=&#8221;10px|10px|10px|10px|true|true&#8221; hover_enabled=&#8221;0&#8243; border_radii=&#8221;on|20px|20px|20px|20px&#8221; sticky_enabled=&#8221;0&#8243;]<script src=\"https:\/\/www.google.com\/recaptcha\/api.js\"><\/script><!-- [et_pb_line_break_holder] --><script><!-- [et_pb_line_break_holder] --> function timestamp() { var response = document.getElementById(\"g-recaptcha-response\"); if (response == null || response.value.trim() == \"\") {var elems = JSON.parse(document.getElementsByName(\"captcha_settings\")[0].value);elems[\"ts\"] = JSON.stringify(new Date().getTime());document.getElementsByName(\"captcha_settings\")[0].value = JSON.stringify(elems); } } setInterval(timestamp, 500); <!-- [et_pb_line_break_holder] --> <!-- [et_pb_line_break_holder] --><\/script><!-- [et_pb_line_break_holder] --><!-- [et_pb_line_break_holder] --><!--  ----------------------------------------------------------------------  --><!-- [et_pb_line_break_holder] --><!--  NOTE: Please add the following <FORM> element to your page.             --><!-- [et_pb_line_break_holder] --><!--  ----------------------------------------------------------------------  --><!-- [et_pb_line_break_holder] --><!-- [et_pb_line_break_holder] --><\/p>\n<div class=\"et_pb_module et_pb_code et_pb_code_0\"><!-- [et_pb_line_break_holder] --><\/p>\n<div class=\"et_pb_code_inner\"><!-- [et_pb_line_break_holder] --><\/p>\n<div class=\"frm_forms with_frm_style frm_style_formidable-style\"><!-- [et_pb_line_break_holder] --><!-- [et_pb_line_break_holder] --><!-- [et_pb_line_break_holder] --><\/p>\n<form action=\"https:\/\/webto.salesforce.com\/servlet\/servlet.WebToLead?encoding=UTF-8\" method=\"POST\" onsubmit=\"return (validateCaptcha())\"><!-- [et_pb_line_break_holder] --><!-- [et_pb_line_break_holder] --><\/p>\n<div class=\"frm_form_fields\"><!-- [et_pb_line_break_holder] --><\/p>\n<div class=\"frm_fields_container\"><!-- [et_pb_line_break_holder] --><!-- [et_pb_line_break_holder] --><!-- [et_pb_line_break_holder] --><input type=hidden name='captcha_settings' value='{\"keyname\":\"website_captcha\",\"fallback\":\"true\",\"orgId\":\"00D2o000000aq7L\",\"ts\":\"\"}'><!-- [et_pb_line_break_holder] --><input type=hidden name=\"oid\" value=\"00D2o000000aq7L\"><!-- [et_pb_line_break_holder] --><input type=hidden name=\"retURL\" value=\"https:\/\/tidypay.com\/de\/danke-dass-sie-uns-kontaktiert-haben\"><!-- [et_pb_line_break_holder] --><!-- [et_pb_line_break_holder] --><!--  ----------------------------------------------------------------------  --><!-- [et_pb_line_break_holder] --><!--  NOTE: These fields are optional debugging elements. Please uncomment    --><!-- [et_pb_line_break_holder] --><!--  these lines if you wish to test in debug mode.                          --><!-- [et_pb_line_break_holder] --><!--  <input type=\"hidden\" name=\"debug\" value=1>                              --><!-- [et_pb_line_break_holder] --><!--  <input type=\"hidden\" name=\"debugEmail\" value=\"frederik@tidypos.com\">    --><!-- [et_pb_line_break_holder] --><!--  ----------------------------------------------------------------------  --><!-- [et_pb_line_break_holder] --><!-- [et_pb_line_break_holder] --><\/p>\n<div class=\"frm_form_field form_field frm_required_field frm_top_container frm_full mm_form_field\"><!-- [et_pb_line_break_holder] -->\t<label for=\"first_name\" class=\"frm_primary_label\">Name <span class=\"frm_required\">*<\/span><\/label><input  id=\"first_name\" maxlength=\"40\" name=\"first_name\" size=\"20\" type=\"text\" required \/><!\u2013- [et_pb_br_holder] -\u2013><!-- [et_pb_line_break_holder] --><\/div>\n<p><!-- [et_pb_line_break_holder] --><!-- [et_pb_line_break_holder] --><\/p>\n<div class=\"frm_form_field form_field frm_required_field frm_top_container frm_full mm_form_field\"><!-- [et_pb_line_break_holder] -->\t<label for=\"email\" class=\"frm_primary_label\">E-Mail <span class=\"frm_required\">*<\/span><\/label><input  id=\"email\" maxlength=\"80\" name=\"email\" size=\"20\" type=\"text\" required \/><!\u2013- [et_pb_br_holder] -\u2013><!-- [et_pb_line_break_holder] --><\/div>\n<p><!-- [et_pb_line_break_holder] --><!-- [et_pb_line_break_holder] --><!-- [et_pb_line_break_holder] --><\/p>\n<div class=\"frm_form_field form_field frm_required_field frm_top_container frm_full mm_form_field\"><!-- [et_pb_line_break_holder] -->\t<label for=\"phone\" class=\"frm_primary_label\">Telefonnummer <span class=\"frm_required\">*<\/span><\/label><input  id=\"phone\" maxlength=\"40\" name=\"phone\" size=\"20\" type=\"text\" required \/><!\u2013- [et_pb_br_holder] -\u2013><!-- [et_pb_line_break_holder] --><\/div>\n<p><!-- [et_pb_line_break_holder] --><!-- [et_pb_line_break_holder] --><\/p>\n<div class=\"frm_form_field form_field frm_required_field frm_top_container frm_full mm_form_field\"><!-- [et_pb_line_break_holder] -->\t<label for=\"company\" class=\"frm_primary_label\">Unternehmen <span class=\"frm_required\">*<\/span><\/label><input  id=\"company\" maxlength=\"40\" name=\"company\" size=\"20\" type=\"text\" required \/><!\u2013- [et_pb_br_holder] -\u2013><!-- [et_pb_line_break_holder] --><\/div>\n<p><!-- [et_pb_line_break_holder] --><!-- [et_pb_line_break_holder] --><!-- [et_pb_line_break_holder] --><!-- [et_pb_line_break_holder] --><label for=\"country\" class=\"frm_primary_label\">Land <span class=\"frm_required\">*<\/span><!-- [et_pb_line_break_holder] --> <select id=\"country\" name=\"country\" class=\"mm_form_field\" required><!-- [et_pb_line_break_holder] --><option value=\"\" selected disabled>Ausw\u00e4hlen<\/option><!-- [et_pb_line_break_holder] --><option value=\"Germany\">Deutschland<\/option><!-- [et_pb_line_break_holder] --><option value=\"UK\">United Kingdom<\/option><!-- [et_pb_line_break_holder] --><option value=\"Norway\">Norway<\/option><!-- [et_pb_line_break_holder] --><option value=\"Sweden\">Sweden<\/option><!-- [et_pb_line_break_holder] --><option value=\"Denmark\">Denmark<\/option><!-- [et_pb_line_break_holder] --><option value=\"Finland\">Finland<\/option><!-- [et_pb_line_break_holder] --><option value=\"Austria\">Austria<\/option><!-- [et_pb_line_break_holder] --><option value=\"Belgium\">Belgium<\/option><!-- [et_pb_line_break_holder] --><option value=\"Bulgaria\">Bulgaria<\/option><!-- [et_pb_line_break_holder] --><option value=\"Cyprus\">Cyprus<\/option><!-- [et_pb_line_break_holder] --><option value=\"Czechia\">Czech Republic<\/option><!-- [et_pb_line_break_holder] --><option value=\"Estonia\">Estonia<\/option><!-- [et_pb_line_break_holder] --><option value=\"France\">France<\/option><!-- [et_pb_line_break_holder] --><option value=\"Greece\">Greece<\/option><!-- [et_pb_line_break_holder] --><option value=\"Hungary\">Hungary<\/option><!-- [et_pb_line_break_holder] --><option value=\"Iceland\">Iceland<\/option><!-- [et_pb_line_break_holder] --><option value=\"Ireland\">Ireland<\/option><!-- [et_pb_line_break_holder] --><option value=\"Israel\">Israel<\/option><!-- [et_pb_line_break_holder] --><option value=\"Italy\">Italy<\/option><!-- [et_pb_line_break_holder] --><option value=\"Latvia\">Latvia<\/option><!-- [et_pb_line_break_holder] --><option value=\"Lithuania\">Lithuania<\/option><!-- [et_pb_line_break_holder] --><option value=\"Luxembourg\">Luxembourg<\/option><!-- [et_pb_line_break_holder] --><option value=\"Malta\">Malta<\/option><!-- [et_pb_line_break_holder] --><option value=\"Netherlands\">Netherlands<\/option><!-- [et_pb_line_break_holder] --><option value=\"Poland\">Poland<\/option><!-- [et_pb_line_break_holder] --><option value=\"Portugal\">Portugal<\/option><!-- [et_pb_line_break_holder] --><option value=\"Slovenia\">Slovenia<\/option><!-- [et_pb_line_break_holder] --><option value=\"Spain\">Spain<\/option><!-- [et_pb_line_break_holder] --><option value=\"Switzerland\">Switzerland<\/option><!-- [et_pb_line_break_holder] --><option value=\"Turkey\">Turkey<\/option><!-- [et_pb_line_break_holder] --><option value=\"Other\">Andere<\/option><!-- [et_pb_line_break_holder] --> <\/select><!-- [et_pb_line_break_holder] --> <\/div>\n<p><!-- [et_pb_line_break_holder] --> <!-- [et_pb_line_break_holder] --> <\/p>\n<div class=\"mm_form_field\"><\/div>\n<p><!-- [et_pb_line_break_holder] --> <label for=\"00N7U000000ZQgx\" class=\"frm_primary_label\">Nach welchen L\u00f6sungen suchen Sie? <span class=\"frm_required\">*<\/span><!-- [et_pb_line_break_holder] --> <select id=\"00N7U000000ZQgx\" name=\"00N7U000000ZQgx\" class=\"mm_form_field\" required><!-- [et_pb_line_break_holder] --><option value=\"\" selected disabled>Ausw\u00e4hlen<\/option><!-- [et_pb_line_break_holder] --><option value=\"eCommerce Payments\">eCommerce Zahlungen<\/option><!-- [et_pb_line_break_holder] --><option value=\"POS Payments\">POS Zahlungen<\/option><!-- [et_pb_line_break_holder] --><option value=\"SoftPos\">SoftPos<\/option><!-- [et_pb_line_break_holder] --><option value=\"Others\">Andere<\/option><!-- [et_pb_line_break_holder] --> <\/select><!-- [et_pb_line_break_holder] --><!-- [et_pb_line_break_holder] --><\/p>\n<div class=\"mm_form_field\"><\/div>\n<p><!-- [et_pb_line_break_holder] --><\/p>\n<div class=\"frm_form_field form_field frm_top_container frm_full mm_form_field\"><!-- [et_pb_line_break_holder] -->\t<label for=\"00N7U000000ZOef\" class=\"frm_primary_label\">Kommentar <span class=\"frm_required\">*<\/span> <\/label><input  id=\"00N7U000000ZOef\" maxlength=\"255\" name=\"00N7U000000ZOef\" size=\"20\" type=\"text\" placeholder=\"Bitte beschreiben Sie Ihr Anliegen\" required \/><!\u2013- [et_pb_br_holder] -\u2013><!-- [et_pb_line_break_holder] --><\/div>\n<p><\/br><!-- [et_pb_line_break_holder] --><!-- [et_pb_line_break_holder] --><!-- \n\n<div class=\"frm_form_field form_field frm_top_container frm_full mm_form_field\"> --><!-- [et_pb_line_break_holder] -->\t<!-- <label for=\"00N7U000000ZOef\" class=\"frm_primary_label\">Comment <span class=\"frm_required\">*<\/span> <\/label><textarea class=\"mm_txt_area\" id=\"00N7U000000ZOef\" maxlength=\"255\" name=\"00N7U000000ZOef\" rows=\"6\" type=\"text\" placeholder=\"\" required> <\/textarea><!\u2013- [et_pb_br_holder] -\u2013> --><!-- [et_pb_line_break_holder] --><!-- <\/div>\n\n<\/br> --><!-- [et_pb_line_break_holder] --><!-- [et_pb_line_break_holder] --><!-- [et_pb_line_break_holder] --><input id=\"lead_source\" name=\"lead_source\" type=\"hidden\" value=\"Website .com\" \/><!-- [et_pb_line_break_holder] --><input  id=\"00N7U000000ZS0o\" name=\"00N7U000000ZS0o\" size=\"20\" type=\"hidden\" \/>\t<!-- Assignment number Web2Lead --><!-- [et_pb_line_break_holder] --><!-- <input id=\"country\" maxlength=\"40\" name=\"country\" size=\"20\" type=\"hidden\" value=\"norway\"\/><!\u2013- [et_pb_br_holder] -\u2013> --><!-- [et_pb_line_break_holder] --><\/p>\n<div class=\"frm_form_field form_field frm_top_container frm_full\"><!-- [et_pb_line_break_holder] --><!-- [et_pb_line_break_holder] --><\/p>\n<div class=\"g-recaptcha\" data-sitekey=\"6LemzY0dAAAAAActHx0O5uHg1r5F3Rqp1OZW-bv9\"><\/div>\n<p><!\u2013- [et_pb_br_holder] -\u2013><!-- [et_pb_line_break_holder] --><\/p>\n<div class=\"frm_submit salesforce_form_btn\"><input type=\"submit\" name=\"submit\" value=\"Einreichen\"\/><\/div>\n<p><!-- [et_pb_line_break_holder] --><!-- [et_pb_line_break_holder] --><script type=\"text\/javascript\"><!-- [et_pb_line_break_holder] -->\t<!-- [et_pb_line_break_holder] -->\tconst roll = Math.floor(Math.random() * 2) + 1;<!-- [et_pb_line_break_holder] -->\tdocument.getElementById(\"00N7U000000ZS0o\").value = roll;<!-- [et_pb_line_break_holder] --><!-- [et_pb_line_break_holder] -->\tfunction validateCaptcha() {<!-- [et_pb_line_break_holder] -->\t\tif(grecaptcha.getResponse().length == 0){<!-- [et_pb_line_break_holder] -->            alert('Please click the reCAPTCHA checkbox');<!-- [et_pb_line_break_holder] -->            return false;<!-- [et_pb_line_break_holder] -->        }<!-- [et_pb_line_break_holder] -->\t<!-- [et_pb_line_break_holder] -->\t}<!-- [et_pb_line_break_holder] -->\t<!-- [et_pb_line_break_holder] --><\/script><!-- [et_pb_line_break_holder] --><!-- [et_pb_line_break_holder] --><\/div>\n<p><!-- [et_pb_line_break_holder] --><\/div>\n<p><!-- [et_pb_line_break_holder] --><\/form>\n<p><!-- [et_pb_line_break_holder] --><\/div>\n<p><!-- [et_pb_line_break_holder] --><\/div>\n<p><!-- [et_pb_line_break_holder] --><\/div>\n<p>[\/et_pb_code][\/et_pb_column][\/et_pb_row][\/et_pb_section]<\/p>\n","protected":false},"excerpt":{"rendered":"<p>[et_pb_section fb_built=&#8221;1&#8243; _builder_version=&#8221;4.9.6&#8243; background_image=&#8221;https:\/\/tidypay.com\/de\/wp-content\/uploads\/sites\/8\/2022\/06\/shutterstock_319351910.png&#8221; background_position=&#8221;bottom_center&#8221; custom_css_main_element=&#8221;background-size: 100% auto !important;&#8221; box_shadow_style=&#8221;preset1&#8243; box_shadow_position=&#8221;inner&#8221;][et_pb_row column_structure=&#8221;1_2,1_2&#8243; make_equal=&#8221;on&#8221; disabled_on=&#8221;off|off|off&#8221; _builder_version=&#8221;4.9.6&#8243; _module_preset=&#8221;default&#8221; custom_margin=&#8221;50px||50px||true|false&#8221;][et_pb_column type=&#8221;1_2&#8243; _builder_version=&#8221;4.8.2&#8243; _module_preset=&#8221;default&#8221;][et_pb_text content_tablet=&#8221; Kontaktieren Sie uns Sind Sie ein ISV, POS-Anbieter, eine ISO (Independent Sales Organization), ein Wiederverk\u00e4ufer oder Sunmi-Vertriebsh\u00e4ndler oder m\u00f6chten Sie einfach unser Zahlungsgateway nutzen? &#8221; content_phone=&#8221; Kontaktieren Sie uns Sind Sie ein ISV, POS-Anbieter, [&hellip;]<\/p>\n","protected":false},"author":34423,"featured_media":0,"parent":0,"menu_order":0,"comment_status":"closed","ping_status":"closed","template":"","meta":{"_et_pb_use_builder":"on","_et_pb_old_content":"","_et_gb_content_width":"","footnotes":""},"class_list":["post-124","page","type-page","status-publish","hentry"],"yoast_head":"<!-- This site is optimized with the Yoast SEO plugin v27.4 - https:\/\/yoast.com\/product\/yoast-seo-wordpress\/ -->\n<title>Kontakt - Tidypay | Deutschland<\/title>\n<meta name=\"robots\" content=\"index, follow, max-snippet:-1, max-image-preview:large, max-video-preview:-1\" \/>\n<link rel=\"canonical\" href=\"https:\/\/tidypay.com\/de\/kontakt\/\" \/>\n<meta property=\"og:locale\" content=\"en_US\" \/>\n<meta property=\"og:type\" content=\"article\" \/>\n<meta property=\"og:title\" content=\"Kontakt - Tidypay | Deutschland\" \/>\n<meta property=\"og:description\" content=\"[et_pb_section fb_built=&#8221;1&#8243; _builder_version=&#8221;4.9.6&#8243; background_image=&#8221;https:\/\/tidypay.com\/de\/wp-content\/uploads\/sites\/8\/2022\/06\/shutterstock_319351910.png&#8221; background_position=&#8221;bottom_center&#8221; custom_css_main_element=&#8221;background-size: 100% auto !important;&#8221; box_shadow_style=&#8221;preset1&#8243; box_shadow_position=&#8221;inner&#8221;][et_pb_row column_structure=&#8221;1_2,1_2&#8243; make_equal=&#8221;on&#8221; disabled_on=&#8221;off|off|off&#8221; _builder_version=&#8221;4.9.6&#8243; _module_preset=&#8221;default&#8221; custom_margin=&#8221;50px||50px||true|false&#8221;][et_pb_column type=&#8221;1_2&#8243; _builder_version=&#8221;4.8.2&#8243; _module_preset=&#8221;default&#8221;][et_pb_text content_tablet=&#8221; Kontaktieren Sie uns Sind Sie ein ISV, POS-Anbieter, eine ISO (Independent Sales Organization), ein Wiederverk\u00e4ufer oder Sunmi-Vertriebsh\u00e4ndler oder m\u00f6chten Sie einfach unser Zahlungsgateway nutzen? &#8221; content_phone=&#8221; Kontaktieren Sie uns Sind Sie ein ISV, POS-Anbieter, [&hellip;]\" \/>\n<meta property=\"og:url\" content=\"https:\/\/tidypay.com\/de\/kontakt\/\" \/>\n<meta property=\"og:site_name\" content=\"Tidypay | Deutschland\" \/>\n<meta property=\"article:modified_time\" content=\"2022-09-21T11:02:13+00:00\" \/>\n<meta name=\"twitter:card\" content=\"summary_large_image\" \/>\n<script type=\"application\/ld+json\" class=\"yoast-schema-graph\">{\"@context\":\"https:\\\/\\\/schema.org\",\"@graph\":[{\"@type\":\"WebPage\",\"@id\":\"https:\\\/\\\/tidypay.com\\\/de\\\/kontakt\\\/\",\"url\":\"https:\\\/\\\/tidypay.com\\\/de\\\/kontakt\\\/\",\"name\":\"Kontakt - Tidypay | Deutschland\",\"isPartOf\":{\"@id\":\"https:\\\/\\\/tidypay.com\\\/de\\\/#website\"},\"datePublished\":\"2022-06-15T12:16:52+00:00\",\"dateModified\":\"2022-09-21T11:02:13+00:00\",\"breadcrumb\":{\"@id\":\"https:\\\/\\\/tidypay.com\\\/de\\\/kontakt\\\/#breadcrumb\"},\"inLanguage\":\"en-US\",\"potentialAction\":[{\"@type\":\"ReadAction\",\"target\":[\"https:\\\/\\\/tidypay.com\\\/de\\\/kontakt\\\/\"]}]},{\"@type\":\"BreadcrumbList\",\"@id\":\"https:\\\/\\\/tidypay.com\\\/de\\\/kontakt\\\/#breadcrumb\",\"itemListElement\":[{\"@type\":\"ListItem\",\"position\":1,\"name\":\"Home\",\"item\":\"https:\\\/\\\/tidypay.com\\\/de\\\/\"},{\"@type\":\"ListItem\",\"position\":2,\"name\":\"Kontakt\"}]},{\"@type\":\"WebSite\",\"@id\":\"https:\\\/\\\/tidypay.com\\\/de\\\/#website\",\"url\":\"https:\\\/\\\/tidypay.com\\\/de\\\/\",\"name\":\"Tidypay | Deutschland\",\"description\":\"\",\"potentialAction\":[{\"@type\":\"SearchAction\",\"target\":{\"@type\":\"EntryPoint\",\"urlTemplate\":\"https:\\\/\\\/tidypay.com\\\/de\\\/?s={search_term_string}\"},\"query-input\":{\"@type\":\"PropertyValueSpecification\",\"valueRequired\":true,\"valueName\":\"search_term_string\"}}],\"inLanguage\":\"en-US\"}]}<\/script>\n<!-- \/ Yoast SEO plugin. -->","yoast_head_json":{"title":"Kontakt - Tidypay | Deutschland","robots":{"index":"index","follow":"follow","max-snippet":"max-snippet:-1","max-image-preview":"max-image-preview:large","max-video-preview":"max-video-preview:-1"},"canonical":"https:\/\/tidypay.com\/de\/kontakt\/","og_locale":"en_US","og_type":"article","og_title":"Kontakt - Tidypay | Deutschland","og_description":"[et_pb_section fb_built=&#8221;1&#8243; _builder_version=&#8221;4.9.6&#8243; background_image=&#8221;https:\/\/tidypay.com\/de\/wp-content\/uploads\/sites\/8\/2022\/06\/shutterstock_319351910.png&#8221; background_position=&#8221;bottom_center&#8221; custom_css_main_element=&#8221;background-size: 100% auto !important;&#8221; box_shadow_style=&#8221;preset1&#8243; box_shadow_position=&#8221;inner&#8221;][et_pb_row column_structure=&#8221;1_2,1_2&#8243; make_equal=&#8221;on&#8221; disabled_on=&#8221;off|off|off&#8221; _builder_version=&#8221;4.9.6&#8243; _module_preset=&#8221;default&#8221; custom_margin=&#8221;50px||50px||true|false&#8221;][et_pb_column type=&#8221;1_2&#8243; _builder_version=&#8221;4.8.2&#8243; _module_preset=&#8221;default&#8221;][et_pb_text content_tablet=&#8221; Kontaktieren Sie uns Sind Sie ein ISV, POS-Anbieter, eine ISO (Independent Sales Organization), ein Wiederverk\u00e4ufer oder Sunmi-Vertriebsh\u00e4ndler oder m\u00f6chten Sie einfach unser Zahlungsgateway nutzen? &#8221; content_phone=&#8221; Kontaktieren Sie uns Sind Sie ein ISV, POS-Anbieter, [&hellip;]","og_url":"https:\/\/tidypay.com\/de\/kontakt\/","og_site_name":"Tidypay | Deutschland","article_modified_time":"2022-09-21T11:02:13+00:00","twitter_card":"summary_large_image","schema":{"@context":"https:\/\/schema.org","@graph":[{"@type":"WebPage","@id":"https:\/\/tidypay.com\/de\/kontakt\/","url":"https:\/\/tidypay.com\/de\/kontakt\/","name":"Kontakt - Tidypay | Deutschland","isPartOf":{"@id":"https:\/\/tidypay.com\/de\/#website"},"datePublished":"2022-06-15T12:16:52+00:00","dateModified":"2022-09-21T11:02:13+00:00","breadcrumb":{"@id":"https:\/\/tidypay.com\/de\/kontakt\/#breadcrumb"},"inLanguage":"en-US","potentialAction":[{"@type":"ReadAction","target":["https:\/\/tidypay.com\/de\/kontakt\/"]}]},{"@type":"BreadcrumbList","@id":"https:\/\/tidypay.com\/de\/kontakt\/#breadcrumb","itemListElement":[{"@type":"ListItem","position":1,"name":"Home","item":"https:\/\/tidypay.com\/de\/"},{"@type":"ListItem","position":2,"name":"Kontakt"}]},{"@type":"WebSite","@id":"https:\/\/tidypay.com\/de\/#website","url":"https:\/\/tidypay.com\/de\/","name":"Tidypay | Deutschland","description":"","potentialAction":[{"@type":"SearchAction","target":{"@type":"EntryPoint","urlTemplate":"https:\/\/tidypay.com\/de\/?s={search_term_string}"},"query-input":{"@type":"PropertyValueSpecification","valueRequired":true,"valueName":"search_term_string"}}],"inLanguage":"en-US"}]}},"_links":{"self":[{"href":"https:\/\/tidypay.com\/de\/wp-json\/wp\/v2\/pages\/124","targetHints":{"allow":["GET"]}}],"collection":[{"href":"https:\/\/tidypay.com\/de\/wp-json\/wp\/v2\/pages"}],"about":[{"href":"https:\/\/tidypay.com\/de\/wp-json\/wp\/v2\/types\/page"}],"author":[{"embeddable":true,"href":"https:\/\/tidypay.com\/de\/wp-json\/wp\/v2\/users\/34423"}],"replies":[{"embeddable":true,"href":"https:\/\/tidypay.com\/de\/wp-json\/wp\/v2\/comments?post=124"}],"version-history":[{"count":0,"href":"https:\/\/tidypay.com\/de\/wp-json\/wp\/v2\/pages\/124\/revisions"}],"wp:attachment":[{"href":"https:\/\/tidypay.com\/de\/wp-json\/wp\/v2\/media?parent=124"}],"curies":[{"name":"wp","href":"https:\/\/api.w.org\/{rel}","templated":true}]}}