{"id":137,"date":"2022-06-15T12:30:59","date_gmt":"2022-06-15T10:30:59","guid":{"rendered":"https:\/\/tidypay.com\/de\/?page_id=137"},"modified":"2022-06-29T15:24:27","modified_gmt":"2022-06-29T13:24:27","slug":"elavon","status":"publish","type":"page","link":"https:\/\/tidypay.com\/de\/elavon\/","title":{"rendered":"Elavon"},"content":{"rendered":"<p>[et_pb_section fb_built=&#8221;1&#8243; _builder_version=&#8221;4.8.2&#8243; _module_preset=&#8221;default&#8221; background_enable_color=&#8221;off&#8221; background_image=&#8221;https:\/\/tidypay.com\/de\/wp-content\/uploads\/sites\/8\/2022\/06\/1280&#215;720-00001.jpg&#8221; background_size=&#8221;initial&#8221; min_height=&#8221;420px&#8221; custom_padding=&#8221;||23px|||&#8221; background_last_edited=&#8221;on|desktop&#8221; background_size_phone=&#8221;cover&#8221; box_shadow_style=&#8221;preset3&#8243; locked=&#8221;off&#8221;][\/et_pb_section][et_pb_section fb_built=&#8221;1&#8243; _builder_version=&#8221;4.9.6&#8243; background_enable_image=&#8221;off&#8221; background_size=&#8221;contain&#8221; background_position=&#8221;top_left&#8221; custom_css_main_element=&#8221;background-size: 100% auto !important;&#8221; locked=&#8221;off&#8221;][et_pb_row _builder_version=&#8221;4.9.6&#8243; background_enable_color=&#8221;off&#8221; width_tablet=&#8221;81%&#8221; width_phone=&#8221;80%&#8221; width_last_edited=&#8221;on|phone&#8221; custom_margin=&#8221;||||false|false&#8221; animation_style=&#8221;fade&#8221; locked=&#8221;off&#8221;][et_pb_column type=&#8221;4_4&#8243; _builder_version=&#8221;4.3.2&#8243;][et_pb_text _builder_version=&#8221;4.9.6&#8243; _module_preset=&#8221;default&#8221; text_text_color=&#8221;#1C1C1C&#8221; text_font_size=&#8221;22px&#8221; text_line_height=&#8221;1.4em&#8221; header_text_color=&#8221;#ff6600&#8243; header_font_size=&#8221;50px&#8221; header_2_text_align=&#8221;left&#8221; header_2_text_color=&#8221;#ff6600&#8243; header_2_font_size=&#8221;70px&#8221; header_3_text_color=&#8221;#ffffff&#8221; header_3_font_size=&#8221;30px&#8221; max_width=&#8221;800px&#8221; module_alignment=&#8221;center&#8221; custom_margin_tablet=&#8221;&#8221; custom_margin_phone=&#8221;11px||18px||false|false&#8221; custom_margin_last_edited=&#8221;on|phone&#8221; custom_padding=&#8221;||||false|false&#8221; header_font_size_tablet=&#8221;&#8221; header_font_size_phone=&#8221;45px&#8221; header_font_size_last_edited=&#8221;on|phone&#8221; header_2_font_size_tablet=&#8221;&#8221; header_2_font_size_phone=&#8221;40px&#8221; header_2_font_size_last_edited=&#8221;on|desktop&#8221; locked=&#8221;off&#8221;]<\/p>\n<h1 class=\"p1\" style=\"text-align: center;\">Tidypay &amp; Elavon<\/h1>\n<p>[\/et_pb_text][et_pb_text content_tablet=&#8221;<\/p>\n<p>Elavon gew\u00e4hrleistet sichere und reibungslose Transaktionen f\u00fcr alle Arten von Unternehmen. Wir wickeln t\u00e4glich Kartentransaktionen mit Visa, Mastercard, JCB, UnionPay, Diners Club und American Express f\u00fcr \u00fcber 2 Millionen Kunden weltweit ab. Vipps und Zahlungen wie ApplePay, Samsung Pay, Fitbit Pay usw. unterst\u00fctzen wir ebenfalls. Wir verfolgen stets die neuesten Zahlungsoptionen. So k\u00f6nnen Sie Ihren Kunden die jeweils neueste und beste Art der Bezahlung anbieten.<\/p>\n<p>Lassen Sie Ihre Kunden w\u00e4hlen, wie sie bezahlen wollen. Ganz einfach.<\/p>\n<p>&nbsp;<\/p>\n<p>&#8221; content_phone=&#8221;<\/p>\n<p>Elavon gew\u00e4hrleistet sichere und reibungslose Transaktionen f\u00fcr alle Arten von Unternehmen. Wir wickeln t\u00e4glich Kartentransaktionen mit Visa, Mastercard, JCB, UnionPay, Diners Club und American Express f\u00fcr \u00fcber 2 Millionen Kunden weltweit ab. Vipps und Zahlungen wie ApplePay, Samsung Pay, Fitbit Pay usw. unterst\u00fctzen wir ebenfalls. Wir verfolgen stets die neuesten Zahlungsoptionen. So k\u00f6nnen Sie Ihren Kunden die jeweils neueste und beste Art der Bezahlung anbieten.<\/p>\n<p>Lassen Sie Ihre Kunden w\u00e4hlen, wie sie bezahlen wollen. Ganz einfach.<\/p>\n<p>&nbsp;<\/p>\n<p>&#8221; content_last_edited=&#8221;on|phone&#8221; _builder_version=&#8221;4.9.6&#8243; _module_preset=&#8221;default&#8221; text_text_color=&#8221;#1C1C1C&#8221; text_font_size=&#8221;22px&#8221; text_line_height=&#8221;1.4em&#8221; header_text_color=&#8221;#ff6600&#8243; header_font_size=&#8221;50px&#8221; header_2_text_align=&#8221;left&#8221; header_2_text_color=&#8221;#ff6600&#8243; header_2_font_size=&#8221;70px&#8221; header_3_text_color=&#8221;#ffffff&#8221; header_3_font_size=&#8221;30px&#8221; max_width=&#8221;850px&#8221; module_alignment=&#8221;center&#8221; custom_margin_tablet=&#8221;&#8221; custom_margin_phone=&#8221;11px||18px||false|false&#8221; custom_margin_last_edited=&#8221;on|phone&#8221; custom_padding=&#8221;||50px||false|false&#8221; hover_enabled=&#8221;0&#8243; header_font_size_tablet=&#8221;&#8221; header_font_size_phone=&#8221;45px&#8221; header_font_size_last_edited=&#8221;on|phone&#8221; header_2_font_size_tablet=&#8221;&#8221; header_2_font_size_phone=&#8221;40px&#8221; header_2_font_size_last_edited=&#8221;on|desktop&#8221; locked=&#8221;off&#8221; sticky_enabled=&#8221;0&#8243;]<\/p>\n<p>Elavon gew\u00e4hrleistet sichere und reibungslose Transaktionen f\u00fcr alle Arten von Unternehmen. Wir wickeln t\u00e4glich Kartentransaktionen mit Visa, Mastercard, JCB, UnionPay, Diners Club und American Express f\u00fcr \u00fcber 2 Millionen Kunden weltweit ab. Vipps und Zahlungen wie ApplePay, Samsung Pay, Fitbit Pay usw. unterst\u00fctzen wir ebenfalls. Wir verfolgen stets die neuesten Zahlungsoptionen. So k\u00f6nnen Sie Ihren Kunden die jeweils neueste und beste Art der Bezahlung anbieten.<\/p>\n<p>Lassen Sie Ihre Kunden w\u00e4hlen, wie sie bezahlen wollen. Ganz einfach.<\/p>\n<p>&nbsp;<\/p>\n<p>[\/et_pb_text][\/et_pb_column][\/et_pb_row][et_pb_row column_structure=&#8221;1_3,1_3,1_3&#8243; _builder_version=&#8221;4.9.6&#8243; _module_preset=&#8221;default&#8221; custom_margin=&#8221;||||false|false&#8221; custom_padding=&#8221;42px|||||&#8221; locked=&#8221;off&#8221;][et_pb_column type=&#8221;1_3&#8243; _builder_version=&#8221;4.9.6&#8243; _module_preset=&#8221;default&#8221; animation_style=&#8221;fade&#8221; animation_duration=&#8221;1050ms&#8221; border_radii=&#8221;on|10px|10px|10px|10px&#8221; box_shadow_style=&#8221;preset1&#8243;][et_pb_text _builder_version=&#8221;4.9.6&#8243; text_text_color=&#8221;#1c1c1c&#8221; text_font_size=&#8221;20px&#8221; header_text_color=&#8221;#1c1c1c&#8221; header_font_size=&#8221;60px&#8221; header_2_text_color=&#8221;#ffffff&#8221; header_2_font_size=&#8221;85px&#8221; header_3_text_color=&#8221;#ff6600&#8243; header_3_font_size=&#8221;30px&#8221; text_orientation=&#8221;center&#8221; max_width=&#8221;600px&#8221; module_alignment=&#8221;center&#8221; custom_margin=&#8221;30px||30px||true|false&#8221; custom_padding=&#8221;|20px||20px|false|true&#8221; header_font_size_tablet=&#8221;&#8221; header_font_size_phone=&#8221;45px&#8221; header_font_size_last_edited=&#8221;on|phone&#8221; header_2_font_size_tablet=&#8221;&#8221; header_2_font_size_phone=&#8221;40px&#8221; header_2_font_size_last_edited=&#8221;on|desktop&#8221; locked=&#8221;off&#8221;]<\/p>\n<h3 class=\"p1\"><span class=\"s1\">1.<\/span><\/h3>\n<p class=\"p1\"><span style=\"font-weight: 400;\">Einfach zu bedienen und immer sicher, k\u00f6nnen Sie auf Elavons E-Commerce-L\u00f6sungen zusammen mit Tidypay z\u00e4hlen.<\/span><\/p>\n<p>[\/et_pb_text][\/et_pb_column][et_pb_column type=&#8221;1_3&#8243; _builder_version=&#8221;4.9.6&#8243; _module_preset=&#8221;default&#8221; animation_style=&#8221;fade&#8221; animation_duration=&#8221;1050ms&#8221; animation_delay=&#8221;50ms&#8221; border_radii=&#8221;on|10px|10px|10px|10px&#8221; box_shadow_style=&#8221;preset1&#8243;][et_pb_text _builder_version=&#8221;4.9.6&#8243; text_text_color=&#8221;#1c1c1c&#8221; text_font_size=&#8221;20px&#8221; header_text_color=&#8221;#1c1c1c&#8221; header_font_size=&#8221;60px&#8221; header_2_text_color=&#8221;#ffffff&#8221; header_2_font_size=&#8221;85px&#8221; header_3_text_color=&#8221;#ff6600&#8243; header_3_font_size=&#8221;30px&#8221; text_orientation=&#8221;center&#8221; max_width=&#8221;600px&#8221; module_alignment=&#8221;center&#8221; custom_margin=&#8221;30px||30px||true|false&#8221; custom_padding=&#8221;|20px||20px|false|true&#8221; header_font_size_tablet=&#8221;&#8221; header_font_size_phone=&#8221;45px&#8221; header_font_size_last_edited=&#8221;on|phone&#8221; header_2_font_size_tablet=&#8221;&#8221; header_2_font_size_phone=&#8221;40px&#8221; header_2_font_size_last_edited=&#8221;on|desktop&#8221; locked=&#8221;off&#8221;]<\/p>\n<h3 class=\"p1\"><span class=\"s1\">2.<\/span><\/h3>\n<p class=\"p1\"><span style=\"font-weight: 400;\">Unsere spezialisierten L\u00f6sungen sind so konzipiert, dass sie den besonderen Anforderungen Ihrer Branche gerecht werden.<\/span><br \/><span class=\"s1\"><\/span><\/p>\n<p>[\/et_pb_text][\/et_pb_column][et_pb_column type=&#8221;1_3&#8243; _builder_version=&#8221;4.9.6&#8243; _module_preset=&#8221;default&#8221; animation_style=&#8221;fade&#8221; animation_duration=&#8221;1100ms&#8221; animation_delay=&#8221;100ms&#8221; border_radii=&#8221;on|10px|10px|10px|10px&#8221; box_shadow_style=&#8221;preset1&#8243;][et_pb_text _builder_version=&#8221;4.9.6&#8243; text_text_color=&#8221;#1c1c1c&#8221; text_font_size=&#8221;20px&#8221; header_text_color=&#8221;#1c1c1c&#8221; header_font_size=&#8221;60px&#8221; header_2_text_color=&#8221;#ffffff&#8221; header_2_font_size=&#8221;85px&#8221; header_3_text_color=&#8221;#ff6600&#8243; header_3_font_size=&#8221;30px&#8221; text_orientation=&#8221;center&#8221; max_width=&#8221;600px&#8221; module_alignment=&#8221;center&#8221; custom_margin=&#8221;30px||30px||true|false&#8221; custom_padding=&#8221;|20px||20px|false|true&#8221; header_font_size_tablet=&#8221;&#8221; header_font_size_phone=&#8221;45px&#8221; header_font_size_last_edited=&#8221;on|phone&#8221; header_2_font_size_tablet=&#8221;&#8221; header_2_font_size_phone=&#8221;40px&#8221; header_2_font_size_last_edited=&#8221;on|desktop&#8221; locked=&#8221;off&#8221;]<\/p>\n<h3 class=\"p1\"><span class=\"s1\">3.<\/span><\/h3>\n<div id=\"main\">\n<div class=\"fusion-fullwidth fullwidth-box fusion-parallax-none nonhundred-percent-fullwidth toptags\">\n<div class=\"fusion-row\">\n<div class=\"fusion-one-third fusion-layout-column fusion-column-last fusion-spacing-yes\">\n<div class=\"fusion-column-wrapper\">\n<div class=\"main-menu-tag\">\n<p><span style=\"font-weight: 400;\">Als einer der f\u00fcnf weltweit f\u00fchrenden Zahlungsanbieter bietet Elavon mit dem Tidypay Zahlungsgateway eine einzigartige und innovative M\u00f6glichkeit zur Integration von Zahlungen in-store und im E-Commerce.<\/span><\/p>\n<div class=\"fusion-clearfix\"><\/div>\n<\/div>\n<div class=\"fusion-clearfix\"><\/div>\n<\/div>\n<\/div>\n<div class=\"fusion-clearfix\"><\/div>\n<\/div>\n<\/div>\n<\/div>\n<div id=\"sliders-container\"><\/div>\n<div id=\"main\" class=\"clearfix width-100\">\n<div class=\"fusion-row\">\n<div id=\"content\" class=\"full-width\">\n<div id=\"post-10\" class=\"post-10 page type-page status-publish hentry\">\n<div class=\"post-content\">\n<div class=\"fusion-fullwidth fullwidth-box fusion-fullwidth-1  fusion-parallax-none hundred-percent-fullwidth fusion-nonzero-padding\">\n<div class=\"fusion-row\">\n<div class=\"fusion-one-full fusion-layout-column fusion-column-last fusion-spacing-no\"><\/div>\n<\/div>\n<\/div>\n<\/div>\n<\/div>\n<\/div>\n<\/div>\n<\/div>\n<p class=\"p1\">[\/et_pb_text][\/et_pb_column][\/et_pb_row][et_pb_row column_structure=&#8221;1_2,1_2&#8243; _builder_version=&#8221;4.9.6&#8243; custom_margin=&#8221;80px||||false|false&#8221; custom_margin_tablet=&#8221;&#8221; custom_margin_phone=&#8221;&#8221; custom_margin_last_edited=&#8221;on|phone&#8221; custom_padding=&#8221;38px|||||&#8221; animation_style=&#8221;slide&#8221; animation_duration=&#8221;1100ms&#8221; locked=&#8221;off&#8221;][et_pb_column type=&#8221;1_2&#8243; _builder_version=&#8221;4.3.2&#8243;][et_pb_video src=&#8221;https:\/\/www.youtube.com\/watch?v=svJtjzBSVh0&#038;ab_channel=elavon&#8221; _builder_version=&#8221;4.8.2&#8243;][\/et_pb_video][\/et_pb_column][et_pb_column type=&#8221;1_2&#8243; _builder_version=&#8221;4.6.1&#8243; _module_preset=&#8221;default&#8221;][et_pb_text _builder_version=&#8221;4.9.6&#8243; _module_preset=&#8221;default&#8221; text_text_color=&#8221;#1C1C1C&#8221; text_font_size=&#8221;22px&#8221; text_line_height=&#8221;1.4em&#8221; header_text_color=&#8221;#ff6600&#8243; header_font_size=&#8221;50px&#8221; header_2_text_align=&#8221;left&#8221; header_2_text_color=&#8221;#ff6600&#8243; header_2_font_size=&#8221;70px&#8221; header_3_text_color=&#8221;#ffffff&#8221; header_3_font_size=&#8221;30px&#8221; max_width=&#8221;800px&#8221; module_alignment=&#8221;center&#8221; custom_margin_tablet=&#8221;&#8221; custom_margin_phone=&#8221;11px||18px||false|false&#8221; custom_margin_last_edited=&#8221;on|phone&#8221; custom_padding=&#8221;||||false|false&#8221; animation_style=&#8221;fade&#8221; header_font_size_tablet=&#8221;&#8221; header_font_size_phone=&#8221;45px&#8221; header_font_size_last_edited=&#8221;on|phone&#8221; header_2_font_size_tablet=&#8221;&#8221; header_2_font_size_phone=&#8221;40px&#8221; header_2_font_size_last_edited=&#8221;on|desktop&#8221; locked=&#8221;off&#8221;]<\/p>\n<p>\u201eElavon ist der innovative, sichere und globale Partner f\u00fcr Ihre Zahlungsabwicklung, egal ob Sie online, mobil oder pers\u00f6nlich Gesch\u00e4fte machen.<br \/>Seit mehr als 25 Jahren ist Elavon f\u00fchrend in der Zahlungsabwicklung und nutzt die besten Technologien der Welt f\u00fcr seine Partner, von gro\u00dfen, weltweit agierenden Unternehmen bis hin zu lokalen Kleinbetrieben.\u201c<\/p>\n<p>[\/et_pb_text][et_pb_button button_url=&#8221;https:\/\/www.elavon.com\/index.html&#8221; url_new_window=&#8221;on&#8221; button_text=&#8221;Erfahren Sie mehr \u00fcber Elavon&#8221; button_alignment=&#8221;center&#8221; _builder_version=&#8221;4.9.6&#8243; _module_preset=&#8221;default&#8221; custom_button=&#8221;on&#8221; button_text_size=&#8221;16px&#8221; button_text_color=&#8221;#1c1c1c&#8221; button_bg_color=&#8221;#ff6600&#8243; button_letter_spacing=&#8221;0px&#8221; custom_padding=&#8221;||||false|false&#8221; button_bg_color__hover_enabled=&#8221;on|hover&#8221;][\/et_pb_button][\/et_pb_column][\/et_pb_row][\/et_pb_section]<\/p>\n","protected":false},"excerpt":{"rendered":"<p>[et_pb_section fb_built=&#8221;1&#8243; _builder_version=&#8221;4.8.2&#8243; _module_preset=&#8221;default&#8221; background_enable_color=&#8221;off&#8221; background_image=&#8221;https:\/\/tidypay.com\/de\/wp-content\/uploads\/sites\/8\/2022\/06\/1280&#215;720-00001.jpg&#8221; background_size=&#8221;initial&#8221; min_height=&#8221;420px&#8221; custom_padding=&#8221;||23px|||&#8221; background_last_edited=&#8221;on|desktop&#8221; background_size_phone=&#8221;cover&#8221; box_shadow_style=&#8221;preset3&#8243; locked=&#8221;off&#8221;][\/et_pb_section][et_pb_section fb_built=&#8221;1&#8243; _builder_version=&#8221;4.9.6&#8243; background_enable_image=&#8221;off&#8221; background_size=&#8221;contain&#8221; background_position=&#8221;top_left&#8221; custom_css_main_element=&#8221;background-size: 100% auto !important;&#8221; locked=&#8221;off&#8221;][et_pb_row _builder_version=&#8221;4.9.6&#8243; background_enable_color=&#8221;off&#8221; width_tablet=&#8221;81%&#8221; width_phone=&#8221;80%&#8221; width_last_edited=&#8221;on|phone&#8221; custom_margin=&#8221;||||false|false&#8221; animation_style=&#8221;fade&#8221; locked=&#8221;off&#8221;][et_pb_column type=&#8221;4_4&#8243; _builder_version=&#8221;4.3.2&#8243;][et_pb_text _builder_version=&#8221;4.9.6&#8243; _module_preset=&#8221;default&#8221; text_text_color=&#8221;#1C1C1C&#8221; text_font_size=&#8221;22px&#8221; text_line_height=&#8221;1.4em&#8221; header_text_color=&#8221;#ff6600&#8243; header_font_size=&#8221;50px&#8221; header_2_text_align=&#8221;left&#8221; header_2_text_color=&#8221;#ff6600&#8243; header_2_font_size=&#8221;70px&#8221; header_3_text_color=&#8221;#ffffff&#8221; header_3_font_size=&#8221;30px&#8221; max_width=&#8221;800px&#8221; module_alignment=&#8221;center&#8221; custom_margin_tablet=&#8221;&#8221; custom_margin_phone=&#8221;11px||18px||false|false&#8221; custom_margin_last_edited=&#8221;on|phone&#8221; custom_padding=&#8221;||||false|false&#8221; header_font_size_tablet=&#8221;&#8221; header_font_size_phone=&#8221;45px&#8221; header_font_size_last_edited=&#8221;on|phone&#8221; header_2_font_size_tablet=&#8221;&#8221; [&hellip;]<\/p>\n","protected":false},"author":34423,"featured_media":0,"parent":0,"menu_order":0,"comment_status":"closed","ping_status":"closed","template":"","meta":{"_et_pb_use_builder":"on","_et_pb_old_content":"","_et_gb_content_width":"","footnotes":""},"class_list":["post-137","page","type-page","status-publish","hentry"],"yoast_head":"<!-- This site is optimized with the Yoast SEO plugin v27.3 - https:\/\/yoast.com\/product\/yoast-seo-wordpress\/ -->\n<title>Elavon - Tidypay | Deutschland<\/title>\n<meta name=\"robots\" content=\"index, follow, max-snippet:-1, max-image-preview:large, max-video-preview:-1\" \/>\n<link rel=\"canonical\" href=\"https:\/\/tidypay.com\/de\/elavon\/\" \/>\n<meta property=\"og:locale\" content=\"en_US\" \/>\n<meta property=\"og:type\" content=\"article\" \/>\n<meta property=\"og:title\" content=\"Elavon - Tidypay | Deutschland\" \/>\n<meta property=\"og:description\" content=\"[et_pb_section fb_built=&#8221;1&#8243; _builder_version=&#8221;4.8.2&#8243; _module_preset=&#8221;default&#8221; background_enable_color=&#8221;off&#8221; background_image=&#8221;https:\/\/tidypay.com\/de\/wp-content\/uploads\/sites\/8\/2022\/06\/1280&#215;720-00001.jpg&#8221; background_size=&#8221;initial&#8221; min_height=&#8221;420px&#8221; custom_padding=&#8221;||23px|||&#8221; background_last_edited=&#8221;on|desktop&#8221; background_size_phone=&#8221;cover&#8221; box_shadow_style=&#8221;preset3&#8243; locked=&#8221;off&#8221;][\/et_pb_section][et_pb_section fb_built=&#8221;1&#8243; _builder_version=&#8221;4.9.6&#8243; background_enable_image=&#8221;off&#8221; background_size=&#8221;contain&#8221; background_position=&#8221;top_left&#8221; custom_css_main_element=&#8221;background-size: 100% auto !important;&#8221; locked=&#8221;off&#8221;][et_pb_row _builder_version=&#8221;4.9.6&#8243; background_enable_color=&#8221;off&#8221; width_tablet=&#8221;81%&#8221; width_phone=&#8221;80%&#8221; width_last_edited=&#8221;on|phone&#8221; custom_margin=&#8221;||||false|false&#8221; animation_style=&#8221;fade&#8221; locked=&#8221;off&#8221;][et_pb_column type=&#8221;4_4&#8243; _builder_version=&#8221;4.3.2&#8243;][et_pb_text _builder_version=&#8221;4.9.6&#8243; _module_preset=&#8221;default&#8221; text_text_color=&#8221;#1C1C1C&#8221; text_font_size=&#8221;22px&#8221; text_line_height=&#8221;1.4em&#8221; header_text_color=&#8221;#ff6600&#8243; header_font_size=&#8221;50px&#8221; header_2_text_align=&#8221;left&#8221; header_2_text_color=&#8221;#ff6600&#8243; header_2_font_size=&#8221;70px&#8221; header_3_text_color=&#8221;#ffffff&#8221; header_3_font_size=&#8221;30px&#8221; max_width=&#8221;800px&#8221; module_alignment=&#8221;center&#8221; custom_margin_tablet=&#8221;&#8221; custom_margin_phone=&#8221;11px||18px||false|false&#8221; custom_margin_last_edited=&#8221;on|phone&#8221; custom_padding=&#8221;||||false|false&#8221; header_font_size_tablet=&#8221;&#8221; header_font_size_phone=&#8221;45px&#8221; header_font_size_last_edited=&#8221;on|phone&#8221; header_2_font_size_tablet=&#8221;&#8221; [&hellip;]\" \/>\n<meta property=\"og:url\" content=\"https:\/\/tidypay.com\/de\/elavon\/\" \/>\n<meta property=\"og:site_name\" content=\"Tidypay | Deutschland\" \/>\n<meta property=\"article:modified_time\" content=\"2022-06-29T13:24:27+00:00\" \/>\n<meta name=\"twitter:card\" content=\"summary_large_image\" \/>\n<script type=\"application\/ld+json\" class=\"yoast-schema-graph\">{\"@context\":\"https:\\\/\\\/schema.org\",\"@graph\":[{\"@type\":\"WebPage\",\"@id\":\"https:\\\/\\\/tidypay.com\\\/de\\\/elavon\\\/\",\"url\":\"https:\\\/\\\/tidypay.com\\\/de\\\/elavon\\\/\",\"name\":\"Elavon - Tidypay | Deutschland\",\"isPartOf\":{\"@id\":\"https:\\\/\\\/tidypay.com\\\/de\\\/#website\"},\"datePublished\":\"2022-06-15T10:30:59+00:00\",\"dateModified\":\"2022-06-29T13:24:27+00:00\",\"breadcrumb\":{\"@id\":\"https:\\\/\\\/tidypay.com\\\/de\\\/elavon\\\/#breadcrumb\"},\"inLanguage\":\"en-US\",\"potentialAction\":[{\"@type\":\"ReadAction\",\"target\":[\"https:\\\/\\\/tidypay.com\\\/de\\\/elavon\\\/\"]}]},{\"@type\":\"BreadcrumbList\",\"@id\":\"https:\\\/\\\/tidypay.com\\\/de\\\/elavon\\\/#breadcrumb\",\"itemListElement\":[{\"@type\":\"ListItem\",\"position\":1,\"name\":\"Home\",\"item\":\"https:\\\/\\\/tidypay.com\\\/de\\\/\"},{\"@type\":\"ListItem\",\"position\":2,\"name\":\"Elavon\"}]},{\"@type\":\"WebSite\",\"@id\":\"https:\\\/\\\/tidypay.com\\\/de\\\/#website\",\"url\":\"https:\\\/\\\/tidypay.com\\\/de\\\/\",\"name\":\"Tidypay | Deutschland\",\"description\":\"\",\"potentialAction\":[{\"@type\":\"SearchAction\",\"target\":{\"@type\":\"EntryPoint\",\"urlTemplate\":\"https:\\\/\\\/tidypay.com\\\/de\\\/?s={search_term_string}\"},\"query-input\":{\"@type\":\"PropertyValueSpecification\",\"valueRequired\":true,\"valueName\":\"search_term_string\"}}],\"inLanguage\":\"en-US\"}]}<\/script>\n<!-- \/ Yoast SEO plugin. -->","yoast_head_json":{"title":"Elavon - Tidypay | Deutschland","robots":{"index":"index","follow":"follow","max-snippet":"max-snippet:-1","max-image-preview":"max-image-preview:large","max-video-preview":"max-video-preview:-1"},"canonical":"https:\/\/tidypay.com\/de\/elavon\/","og_locale":"en_US","og_type":"article","og_title":"Elavon - Tidypay | Deutschland","og_description":"[et_pb_section fb_built=&#8221;1&#8243; _builder_version=&#8221;4.8.2&#8243; _module_preset=&#8221;default&#8221; background_enable_color=&#8221;off&#8221; background_image=&#8221;https:\/\/tidypay.com\/de\/wp-content\/uploads\/sites\/8\/2022\/06\/1280&#215;720-00001.jpg&#8221; background_size=&#8221;initial&#8221; min_height=&#8221;420px&#8221; custom_padding=&#8221;||23px|||&#8221; background_last_edited=&#8221;on|desktop&#8221; background_size_phone=&#8221;cover&#8221; box_shadow_style=&#8221;preset3&#8243; locked=&#8221;off&#8221;][\/et_pb_section][et_pb_section fb_built=&#8221;1&#8243; _builder_version=&#8221;4.9.6&#8243; background_enable_image=&#8221;off&#8221; background_size=&#8221;contain&#8221; background_position=&#8221;top_left&#8221; custom_css_main_element=&#8221;background-size: 100% auto !important;&#8221; locked=&#8221;off&#8221;][et_pb_row _builder_version=&#8221;4.9.6&#8243; background_enable_color=&#8221;off&#8221; width_tablet=&#8221;81%&#8221; width_phone=&#8221;80%&#8221; width_last_edited=&#8221;on|phone&#8221; custom_margin=&#8221;||||false|false&#8221; animation_style=&#8221;fade&#8221; locked=&#8221;off&#8221;][et_pb_column type=&#8221;4_4&#8243; _builder_version=&#8221;4.3.2&#8243;][et_pb_text _builder_version=&#8221;4.9.6&#8243; _module_preset=&#8221;default&#8221; text_text_color=&#8221;#1C1C1C&#8221; text_font_size=&#8221;22px&#8221; text_line_height=&#8221;1.4em&#8221; header_text_color=&#8221;#ff6600&#8243; header_font_size=&#8221;50px&#8221; header_2_text_align=&#8221;left&#8221; header_2_text_color=&#8221;#ff6600&#8243; header_2_font_size=&#8221;70px&#8221; header_3_text_color=&#8221;#ffffff&#8221; header_3_font_size=&#8221;30px&#8221; max_width=&#8221;800px&#8221; module_alignment=&#8221;center&#8221; custom_margin_tablet=&#8221;&#8221; custom_margin_phone=&#8221;11px||18px||false|false&#8221; custom_margin_last_edited=&#8221;on|phone&#8221; custom_padding=&#8221;||||false|false&#8221; header_font_size_tablet=&#8221;&#8221; header_font_size_phone=&#8221;45px&#8221; header_font_size_last_edited=&#8221;on|phone&#8221; header_2_font_size_tablet=&#8221;&#8221; [&hellip;]","og_url":"https:\/\/tidypay.com\/de\/elavon\/","og_site_name":"Tidypay | Deutschland","article_modified_time":"2022-06-29T13:24:27+00:00","twitter_card":"summary_large_image","schema":{"@context":"https:\/\/schema.org","@graph":[{"@type":"WebPage","@id":"https:\/\/tidypay.com\/de\/elavon\/","url":"https:\/\/tidypay.com\/de\/elavon\/","name":"Elavon - Tidypay | Deutschland","isPartOf":{"@id":"https:\/\/tidypay.com\/de\/#website"},"datePublished":"2022-06-15T10:30:59+00:00","dateModified":"2022-06-29T13:24:27+00:00","breadcrumb":{"@id":"https:\/\/tidypay.com\/de\/elavon\/#breadcrumb"},"inLanguage":"en-US","potentialAction":[{"@type":"ReadAction","target":["https:\/\/tidypay.com\/de\/elavon\/"]}]},{"@type":"BreadcrumbList","@id":"https:\/\/tidypay.com\/de\/elavon\/#breadcrumb","itemListElement":[{"@type":"ListItem","position":1,"name":"Home","item":"https:\/\/tidypay.com\/de\/"},{"@type":"ListItem","position":2,"name":"Elavon"}]},{"@type":"WebSite","@id":"https:\/\/tidypay.com\/de\/#website","url":"https:\/\/tidypay.com\/de\/","name":"Tidypay | Deutschland","description":"","potentialAction":[{"@type":"SearchAction","target":{"@type":"EntryPoint","urlTemplate":"https:\/\/tidypay.com\/de\/?s={search_term_string}"},"query-input":{"@type":"PropertyValueSpecification","valueRequired":true,"valueName":"search_term_string"}}],"inLanguage":"en-US"}]}},"_links":{"self":[{"href":"https:\/\/tidypay.com\/de\/wp-json\/wp\/v2\/pages\/137","targetHints":{"allow":["GET"]}}],"collection":[{"href":"https:\/\/tidypay.com\/de\/wp-json\/wp\/v2\/pages"}],"about":[{"href":"https:\/\/tidypay.com\/de\/wp-json\/wp\/v2\/types\/page"}],"author":[{"embeddable":true,"href":"https:\/\/tidypay.com\/de\/wp-json\/wp\/v2\/users\/34423"}],"replies":[{"embeddable":true,"href":"https:\/\/tidypay.com\/de\/wp-json\/wp\/v2\/comments?post=137"}],"version-history":[{"count":0,"href":"https:\/\/tidypay.com\/de\/wp-json\/wp\/v2\/pages\/137\/revisions"}],"wp:attachment":[{"href":"https:\/\/tidypay.com\/de\/wp-json\/wp\/v2\/media?parent=137"}],"curies":[{"name":"wp","href":"https:\/\/api.w.org\/{rel}","templated":true}]}}