{"id":141,"date":"2022-06-15T14:49:46","date_gmt":"2022-06-15T12:49:46","guid":{"rendered":"https:\/\/tidypay.com\/de\/?page_id=141"},"modified":"2022-06-29T15:24:21","modified_gmt":"2022-06-29T13:24:21","slug":"datenschutzerklaerung","status":"publish","type":"page","link":"https:\/\/tidypay.com\/de\/datenschutzerklaerung\/","title":{"rendered":"Datenschutzerklaerung"},"content":{"rendered":"<p>[et_pb_section fb_built=&#8221;1&#8243; _builder_version=&#8221;4.6.1&#8243; background_enable_color=&#8221;off&#8221; background_enable_image=&#8221;off&#8221;][et_pb_row _builder_version=&#8221;3.29.3&#8243; custom_margin=&#8221;||||false|false&#8221;][et_pb_column type=&#8221;4_4&#8243; _builder_version=&#8221;3.29.3&#8243;][et_pb_text _builder_version=&#8221;4.9.6&#8243; text_text_color=&#8221;#ffffff&#8221; text_font_size=&#8221;18px&#8221; header_text_color=&#8221;#ffffff&#8221; header_font_size=&#8221;60px&#8221; header_2_text_color=&#8221;#ffffff&#8221; header_2_font_size=&#8221;85px&#8221; header_3_text_color=&#8221;#ffffff&#8221; header_3_font_size=&#8221;30px&#8221; hover_enabled=&#8221;0&#8243; header_font_size_tablet=&#8221;&#8221; header_font_size_phone=&#8221;45px&#8221; header_font_size_last_edited=&#8221;on|phone&#8221; header_2_font_size_tablet=&#8221;&#8221; header_2_font_size_phone=&#8221;40px&#8221; header_2_font_size_last_edited=&#8221;on|desktop&#8221; content_last_edited=&#8221;on|phone&#8221; sticky_enabled=&#8221;0&#8243; content_tablet=&#8221;<\/p>\n<header class=%22entry-header%22>\n<header class=%22entry-header%22>\n<header class=%22entry-header%22>\n<header class=%22entry-header%22>\n<header class=%22entry-header%22>\n<header class=%22entry-header%22>\n<h1><span style=%22color: #000000;%22>ERLAUBNIS<\/span><br \/><span style=%22color: #000000;%22><\/span><\/h1>\n<p><strong><span style=%22color: #000000;%22>KAMERA:<\/span><\/strong><br \/><span style=%22color: #000000;%22>F\u00fcr die Verwendung der Kamerahardware des Telefons ist eine Erlaubnis erforderlich.<\/span><br \/><span style=%22color: #000000;%22>Sie kann nicht f\u00fcr andere Zwecke verwendet werden.<\/span><br \/><span style=%22color: #000000;%22>Sie ist f\u00fcr die Grundfunktion der Anwendung erforderlich.<\/span><\/p>\n<p><strong><span style=%22color: #000000;%22>TELEFONSTATUS LESEN:<\/span><\/strong><br \/><span style=%22color: #000000;%22>Diese Erlaubnis ist notwendig, um die Bluetooth-Verbindung zu Ger\u00e4ten einzustellen, und wird nur f\u00fcr diesen Zweck verwendet.<\/span><\/p>\n<p><strong><span style=%22color: #000000;%22>SPEICHERN IN EXTERNEM SPEICHER:<\/span><\/strong><br \/><span style=%22color: #000000;%22>Erlaubnis zum Speichern von Daten in externem Speicher.<\/span><\/p>\n<p><strong><span style=%22color: #000000;%22>RECHTLICHE WARNUNG:<\/span><\/strong><br \/><span style=%22color: #000000;%22>Alle betreffenden personenbezogenen Daten k\u00f6nnen nicht an Dritte und Unternehmen weitergegeben werden.<\/span><br \/><span style=%22color: #000000;%22>Sie werden in keiner Weise gespeichert.<\/span><br \/><span style=%22color: #000000;%22>Sie werden nicht f\u00fcr andere Zwecke als die Anwendungsfunktionen verwendet.<\/span><\/p>\n<\/header>\n<\/header>\n<\/header>\n<\/header>\n<\/header>\n<\/header>\n<p>&#8221; content_phone=&#8221;<\/p>\n<header class=%22entry-header%22>\n<header class=%22entry-header%22>\n<header class=%22entry-header%22>\n<header class=%22entry-header%22>\n<header class=%22entry-header%22>\n<header class=%22entry-header%22>\n<header class=%22entry-header%22>\n<header class=%22entry-header%22>\n<header class=%22entry-header%22>\n<h1><span style=%22color: #000000;%22>ERLAUBNIS<\/span><br \/><span style=%22color: #000000;%22><\/span><\/h1>\n<p><strong><span style=%22color: #000000;%22>KAMERA:<\/span><\/strong><br \/><span style=%22color: #000000;%22>F\u00fcr die Verwendung der Kamerahardware des Telefons ist eine Erlaubnis erforderlich.<\/span><br \/><span style=%22color: #000000;%22>Sie kann nicht f\u00fcr andere Zwecke verwendet werden.<\/span><br \/><span style=%22color: #000000;%22>Sie ist f\u00fcr die Grundfunktion der Anwendung erforderlich.<\/span><\/p>\n<p><strong><span style=%22color: #000000;%22>TELEFONSTATUS LESEN:<\/span><\/strong><br \/><span style=%22color: #000000;%22>Diese Erlaubnis ist notwendig, um die Bluetooth-Verbindung zu Ger\u00e4ten einzustellen, und wird nur f\u00fcr diesen Zweck verwendet.<\/span><\/p>\n<p><strong><span style=%22color: #000000;%22>SPEICHERN IN EXTERNEM SPEICHER:<\/span><\/strong><br \/><span style=%22color: #000000;%22>Erlaubnis zum Speichern von Daten in externem Speicher.<\/span><\/p>\n<p><strong><span style=%22color: #000000;%22>RECHTLICHE WARNUNG:<\/span><\/strong><br \/><span style=%22color: #000000;%22>Alle betreffenden personenbezogenen Daten k\u00f6nnen nicht an Dritte und Unternehmen weitergegeben werden.<\/span><br \/><span style=%22color: #000000;%22>Sie werden in keiner Weise gespeichert.<\/span><br \/><span style=%22color: #000000;%22>Sie werden nicht f\u00fcr andere Zwecke als die Anwendungsfunktionen verwendet.<\/span><\/p>\n<\/header>\n<\/header>\n<\/header>\n<\/header>\n<\/header>\n<\/header>\n<\/header>\n<\/header>\n<\/header>\n<p>&#8220;]<\/p>\n<header class=\"entry-header\">\n<header class=\"entry-header\">\n<header class=\"entry-header\">\n<h1><span style=\"color: #000000;\">ERLAUBNIS<\/span><br \/><span style=\"color: #000000;\"><\/span><\/h1>\n<p><strong><span style=\"color: #000000;\">KAMERA:<\/span><\/strong><br \/><span style=\"color: #000000;\">F\u00fcr die Verwendung der Kamerahardware des Telefons ist eine Erlaubnis erforderlich.<\/span><br \/><span style=\"color: #000000;\">Sie kann nicht f\u00fcr andere Zwecke verwendet werden.<\/span><br \/><span style=\"color: #000000;\">Sie ist f\u00fcr die Grundfunktion der Anwendung erforderlich.<\/span><\/p>\n<p><strong><span style=\"color: #000000;\">TELEFONSTATUS LESEN:<\/span><\/strong><br \/><span style=\"color: #000000;\">Diese Erlaubnis ist notwendig, um die Bluetooth-Verbindung zu Ger\u00e4ten einzustellen, und wird nur f\u00fcr diesen Zweck verwendet.<\/span><\/p>\n<p><strong><span style=\"color: #000000;\">SPEICHERN IN EXTERNEM SPEICHER:<\/span><\/strong><br \/><span style=\"color: #000000;\">Erlaubnis zum Speichern von Daten in externem Speicher.<\/span><\/p>\n<p><strong><span style=\"color: #000000;\">RECHTLICHE WARNUNG:<\/span><\/strong><br \/><span style=\"color: #000000;\">Alle betreffenden personenbezogenen Daten k\u00f6nnen nicht an Dritte und Unternehmen weitergegeben werden.<\/span><br \/><span style=\"color: #000000;\">Sie werden in keiner Weise gespeichert.<\/span><br \/><span style=\"color: #000000;\">Sie werden nicht f\u00fcr andere Zwecke als die Anwendungsfunktionen verwendet.<\/span><\/p>\n<\/header>\n<\/header>\n<\/header>\n<p>[\/et_pb_text][\/et_pb_column][\/et_pb_row][\/et_pb_section]<\/p>\n","protected":false},"excerpt":{"rendered":"<p>[et_pb_section fb_built=&#8221;1&#8243; _builder_version=&#8221;4.6.1&#8243; background_enable_color=&#8221;off&#8221; background_enable_image=&#8221;off&#8221;][et_pb_row _builder_version=&#8221;3.29.3&#8243; custom_margin=&#8221;||||false|false&#8221;][et_pb_column type=&#8221;4_4&#8243; _builder_version=&#8221;3.29.3&#8243;][et_pb_text _builder_version=&#8221;4.9.6&#8243; text_text_color=&#8221;#ffffff&#8221; text_font_size=&#8221;18px&#8221; header_text_color=&#8221;#ffffff&#8221; header_font_size=&#8221;60px&#8221; header_2_text_color=&#8221;#ffffff&#8221; header_2_font_size=&#8221;85px&#8221; header_3_text_color=&#8221;#ffffff&#8221; header_3_font_size=&#8221;30px&#8221; hover_enabled=&#8221;0&#8243; header_font_size_tablet=&#8221;&#8221; header_font_size_phone=&#8221;45px&#8221; header_font_size_last_edited=&#8221;on|phone&#8221; header_2_font_size_tablet=&#8221;&#8221; header_2_font_size_phone=&#8221;40px&#8221; header_2_font_size_last_edited=&#8221;on|desktop&#8221; content_last_edited=&#8221;on|phone&#8221; sticky_enabled=&#8221;0&#8243; content_tablet=&#8221; ERLAUBNIS KAMERA:F\u00fcr die Verwendung der Kamerahardware des Telefons ist eine Erlaubnis erforderlich.Sie kann nicht f\u00fcr andere Zwecke verwendet werden.Sie ist f\u00fcr die Grundfunktion der Anwendung erforderlich. TELEFONSTATUS [&hellip;]<\/p>\n","protected":false},"author":34423,"featured_media":0,"parent":0,"menu_order":0,"comment_status":"closed","ping_status":"closed","template":"","meta":{"_et_pb_use_builder":"on","_et_pb_old_content":"","_et_gb_content_width":"","footnotes":""},"class_list":["post-141","page","type-page","status-publish","hentry"],"yoast_head":"<!-- This site is optimized with the Yoast SEO plugin v27.4 - https:\/\/yoast.com\/product\/yoast-seo-wordpress\/ -->\n<title>Datenschutzerklaerung - Tidypay | Deutschland<\/title>\n<meta name=\"robots\" content=\"index, follow, max-snippet:-1, max-image-preview:large, max-video-preview:-1\" \/>\n<link rel=\"canonical\" href=\"https:\/\/tidypay.com\/de\/datenschutzerklaerung\/\" \/>\n<meta property=\"og:locale\" content=\"en_US\" \/>\n<meta property=\"og:type\" content=\"article\" \/>\n<meta property=\"og:title\" content=\"Datenschutzerklaerung - Tidypay | Deutschland\" \/>\n<meta property=\"og:description\" content=\"[et_pb_section fb_built=&#8221;1&#8243; _builder_version=&#8221;4.6.1&#8243; background_enable_color=&#8221;off&#8221; background_enable_image=&#8221;off&#8221;][et_pb_row _builder_version=&#8221;3.29.3&#8243; custom_margin=&#8221;||||false|false&#8221;][et_pb_column type=&#8221;4_4&#8243; _builder_version=&#8221;3.29.3&#8243;][et_pb_text _builder_version=&#8221;4.9.6&#8243; text_text_color=&#8221;#ffffff&#8221; text_font_size=&#8221;18px&#8221; header_text_color=&#8221;#ffffff&#8221; header_font_size=&#8221;60px&#8221; header_2_text_color=&#8221;#ffffff&#8221; header_2_font_size=&#8221;85px&#8221; header_3_text_color=&#8221;#ffffff&#8221; header_3_font_size=&#8221;30px&#8221; hover_enabled=&#8221;0&#8243; header_font_size_tablet=&#8221;&#8221; header_font_size_phone=&#8221;45px&#8221; header_font_size_last_edited=&#8221;on|phone&#8221; header_2_font_size_tablet=&#8221;&#8221; header_2_font_size_phone=&#8221;40px&#8221; header_2_font_size_last_edited=&#8221;on|desktop&#8221; content_last_edited=&#8221;on|phone&#8221; sticky_enabled=&#8221;0&#8243; content_tablet=&#8221; ERLAUBNIS KAMERA:F\u00fcr die Verwendung der Kamerahardware des Telefons ist eine Erlaubnis erforderlich.Sie kann nicht f\u00fcr andere Zwecke verwendet werden.Sie ist f\u00fcr die Grundfunktion der Anwendung erforderlich. TELEFONSTATUS [&hellip;]\" \/>\n<meta property=\"og:url\" content=\"https:\/\/tidypay.com\/de\/datenschutzerklaerung\/\" \/>\n<meta property=\"og:site_name\" content=\"Tidypay | Deutschland\" \/>\n<meta property=\"article:modified_time\" content=\"2022-06-29T13:24:21+00:00\" \/>\n<meta name=\"twitter:card\" content=\"summary_large_image\" \/>\n<script type=\"application\/ld+json\" class=\"yoast-schema-graph\">{\"@context\":\"https:\\\/\\\/schema.org\",\"@graph\":[{\"@type\":\"WebPage\",\"@id\":\"https:\\\/\\\/tidypay.com\\\/de\\\/datenschutzerklaerung\\\/\",\"url\":\"https:\\\/\\\/tidypay.com\\\/de\\\/datenschutzerklaerung\\\/\",\"name\":\"Datenschutzerklaerung - Tidypay | Deutschland\",\"isPartOf\":{\"@id\":\"https:\\\/\\\/tidypay.com\\\/de\\\/#website\"},\"datePublished\":\"2022-06-15T12:49:46+00:00\",\"dateModified\":\"2022-06-29T13:24:21+00:00\",\"breadcrumb\":{\"@id\":\"https:\\\/\\\/tidypay.com\\\/de\\\/datenschutzerklaerung\\\/#breadcrumb\"},\"inLanguage\":\"en-US\",\"potentialAction\":[{\"@type\":\"ReadAction\",\"target\":[\"https:\\\/\\\/tidypay.com\\\/de\\\/datenschutzerklaerung\\\/\"]}]},{\"@type\":\"BreadcrumbList\",\"@id\":\"https:\\\/\\\/tidypay.com\\\/de\\\/datenschutzerklaerung\\\/#breadcrumb\",\"itemListElement\":[{\"@type\":\"ListItem\",\"position\":1,\"name\":\"Home\",\"item\":\"https:\\\/\\\/tidypay.com\\\/de\\\/\"},{\"@type\":\"ListItem\",\"position\":2,\"name\":\"Datenschutzerklaerung\"}]},{\"@type\":\"WebSite\",\"@id\":\"https:\\\/\\\/tidypay.com\\\/de\\\/#website\",\"url\":\"https:\\\/\\\/tidypay.com\\\/de\\\/\",\"name\":\"Tidypay | Deutschland\",\"description\":\"\",\"potentialAction\":[{\"@type\":\"SearchAction\",\"target\":{\"@type\":\"EntryPoint\",\"urlTemplate\":\"https:\\\/\\\/tidypay.com\\\/de\\\/?s={search_term_string}\"},\"query-input\":{\"@type\":\"PropertyValueSpecification\",\"valueRequired\":true,\"valueName\":\"search_term_string\"}}],\"inLanguage\":\"en-US\"}]}<\/script>\n<!-- \/ Yoast SEO plugin. -->","yoast_head_json":{"title":"Datenschutzerklaerung - Tidypay | Deutschland","robots":{"index":"index","follow":"follow","max-snippet":"max-snippet:-1","max-image-preview":"max-image-preview:large","max-video-preview":"max-video-preview:-1"},"canonical":"https:\/\/tidypay.com\/de\/datenschutzerklaerung\/","og_locale":"en_US","og_type":"article","og_title":"Datenschutzerklaerung - Tidypay | Deutschland","og_description":"[et_pb_section fb_built=&#8221;1&#8243; _builder_version=&#8221;4.6.1&#8243; background_enable_color=&#8221;off&#8221; background_enable_image=&#8221;off&#8221;][et_pb_row _builder_version=&#8221;3.29.3&#8243; custom_margin=&#8221;||||false|false&#8221;][et_pb_column type=&#8221;4_4&#8243; _builder_version=&#8221;3.29.3&#8243;][et_pb_text _builder_version=&#8221;4.9.6&#8243; text_text_color=&#8221;#ffffff&#8221; text_font_size=&#8221;18px&#8221; header_text_color=&#8221;#ffffff&#8221; header_font_size=&#8221;60px&#8221; header_2_text_color=&#8221;#ffffff&#8221; header_2_font_size=&#8221;85px&#8221; header_3_text_color=&#8221;#ffffff&#8221; header_3_font_size=&#8221;30px&#8221; hover_enabled=&#8221;0&#8243; header_font_size_tablet=&#8221;&#8221; header_font_size_phone=&#8221;45px&#8221; header_font_size_last_edited=&#8221;on|phone&#8221; header_2_font_size_tablet=&#8221;&#8221; header_2_font_size_phone=&#8221;40px&#8221; header_2_font_size_last_edited=&#8221;on|desktop&#8221; content_last_edited=&#8221;on|phone&#8221; sticky_enabled=&#8221;0&#8243; content_tablet=&#8221; ERLAUBNIS KAMERA:F\u00fcr die Verwendung der Kamerahardware des Telefons ist eine Erlaubnis erforderlich.Sie kann nicht f\u00fcr andere Zwecke verwendet werden.Sie ist f\u00fcr die Grundfunktion der Anwendung erforderlich. TELEFONSTATUS [&hellip;]","og_url":"https:\/\/tidypay.com\/de\/datenschutzerklaerung\/","og_site_name":"Tidypay | Deutschland","article_modified_time":"2022-06-29T13:24:21+00:00","twitter_card":"summary_large_image","schema":{"@context":"https:\/\/schema.org","@graph":[{"@type":"WebPage","@id":"https:\/\/tidypay.com\/de\/datenschutzerklaerung\/","url":"https:\/\/tidypay.com\/de\/datenschutzerklaerung\/","name":"Datenschutzerklaerung - Tidypay | Deutschland","isPartOf":{"@id":"https:\/\/tidypay.com\/de\/#website"},"datePublished":"2022-06-15T12:49:46+00:00","dateModified":"2022-06-29T13:24:21+00:00","breadcrumb":{"@id":"https:\/\/tidypay.com\/de\/datenschutzerklaerung\/#breadcrumb"},"inLanguage":"en-US","potentialAction":[{"@type":"ReadAction","target":["https:\/\/tidypay.com\/de\/datenschutzerklaerung\/"]}]},{"@type":"BreadcrumbList","@id":"https:\/\/tidypay.com\/de\/datenschutzerklaerung\/#breadcrumb","itemListElement":[{"@type":"ListItem","position":1,"name":"Home","item":"https:\/\/tidypay.com\/de\/"},{"@type":"ListItem","position":2,"name":"Datenschutzerklaerung"}]},{"@type":"WebSite","@id":"https:\/\/tidypay.com\/de\/#website","url":"https:\/\/tidypay.com\/de\/","name":"Tidypay | Deutschland","description":"","potentialAction":[{"@type":"SearchAction","target":{"@type":"EntryPoint","urlTemplate":"https:\/\/tidypay.com\/de\/?s={search_term_string}"},"query-input":{"@type":"PropertyValueSpecification","valueRequired":true,"valueName":"search_term_string"}}],"inLanguage":"en-US"}]}},"_links":{"self":[{"href":"https:\/\/tidypay.com\/de\/wp-json\/wp\/v2\/pages\/141","targetHints":{"allow":["GET"]}}],"collection":[{"href":"https:\/\/tidypay.com\/de\/wp-json\/wp\/v2\/pages"}],"about":[{"href":"https:\/\/tidypay.com\/de\/wp-json\/wp\/v2\/types\/page"}],"author":[{"embeddable":true,"href":"https:\/\/tidypay.com\/de\/wp-json\/wp\/v2\/users\/34423"}],"replies":[{"embeddable":true,"href":"https:\/\/tidypay.com\/de\/wp-json\/wp\/v2\/comments?post=141"}],"version-history":[{"count":0,"href":"https:\/\/tidypay.com\/de\/wp-json\/wp\/v2\/pages\/141\/revisions"}],"wp:attachment":[{"href":"https:\/\/tidypay.com\/de\/wp-json\/wp\/v2\/media?parent=141"}],"curies":[{"name":"wp","href":"https:\/\/api.w.org\/{rel}","templated":true}]}}