{"id":26126,"date":"2022-04-18T21:47:44","date_gmt":"2022-04-18T21:47:44","guid":{"rendered":"https:\/\/tidypay.com\/dk\/?page_id=26126"},"modified":"2022-05-19T13:56:37","modified_gmt":"2022-05-19T13:56:37","slug":"elavon","status":"publish","type":"page","link":"https:\/\/tidypay.com\/dk\/elavon\/","title":{"rendered":"Elavon"},"content":{"rendered":"<p>[et_pb_section fb_built=&#8221;1&#8243; _builder_version=&#8221;4.8.2&#8243; _module_preset=&#8221;default&#8221; background_enable_color=&#8221;off&#8221; background_image=&#8221;https:\/\/tidypay.com\/dk\/wp-content\/uploads\/sites\/5\/2022\/04\/1280&#215;720-00001.jpg&#8221; background_size=&#8221;initial&#8221; min_height=&#8221;420px&#8221; custom_padding=&#8221;||23px|||&#8221; background_last_edited=&#8221;on|desktop&#8221; background_size_phone=&#8221;cover&#8221; box_shadow_style=&#8221;preset3&#8243; locked=&#8221;off&#8221;][\/et_pb_section][et_pb_section fb_built=&#8221;1&#8243; _builder_version=&#8221;4.9.6&#8243; background_enable_image=&#8221;off&#8221; background_size=&#8221;contain&#8221; background_position=&#8221;top_left&#8221; custom_css_main_element=&#8221;background-size: 100% auto !important;&#8221; locked=&#8221;off&#8221;][et_pb_row _builder_version=&#8221;4.9.6&#8243; background_enable_color=&#8221;off&#8221; width_tablet=&#8221;81%&#8221; width_phone=&#8221;80%&#8221; width_last_edited=&#8221;on|phone&#8221; custom_margin=&#8221;||||false|false&#8221; animation_style=&#8221;fade&#8221; locked=&#8221;off&#8221;][et_pb_column type=&#8221;4_4&#8243; _builder_version=&#8221;4.3.2&#8243;][et_pb_text _builder_version=&#8221;4.9.6&#8243; _module_preset=&#8221;default&#8221; text_text_color=&#8221;#1C1C1C&#8221; text_font_size=&#8221;22px&#8221; text_line_height=&#8221;1.4em&#8221; header_text_color=&#8221;#ff6600&#8243; header_font_size=&#8221;50px&#8221; header_2_text_align=&#8221;left&#8221; header_2_text_color=&#8221;#ff6600&#8243; header_2_font_size=&#8221;70px&#8221; header_3_text_color=&#8221;#ffffff&#8221; header_3_font_size=&#8221;30px&#8221; max_width=&#8221;800px&#8221; module_alignment=&#8221;center&#8221; custom_margin_tablet=&#8221;&#8221; custom_margin_phone=&#8221;11px||18px||false|false&#8221; custom_margin_last_edited=&#8221;on|phone&#8221; custom_padding=&#8221;||||false|false&#8221; header_font_size_tablet=&#8221;&#8221; header_font_size_phone=&#8221;45px&#8221; header_font_size_last_edited=&#8221;on|phone&#8221; header_2_font_size_tablet=&#8221;&#8221; header_2_font_size_phone=&#8221;40px&#8221; header_2_font_size_last_edited=&#8221;on|desktop&#8221; locked=&#8221;off&#8221;]<\/p>\n<h1 class=\"p1\" style=\"text-align: center;\">Tidypay &amp; Elavon<\/h1>\n<p>[\/et_pb_text][et_pb_text _builder_version=&#8221;4.9.6&#8243; _module_preset=&#8221;default&#8221; text_text_color=&#8221;#1C1C1C&#8221; text_font_size=&#8221;22px&#8221; text_line_height=&#8221;1.4em&#8221; header_text_color=&#8221;#ff6600&#8243; header_font_size=&#8221;50px&#8221; header_2_text_align=&#8221;left&#8221; header_2_text_color=&#8221;#ff6600&#8243; header_2_font_size=&#8221;70px&#8221; header_3_text_color=&#8221;#ffffff&#8221; header_3_font_size=&#8221;30px&#8221; max_width=&#8221;850px&#8221; module_alignment=&#8221;center&#8221; custom_margin_tablet=&#8221;&#8221; custom_margin_phone=&#8221;11px||18px||false|false&#8221; custom_margin_last_edited=&#8221;on|phone&#8221; custom_padding=&#8221;||50px||false|false&#8221; hover_enabled=&#8221;0&#8243; header_font_size_tablet=&#8221;&#8221; header_font_size_phone=&#8221;45px&#8221; header_font_size_last_edited=&#8221;on|phone&#8221; header_2_font_size_tablet=&#8221;&#8221; header_2_font_size_phone=&#8221;40px&#8221; header_2_font_size_last_edited=&#8221;on|desktop&#8221; locked=&#8221;off&#8221; content_last_edited=&#8221;on|phone&#8221; sticky_enabled=&#8221;0&#8243;]<\/p>\n<p>Elavon s\u00f8rger for sikre og problemfri transaktioner for alle typer virksomheder.<br \/>Vi h\u00e5ndterer dagligt korttransaktioner med Visa, Mastercard, JCB, UnionPay, Diners Club og American Express for over 2 millioner kunder verden over. Vipps og betalinger som ApplePay, Samsung Pay, Fitbit Pay osv. underst\u00f8tter vi ogs\u00e5. Vi f\u00f8lger altid det seneste inden for betalingsmuligheder. Det giver dig mulighed for at tilbyde den nyeste og bedste m\u00e5de at betale p\u00e5 til dine kunder.<\/p>\n<p>Lad dine kunder v\u00e6lge, hvordan de vil betale.<\/p>\n<p>[\/et_pb_text][\/et_pb_column][\/et_pb_row][et_pb_row column_structure=&#8221;1_3,1_3,1_3&#8243; _builder_version=&#8221;4.9.6&#8243; _module_preset=&#8221;default&#8221; custom_margin=&#8221;||||false|false&#8221; custom_padding=&#8221;42px|||||&#8221; locked=&#8221;off&#8221;][et_pb_column type=&#8221;1_3&#8243; _builder_version=&#8221;4.9.6&#8243; _module_preset=&#8221;default&#8221; animation_style=&#8221;fade&#8221; animation_duration=&#8221;1050ms&#8221; border_radii=&#8221;on|10px|10px|10px|10px&#8221; box_shadow_style=&#8221;preset1&#8243;][et_pb_text _builder_version=&#8221;4.9.6&#8243; text_text_color=&#8221;#1c1c1c&#8221; text_font_size=&#8221;20px&#8221; header_text_color=&#8221;#1c1c1c&#8221; header_font_size=&#8221;60px&#8221; header_2_text_color=&#8221;#ffffff&#8221; header_2_font_size=&#8221;85px&#8221; header_3_text_color=&#8221;#ff6600&#8243; header_3_font_size=&#8221;30px&#8221; text_orientation=&#8221;center&#8221; max_width=&#8221;600px&#8221; module_alignment=&#8221;center&#8221; custom_margin=&#8221;30px||30px||true|false&#8221; custom_padding=&#8221;|20px||20px|false|true&#8221; hover_enabled=&#8221;0&#8243; header_font_size_tablet=&#8221;&#8221; header_font_size_phone=&#8221;45px&#8221; header_font_size_last_edited=&#8221;on|phone&#8221; header_2_font_size_tablet=&#8221;&#8221; header_2_font_size_phone=&#8221;40px&#8221; header_2_font_size_last_edited=&#8221;on|desktop&#8221; locked=&#8221;off&#8221; content_last_edited=&#8221;on|phone&#8221; sticky_enabled=&#8221;0&#8243;]<\/p>\n<h3 class=\"p1\"><span class=\"s1\">1.<\/span><\/h3>\n<p class=\"p1\"><span style=\"font-weight: 400;\">Nemt at bruge og altid sikker. Du kan regne med Elavons e-handelsl\u00f8sninger i partnerskab med Tidypay.<\/span><\/p>\n<p>[\/et_pb_text][\/et_pb_column][et_pb_column type=&#8221;1_3&#8243; _builder_version=&#8221;4.9.6&#8243; _module_preset=&#8221;default&#8221; animation_style=&#8221;fade&#8221; animation_duration=&#8221;1050ms&#8221; animation_delay=&#8221;50ms&#8221; border_radii=&#8221;on|10px|10px|10px|10px&#8221; box_shadow_style=&#8221;preset1&#8243;][et_pb_text _builder_version=&#8221;4.9.6&#8243; text_text_color=&#8221;#1c1c1c&#8221; text_font_size=&#8221;20px&#8221; header_text_color=&#8221;#1c1c1c&#8221; header_font_size=&#8221;60px&#8221; header_2_text_color=&#8221;#ffffff&#8221; header_2_font_size=&#8221;85px&#8221; header_3_text_color=&#8221;#ff6600&#8243; header_3_font_size=&#8221;30px&#8221; text_orientation=&#8221;center&#8221; max_width=&#8221;600px&#8221; module_alignment=&#8221;center&#8221; custom_margin=&#8221;30px||30px||true|false&#8221; custom_padding=&#8221;|20px||20px|false|true&#8221; hover_enabled=&#8221;0&#8243; header_font_size_tablet=&#8221;&#8221; header_font_size_phone=&#8221;45px&#8221; header_font_size_last_edited=&#8221;on|phone&#8221; header_2_font_size_tablet=&#8221;&#8221; header_2_font_size_phone=&#8221;40px&#8221; header_2_font_size_last_edited=&#8221;on|desktop&#8221; locked=&#8221;off&#8221; content_last_edited=&#8221;on|phone&#8221; sticky_enabled=&#8221;0&#8243;]<\/p>\n<h3 class=\"p1\"><span class=\"s1\">2.<\/span><\/h3>\n<p class=\"p1\"><span style=\"font-weight: 400;\">Vores specialiserede l\u00f8sninger er udviklet til at opfylde de unikke behov i din branche. <\/span><br \/><span class=\"s1\"><\/span><\/p>\n<p>[\/et_pb_text][\/et_pb_column][et_pb_column type=&#8221;1_3&#8243; _builder_version=&#8221;4.9.6&#8243; _module_preset=&#8221;default&#8221; animation_style=&#8221;fade&#8221; animation_duration=&#8221;1100ms&#8221; animation_delay=&#8221;100ms&#8221; border_radii=&#8221;on|10px|10px|10px|10px&#8221; box_shadow_style=&#8221;preset1&#8243;][et_pb_text _builder_version=&#8221;4.9.6&#8243; text_text_color=&#8221;#1c1c1c&#8221; text_font_size=&#8221;20px&#8221; header_text_color=&#8221;#1c1c1c&#8221; header_font_size=&#8221;60px&#8221; header_2_text_color=&#8221;#ffffff&#8221; header_2_font_size=&#8221;85px&#8221; header_3_text_color=&#8221;#ff6600&#8243; header_3_font_size=&#8221;30px&#8221; text_orientation=&#8221;center&#8221; max_width=&#8221;600px&#8221; module_alignment=&#8221;center&#8221; custom_margin=&#8221;30px||30px||true|false&#8221; custom_padding=&#8221;|20px||20px|false|true&#8221; hover_enabled=&#8221;0&#8243; header_font_size_tablet=&#8221;&#8221; header_font_size_phone=&#8221;45px&#8221; header_font_size_last_edited=&#8221;on|phone&#8221; header_2_font_size_tablet=&#8221;&#8221; header_2_font_size_phone=&#8221;40px&#8221; header_2_font_size_last_edited=&#8221;on|desktop&#8221; locked=&#8221;off&#8221; content_last_edited=&#8221;on|phone&#8221; sticky_enabled=&#8221;0&#8243;]<\/p>\n<h3 class=\"p1\"><span class=\"s1\">3.<\/span><\/h3>\n<div id=\"main\">\n<div class=\"fusion-fullwidth fullwidth-box fusion-parallax-none nonhundred-percent-fullwidth toptags\">\n<div class=\"fusion-row\">\n<div class=\"fusion-one-third fusion-layout-column fusion-column-last fusion-spacing-yes\">\n<div class=\"fusion-column-wrapper\">\n<div class=\"main-menu-tag\">\n<p><span style=\"font-weight: 400;\">Med Elavon, en top fem global betalingsudbyder, og Tidypay betalingsportal\u00a0 til butikker og onlinehandel f\u00e5r du en unik og innovativ m\u00e5de at integrere betalinger p\u00e5.<\/span><\/p>\n<\/div>\n<\/div>\n<\/div>\n<\/div>\n<\/div>\n<\/div>\n<p>[\/et_pb_text][\/et_pb_column][\/et_pb_row][et_pb_row column_structure=&#8221;1_2,1_2&#8243; _builder_version=&#8221;4.9.6&#8243; custom_margin=&#8221;80px||||false|false&#8221; custom_margin_tablet=&#8221;&#8221; custom_margin_phone=&#8221;&#8221; custom_margin_last_edited=&#8221;on|phone&#8221; custom_padding=&#8221;38px|||||&#8221; animation_style=&#8221;slide&#8221; animation_duration=&#8221;1100ms&#8221; locked=&#8221;off&#8221;][et_pb_column type=&#8221;1_2&#8243; _builder_version=&#8221;4.3.2&#8243;][et_pb_video src=&#8221;https:\/\/www.youtube.com\/watch?v=svJtjzBSVh0&#038;ab_channel=elavon&#8221; _builder_version=&#8221;4.8.2&#8243;][\/et_pb_video][\/et_pb_column][et_pb_column type=&#8221;1_2&#8243; _builder_version=&#8221;4.6.1&#8243; _module_preset=&#8221;default&#8221;][et_pb_text _builder_version=&#8221;4.9.6&#8243; _module_preset=&#8221;default&#8221; text_text_color=&#8221;#1C1C1C&#8221; text_font_size=&#8221;22px&#8221; text_line_height=&#8221;1.4em&#8221; header_text_color=&#8221;#ff6600&#8243; header_font_size=&#8221;50px&#8221; header_2_text_align=&#8221;left&#8221; header_2_text_color=&#8221;#ff6600&#8243; header_2_font_size=&#8221;70px&#8221; header_3_text_color=&#8221;#ffffff&#8221; header_3_font_size=&#8221;30px&#8221; max_width=&#8221;800px&#8221; module_alignment=&#8221;center&#8221; custom_margin_tablet=&#8221;&#8221; custom_margin_phone=&#8221;11px||18px||false|false&#8221; custom_margin_last_edited=&#8221;on|phone&#8221; custom_padding=&#8221;||||false|false&#8221; animation_style=&#8221;fade&#8221; hover_enabled=&#8221;0&#8243; header_font_size_tablet=&#8221;&#8221; header_font_size_phone=&#8221;45px&#8221; header_font_size_last_edited=&#8221;on|phone&#8221; header_2_font_size_tablet=&#8221;&#8221; header_2_font_size_phone=&#8221;40px&#8221; header_2_font_size_last_edited=&#8221;on|desktop&#8221; locked=&#8221;off&#8221; content_last_edited=&#8221;on|phone&#8221; sticky_enabled=&#8221;0&#8243;]<\/p>\n<p>&#8220;Elavon er den innovative, sikre og globale partner til alle dine behov inden for betalingsh\u00e5ndtering. hvad enten du driver forretning online, mobil eller fysisk. I mere end 25 \u00e5r har Elavon v\u00e6ret f\u00f8rende inden for betalingsbehandling og udnyttet verdens bedste teknologier til vores partnere \u2013 fra store, globale virksomheder til lokalt ejede sm\u00e5 virksomheder.&#8221;<span style=\"color: #000000;\"><\/span><\/p>\n<p>[\/et_pb_text][et_pb_button button_url=&#8221;https:\/\/www.elavon.com\/index.html&#8221; url_new_window=&#8221;on&#8221; button_text=&#8221;Udforsk Elavon&#8221; button_alignment=&#8221;center&#8221; _builder_version=&#8221;4.9.6&#8243; _module_preset=&#8221;default&#8221; custom_button=&#8221;on&#8221; button_text_size=&#8221;16px&#8221; button_text_color=&#8221;#1c1c1c&#8221; button_bg_color=&#8221;#ff6600&#8243; button_letter_spacing=&#8221;0px&#8221; custom_padding=&#8221;||||false|false&#8221; hover_enabled=&#8221;0&#8243; button_bg_color__hover_enabled=&#8221;on|hover&#8221; sticky_enabled=&#8221;0&#8243;][\/et_pb_button][\/et_pb_column][\/et_pb_row][\/et_pb_section]<\/p>\n","protected":false},"excerpt":{"rendered":"<p>[et_pb_section fb_built=&#8221;1&#8243; _builder_version=&#8221;4.8.2&#8243; _module_preset=&#8221;default&#8221; background_enable_color=&#8221;off&#8221; background_image=&#8221;https:\/\/tidypay.com\/dk\/wp-content\/uploads\/sites\/5\/2022\/04\/1280&#215;720-00001.jpg&#8221; background_size=&#8221;initial&#8221; min_height=&#8221;420px&#8221; custom_padding=&#8221;||23px|||&#8221; background_last_edited=&#8221;on|desktop&#8221; background_size_phone=&#8221;cover&#8221; box_shadow_style=&#8221;preset3&#8243; locked=&#8221;off&#8221;][\/et_pb_section][et_pb_section fb_built=&#8221;1&#8243; _builder_version=&#8221;4.9.6&#8243; background_enable_image=&#8221;off&#8221; background_size=&#8221;contain&#8221; background_position=&#8221;top_left&#8221; custom_css_main_element=&#8221;background-size: 100% auto !important;&#8221; locked=&#8221;off&#8221;][et_pb_row _builder_version=&#8221;4.9.6&#8243; background_enable_color=&#8221;off&#8221; width_tablet=&#8221;81%&#8221; width_phone=&#8221;80%&#8221; width_last_edited=&#8221;on|phone&#8221; custom_margin=&#8221;||||false|false&#8221; animation_style=&#8221;fade&#8221; locked=&#8221;off&#8221;][et_pb_column type=&#8221;4_4&#8243; _builder_version=&#8221;4.3.2&#8243;][et_pb_text _builder_version=&#8221;4.9.6&#8243; _module_preset=&#8221;default&#8221; text_text_color=&#8221;#1C1C1C&#8221; text_font_size=&#8221;22px&#8221; text_line_height=&#8221;1.4em&#8221; header_text_color=&#8221;#ff6600&#8243; header_font_size=&#8221;50px&#8221; header_2_text_align=&#8221;left&#8221; header_2_text_color=&#8221;#ff6600&#8243; header_2_font_size=&#8221;70px&#8221; header_3_text_color=&#8221;#ffffff&#8221; header_3_font_size=&#8221;30px&#8221; max_width=&#8221;800px&#8221; module_alignment=&#8221;center&#8221; custom_margin_tablet=&#8221;&#8221; custom_margin_phone=&#8221;11px||18px||false|false&#8221; custom_margin_last_edited=&#8221;on|phone&#8221; custom_padding=&#8221;||||false|false&#8221; header_font_size_tablet=&#8221;&#8221; header_font_size_phone=&#8221;45px&#8221; header_font_size_last_edited=&#8221;on|phone&#8221; header_2_font_size_tablet=&#8221;&#8221; [&hellip;]<\/p>\n","protected":false},"author":34423,"featured_media":0,"parent":0,"menu_order":0,"comment_status":"closed","ping_status":"closed","template":"","meta":{"_et_pb_use_builder":"on","_et_pb_old_content":"","_et_gb_content_width":"","footnotes":""},"class_list":["post-26126","page","type-page","status-publish","hentry"],"yoast_head":"<!-- This site is optimized with the Yoast SEO plugin v27.4 - https:\/\/yoast.com\/product\/yoast-seo-wordpress\/ -->\n<title>Elavon - Tidypay | Danmark<\/title>\n<meta name=\"robots\" content=\"index, follow, max-snippet:-1, max-image-preview:large, max-video-preview:-1\" \/>\n<link rel=\"canonical\" href=\"https:\/\/tidypay.com\/dk\/elavon\/\" \/>\n<meta property=\"og:locale\" content=\"da_DK\" \/>\n<meta property=\"og:type\" content=\"article\" \/>\n<meta property=\"og:title\" content=\"Elavon - Tidypay | Danmark\" \/>\n<meta property=\"og:description\" content=\"[et_pb_section fb_built=&#8221;1&#8243; _builder_version=&#8221;4.8.2&#8243; _module_preset=&#8221;default&#8221; background_enable_color=&#8221;off&#8221; background_image=&#8221;https:\/\/tidypay.com\/dk\/wp-content\/uploads\/sites\/5\/2022\/04\/1280&#215;720-00001.jpg&#8221; background_size=&#8221;initial&#8221; min_height=&#8221;420px&#8221; custom_padding=&#8221;||23px|||&#8221; background_last_edited=&#8221;on|desktop&#8221; background_size_phone=&#8221;cover&#8221; box_shadow_style=&#8221;preset3&#8243; locked=&#8221;off&#8221;][\/et_pb_section][et_pb_section fb_built=&#8221;1&#8243; _builder_version=&#8221;4.9.6&#8243; background_enable_image=&#8221;off&#8221; background_size=&#8221;contain&#8221; background_position=&#8221;top_left&#8221; custom_css_main_element=&#8221;background-size: 100% auto !important;&#8221; locked=&#8221;off&#8221;][et_pb_row _builder_version=&#8221;4.9.6&#8243; background_enable_color=&#8221;off&#8221; width_tablet=&#8221;81%&#8221; width_phone=&#8221;80%&#8221; width_last_edited=&#8221;on|phone&#8221; custom_margin=&#8221;||||false|false&#8221; animation_style=&#8221;fade&#8221; locked=&#8221;off&#8221;][et_pb_column type=&#8221;4_4&#8243; _builder_version=&#8221;4.3.2&#8243;][et_pb_text _builder_version=&#8221;4.9.6&#8243; _module_preset=&#8221;default&#8221; text_text_color=&#8221;#1C1C1C&#8221; text_font_size=&#8221;22px&#8221; text_line_height=&#8221;1.4em&#8221; header_text_color=&#8221;#ff6600&#8243; header_font_size=&#8221;50px&#8221; header_2_text_align=&#8221;left&#8221; header_2_text_color=&#8221;#ff6600&#8243; header_2_font_size=&#8221;70px&#8221; header_3_text_color=&#8221;#ffffff&#8221; header_3_font_size=&#8221;30px&#8221; max_width=&#8221;800px&#8221; module_alignment=&#8221;center&#8221; custom_margin_tablet=&#8221;&#8221; custom_margin_phone=&#8221;11px||18px||false|false&#8221; custom_margin_last_edited=&#8221;on|phone&#8221; custom_padding=&#8221;||||false|false&#8221; header_font_size_tablet=&#8221;&#8221; header_font_size_phone=&#8221;45px&#8221; header_font_size_last_edited=&#8221;on|phone&#8221; header_2_font_size_tablet=&#8221;&#8221; [&hellip;]\" \/>\n<meta property=\"og:url\" content=\"https:\/\/tidypay.com\/dk\/elavon\/\" \/>\n<meta property=\"og:site_name\" content=\"Tidypay | Danmark\" \/>\n<meta property=\"article:modified_time\" content=\"2022-05-19T13:56:37+00:00\" \/>\n<meta name=\"twitter:card\" content=\"summary_large_image\" \/>\n<script type=\"application\/ld+json\" class=\"yoast-schema-graph\">{\"@context\":\"https:\\\/\\\/schema.org\",\"@graph\":[{\"@type\":\"WebPage\",\"@id\":\"https:\\\/\\\/tidypay.com\\\/dk\\\/elavon\\\/\",\"url\":\"https:\\\/\\\/tidypay.com\\\/dk\\\/elavon\\\/\",\"name\":\"Elavon - Tidypay | Danmark\",\"isPartOf\":{\"@id\":\"https:\\\/\\\/tidypay.com\\\/dk\\\/#website\"},\"datePublished\":\"2022-04-18T21:47:44+00:00\",\"dateModified\":\"2022-05-19T13:56:37+00:00\",\"breadcrumb\":{\"@id\":\"https:\\\/\\\/tidypay.com\\\/dk\\\/elavon\\\/#breadcrumb\"},\"inLanguage\":\"da-DK\",\"potentialAction\":[{\"@type\":\"ReadAction\",\"target\":[\"https:\\\/\\\/tidypay.com\\\/dk\\\/elavon\\\/\"]}]},{\"@type\":\"BreadcrumbList\",\"@id\":\"https:\\\/\\\/tidypay.com\\\/dk\\\/elavon\\\/#breadcrumb\",\"itemListElement\":[{\"@type\":\"ListItem\",\"position\":1,\"name\":\"Home\",\"item\":\"https:\\\/\\\/tidypay.com\\\/dk\\\/\"},{\"@type\":\"ListItem\",\"position\":2,\"name\":\"Elavon\"}]},{\"@type\":\"WebSite\",\"@id\":\"https:\\\/\\\/tidypay.com\\\/dk\\\/#website\",\"url\":\"https:\\\/\\\/tidypay.com\\\/dk\\\/\",\"name\":\"Tidypay | Danmark\",\"description\":\"\",\"potentialAction\":[{\"@type\":\"SearchAction\",\"target\":{\"@type\":\"EntryPoint\",\"urlTemplate\":\"https:\\\/\\\/tidypay.com\\\/dk\\\/?s={search_term_string}\"},\"query-input\":{\"@type\":\"PropertyValueSpecification\",\"valueRequired\":true,\"valueName\":\"search_term_string\"}}],\"inLanguage\":\"da-DK\"}]}<\/script>\n<!-- \/ Yoast SEO plugin. -->","yoast_head_json":{"title":"Elavon - Tidypay | Danmark","robots":{"index":"index","follow":"follow","max-snippet":"max-snippet:-1","max-image-preview":"max-image-preview:large","max-video-preview":"max-video-preview:-1"},"canonical":"https:\/\/tidypay.com\/dk\/elavon\/","og_locale":"da_DK","og_type":"article","og_title":"Elavon - Tidypay | Danmark","og_description":"[et_pb_section fb_built=&#8221;1&#8243; _builder_version=&#8221;4.8.2&#8243; _module_preset=&#8221;default&#8221; background_enable_color=&#8221;off&#8221; background_image=&#8221;https:\/\/tidypay.com\/dk\/wp-content\/uploads\/sites\/5\/2022\/04\/1280&#215;720-00001.jpg&#8221; background_size=&#8221;initial&#8221; min_height=&#8221;420px&#8221; custom_padding=&#8221;||23px|||&#8221; background_last_edited=&#8221;on|desktop&#8221; background_size_phone=&#8221;cover&#8221; box_shadow_style=&#8221;preset3&#8243; locked=&#8221;off&#8221;][\/et_pb_section][et_pb_section fb_built=&#8221;1&#8243; _builder_version=&#8221;4.9.6&#8243; background_enable_image=&#8221;off&#8221; background_size=&#8221;contain&#8221; background_position=&#8221;top_left&#8221; custom_css_main_element=&#8221;background-size: 100% auto !important;&#8221; locked=&#8221;off&#8221;][et_pb_row _builder_version=&#8221;4.9.6&#8243; background_enable_color=&#8221;off&#8221; width_tablet=&#8221;81%&#8221; width_phone=&#8221;80%&#8221; width_last_edited=&#8221;on|phone&#8221; custom_margin=&#8221;||||false|false&#8221; animation_style=&#8221;fade&#8221; locked=&#8221;off&#8221;][et_pb_column type=&#8221;4_4&#8243; _builder_version=&#8221;4.3.2&#8243;][et_pb_text _builder_version=&#8221;4.9.6&#8243; _module_preset=&#8221;default&#8221; text_text_color=&#8221;#1C1C1C&#8221; text_font_size=&#8221;22px&#8221; text_line_height=&#8221;1.4em&#8221; header_text_color=&#8221;#ff6600&#8243; header_font_size=&#8221;50px&#8221; header_2_text_align=&#8221;left&#8221; header_2_text_color=&#8221;#ff6600&#8243; header_2_font_size=&#8221;70px&#8221; header_3_text_color=&#8221;#ffffff&#8221; header_3_font_size=&#8221;30px&#8221; max_width=&#8221;800px&#8221; module_alignment=&#8221;center&#8221; custom_margin_tablet=&#8221;&#8221; custom_margin_phone=&#8221;11px||18px||false|false&#8221; custom_margin_last_edited=&#8221;on|phone&#8221; custom_padding=&#8221;||||false|false&#8221; header_font_size_tablet=&#8221;&#8221; header_font_size_phone=&#8221;45px&#8221; header_font_size_last_edited=&#8221;on|phone&#8221; header_2_font_size_tablet=&#8221;&#8221; [&hellip;]","og_url":"https:\/\/tidypay.com\/dk\/elavon\/","og_site_name":"Tidypay | Danmark","article_modified_time":"2022-05-19T13:56:37+00:00","twitter_card":"summary_large_image","schema":{"@context":"https:\/\/schema.org","@graph":[{"@type":"WebPage","@id":"https:\/\/tidypay.com\/dk\/elavon\/","url":"https:\/\/tidypay.com\/dk\/elavon\/","name":"Elavon - Tidypay | Danmark","isPartOf":{"@id":"https:\/\/tidypay.com\/dk\/#website"},"datePublished":"2022-04-18T21:47:44+00:00","dateModified":"2022-05-19T13:56:37+00:00","breadcrumb":{"@id":"https:\/\/tidypay.com\/dk\/elavon\/#breadcrumb"},"inLanguage":"da-DK","potentialAction":[{"@type":"ReadAction","target":["https:\/\/tidypay.com\/dk\/elavon\/"]}]},{"@type":"BreadcrumbList","@id":"https:\/\/tidypay.com\/dk\/elavon\/#breadcrumb","itemListElement":[{"@type":"ListItem","position":1,"name":"Home","item":"https:\/\/tidypay.com\/dk\/"},{"@type":"ListItem","position":2,"name":"Elavon"}]},{"@type":"WebSite","@id":"https:\/\/tidypay.com\/dk\/#website","url":"https:\/\/tidypay.com\/dk\/","name":"Tidypay | Danmark","description":"","potentialAction":[{"@type":"SearchAction","target":{"@type":"EntryPoint","urlTemplate":"https:\/\/tidypay.com\/dk\/?s={search_term_string}"},"query-input":{"@type":"PropertyValueSpecification","valueRequired":true,"valueName":"search_term_string"}}],"inLanguage":"da-DK"}]}},"_links":{"self":[{"href":"https:\/\/tidypay.com\/dk\/wp-json\/wp\/v2\/pages\/26126","targetHints":{"allow":["GET"]}}],"collection":[{"href":"https:\/\/tidypay.com\/dk\/wp-json\/wp\/v2\/pages"}],"about":[{"href":"https:\/\/tidypay.com\/dk\/wp-json\/wp\/v2\/types\/page"}],"author":[{"embeddable":true,"href":"https:\/\/tidypay.com\/dk\/wp-json\/wp\/v2\/users\/34423"}],"replies":[{"embeddable":true,"href":"https:\/\/tidypay.com\/dk\/wp-json\/wp\/v2\/comments?post=26126"}],"version-history":[{"count":0,"href":"https:\/\/tidypay.com\/dk\/wp-json\/wp\/v2\/pages\/26126\/revisions"}],"wp:attachment":[{"href":"https:\/\/tidypay.com\/dk\/wp-json\/wp\/v2\/media?parent=26126"}],"curies":[{"name":"wp","href":"https:\/\/api.w.org\/{rel}","templated":true}]}}