{"id":26131,"date":"2022-04-18T21:49:16","date_gmt":"2022-04-18T21:49:16","guid":{"rendered":"https:\/\/tidypay.com\/dk\/?page_id=26131"},"modified":"2022-05-19T13:25:01","modified_gmt":"2022-05-19T13:25:01","slug":"karriere","status":"publish","type":"page","link":"https:\/\/tidypay.com\/dk\/karriere\/","title":{"rendered":"Karriere"},"content":{"rendered":"<p>[et_pb_section fb_built=&#8221;1&#8243; _builder_version=&#8221;4.9.6&#8243; _module_preset=&#8221;default&#8221; background_enable_color=&#8221;off&#8221; custom_padding=&#8221;||23px|||&#8221; box_shadow_style=&#8221;preset3&#8243; locked=&#8221;off&#8221;][et_pb_row column_structure=&#8221;3_5,2_5&#8243; make_equal=&#8221;on&#8221; _builder_version=&#8221;4.9.6&#8243; _module_preset=&#8221;default&#8221; custom_margin=&#8221;10px||10px||true|false&#8221; custom_css_main_element=&#8221;align-items:center;&#8221; locked=&#8221;off&#8221;][et_pb_column type=&#8221;3_5&#8243; _builder_version=&#8221;4.8.2&#8243; _module_preset=&#8221;default&#8221;][et_pb_text content_tablet=&#8221;<\/p>\n<h1 class=%22p1%22 style=%22text-align: left;%22><strong>Sammen om at vokse<\/strong><\/h1>\n<p>L\u00e6r os at kende, og g\u00f8r klar til at blive en del af Team Tidypay. Vi elsker at have dygtige mennesker om bord og er altid p\u00e5 udkig efter passionerede og kreative mennesker, der vil slutte sig til vores team.<\/p>\n<p><span style=%22font-weight: 400;%22>Klar til at v\u00e6re en del af fremtidens betalinger?<\/span><\/p>\n<p>&#8221; content_phone=&#8221;<\/p>\n<h1 class=%22p1%22 style=%22text-align: left;%22><strong>Sammen om at vokse<\/strong><\/h1>\n<p>L\u00e6r os at kende, og g\u00f8r klar til at blive en del af Team Tidypay. Vi elsker at have dygtige mennesker om bord og er altid p\u00e5 udkig efter passionerede og kreative mennesker, der vil slutte sig til vores team.<\/p>\n<p><span style=%22font-weight: 400;%22>Klar til at v\u00e6re en del af fremtidens betalinger?<\/span><\/p>\n<p>&#8221; content_last_edited=&#8221;on|phone&#8221; _builder_version=&#8221;4.9.6&#8243; _module_preset=&#8221;default&#8221; text_text_color=&#8221;#1C1C1C&#8221; text_font_size=&#8221;22px&#8221; text_line_height=&#8221;1.4em&#8221; header_text_color=&#8221;#ff6600&#8243; header_font_size=&#8221;50px&#8221; header_2_text_align=&#8221;left&#8221; header_2_text_color=&#8221;#ff6600&#8243; header_2_font_size=&#8221;70px&#8221; header_3_text_color=&#8221;#ffffff&#8221; header_3_font_size=&#8221;30px&#8221; max_width=&#8221;800px&#8221; module_alignment=&#8221;center&#8221; hover_enabled=&#8221;0&#8243; header_font_size_tablet=&#8221;&#8221; header_font_size_phone=&#8221;45px&#8221; header_font_size_last_edited=&#8221;on|phone&#8221; header_2_font_size_tablet=&#8221;&#8221; header_2_font_size_phone=&#8221;40px&#8221; header_2_font_size_last_edited=&#8221;on|desktop&#8221; sticky_enabled=&#8221;0&#8243;]<\/p>\n<h1 class=\"p1\" style=\"text-align: left;\"><strong>Sammen om at vokse<\/strong><\/h1>\n<p>L\u00e6r os at kende, og g\u00f8r klar til at blive en del af Team Tidypay. Vi elsker at have dygtige mennesker om bord og er altid p\u00e5 udkig efter passionerede og kreative mennesker, der vil slutte sig til vores team.<\/p>\n<p><span style=\"font-weight: 400;\">Klar til at v\u00e6re en del af fremtidens betalinger?<\/span><\/p>\n<p>[\/et_pb_text][\/et_pb_column][et_pb_column type=&#8221;2_5&#8243; _builder_version=&#8221;4.8.2&#8243; _module_preset=&#8221;default&#8221;][et_pb_image src=&#8221;https:\/\/tidypay.com\/dk\/wp-content\/uploads\/sites\/5\/2022\/04\/Tidypaygo_picture_15-1-scaled-1.jpg&#8221; title_text=&#8221;Tidypay.payment.about.us&#8221; _builder_version=&#8221;4.9.6&#8243; _module_preset=&#8221;default&#8221; border_radii=&#8221;on|10px|10px|10px|10px&#8221;][\/et_pb_image][\/et_pb_column][\/et_pb_row][\/et_pb_section][et_pb_section fb_built=&#8221;1&#8243; _builder_version=&#8221;4.9.6&#8243; _module_preset=&#8221;default&#8221; background_image=&#8221;https:\/\/tidypay.com\/dk\/wp-content\/uploads\/sites\/5\/2022\/04\/fjell-bakgrunn-Tidypay.png&#8221; background_position=&#8221;bottom_center&#8221; custom_padding=&#8221;25px||25px||true|false&#8221; locked=&#8221;off&#8221;][et_pb_row column_structure=&#8221;1_2,1_2&#8243; _builder_version=&#8221;4.9.6&#8243; _module_preset=&#8221;default&#8221; custom_margin=&#8221;100px||100px||true|false&#8221;][et_pb_column type=&#8221;1_2&#8243; _builder_version=&#8221;4.9.6&#8243; _module_preset=&#8221;default&#8221;][et_pb_image src=&#8221;https:\/\/tidypay.com\/dk\/wp-content\/uploads\/sites\/5\/2022\/04\/shutterstock_368581868-1.jpg&#8221; title_text=&#8221;Teamwork,Join,Hands,Support,Together,Concept&#8221; align=&#8221;center&#8221; _builder_version=&#8221;4.9.6&#8243; _module_preset=&#8221;default&#8221; width=&#8221;80%&#8221; hover_enabled=&#8221;0&#8243; border_radii=&#8221;on|10px|10px|10px|10px&#8221; sticky_enabled=&#8221;0&#8243;][\/et_pb_image][\/et_pb_column][et_pb_column type=&#8221;1_2&#8243; _builder_version=&#8221;4.9.6&#8243; _module_preset=&#8221;default&#8221;][et_pb_text content_tablet=&#8221;<\/p>\n<h1 class=%22p1%22>Academy<\/h1>\n<p class=%22p1%22><span style=%22font-weight: 400;%22>Med Tidypay Academy giver vi medarbejderne praktisk input og viden til v\u00e6kst. Her er platformen, der g\u00f8r det muligt for Tidypay at investere i medarbejderne.<\/span><\/p>\n<p><span style=%22font-weight: 400;%22>Vores Tidypay Academy-platform giver hver medarbejder mulighed for at f\u00f8lge sin egen udviklingsplan og udforske v\u00e6kstmulighederne. <\/span><\/p>\n<p>&nbsp;<\/p>\n<p>&#8221; content_phone=&#8221;<\/p>\n<h1 class=%22p1%22>Academy<\/h1>\n<p class=%22p1%22><span style=%22font-weight: 400;%22>Med Tidypay Academy giver vi medarbejderne praktisk input og viden til v\u00e6kst. Her er platformen, der g\u00f8r det muligt for Tidypay at investere i medarbejderne.<\/span><\/p>\n<p><span style=%22font-weight: 400;%22>Vores Tidypay Academy-platform giver hver medarbejder mulighed for at f\u00f8lge sin egen udviklingsplan og udforske v\u00e6kstmulighederne. <\/span><\/p>\n<p>&#8221; content_last_edited=&#8221;on|phone&#8221; _builder_version=&#8221;4.9.6&#8243; _module_preset=&#8221;default&#8221; text_text_color=&#8221;#1C1C1C&#8221; text_font_size=&#8221;22px&#8221; text_line_height=&#8221;1.4em&#8221; header_text_color=&#8221;#ff6600&#8243; header_font_size=&#8221;50px&#8221; header_2_text_align=&#8221;left&#8221; header_2_text_color=&#8221;#ff6600&#8243; header_2_font_size=&#8221;70px&#8221; header_3_text_color=&#8221;#ffffff&#8221; header_3_font_size=&#8221;30px&#8221; max_width=&#8221;800px&#8221; module_alignment=&#8221;center&#8221; custom_margin=&#8221;35px||||false|false&#8221; animation_direction=&#8221;left&#8221; hover_enabled=&#8221;0&#8243; header_font_size_tablet=&#8221;&#8221; header_font_size_phone=&#8221;45px&#8221; header_font_size_last_edited=&#8221;on|phone&#8221; header_2_font_size_tablet=&#8221;&#8221; header_2_font_size_phone=&#8221;40px&#8221; header_2_font_size_last_edited=&#8221;on|desktop&#8221; sticky_enabled=&#8221;0&#8243;]<\/p>\n<h1 class=\"p1\">Academy<\/h1>\n<p class=\"p1\"><span style=\"font-weight: 400;\">Med Tidypay Academy giver vi medarbejderne praktisk input og viden til v\u00e6kst. Her er platformen, der g\u00f8r det muligt for Tidypay at investere i medarbejderne.<\/span><\/p>\n<p><span style=\"font-weight: 400;\">Vores Tidypay Academy-platform giver hver medarbejder mulighed for at f\u00f8lge sin egen udviklingsplan og udforske v\u00e6kstmulighederne. <\/span><\/p>\n<p>&nbsp;<\/p>\n<p>[\/et_pb_text][\/et_pb_column][\/et_pb_row][\/et_pb_section][et_pb_section fb_built=&#8221;1&#8243; _builder_version=&#8221;4.9.6&#8243; _module_preset=&#8221;default&#8221; custom_padding=&#8221;25px||25px||true|false&#8221; box_shadow_style=&#8221;preset1&#8243; locked=&#8221;off&#8221;][et_pb_row _builder_version=&#8221;4.9.6&#8243; _module_preset=&#8221;default&#8221; custom_margin=&#8221;51px||51px||true|false&#8221; animation_style=&#8221;fade&#8221; locked=&#8221;off&#8221;][et_pb_column type=&#8221;4_4&#8243; _builder_version=&#8221;4.8.2&#8243; _module_preset=&#8221;default&#8221;][et_pb_text content_tablet=&#8221;<\/p>\n<h1 class=%22p1%22 style=%22text-align: center;%22>\u00c5bne jobs<\/h1>\n<p>&#8221; content_phone=&#8221;<\/p>\n<h1 class=%22p1%22 style=%22text-align: center;%22>\u00c5bne jobs<\/h1>\n<p>&#8221; content_last_edited=&#8221;on|phone&#8221; _builder_version=&#8221;4.9.6&#8243; _module_preset=&#8221;default&#8221; text_text_color=&#8221;#1C1C1C&#8221; text_font_size=&#8221;22px&#8221; text_line_height=&#8221;1.4em&#8221; header_text_color=&#8221;#ff6600&#8243; header_font_size=&#8221;50px&#8221; header_2_text_align=&#8221;left&#8221; header_2_text_color=&#8221;#ff6600&#8243; header_2_font_size=&#8221;70px&#8221; header_3_text_color=&#8221;#ffffff&#8221; header_3_font_size=&#8221;30px&#8221; max_width=&#8221;800px&#8221; module_alignment=&#8221;center&#8221; hover_enabled=&#8221;0&#8243; header_font_size_tablet=&#8221;&#8221; header_font_size_phone=&#8221;45px&#8221; header_font_size_last_edited=&#8221;on|phone&#8221; header_2_font_size_tablet=&#8221;&#8221; header_2_font_size_phone=&#8221;40px&#8221; header_2_font_size_last_edited=&#8221;on|desktop&#8221; sticky_enabled=&#8221;0&#8243;]<\/p>\n<h1 class=\"p1\" style=\"text-align: center;\">\u00c5bne jobs<\/h1>\n<p>[\/et_pb_text][et_pb_button button_url=&#8221;https:\/\/tidypay.com\/career\/&#8221; button_text=&#8221;Se mere her&#8221; button_alignment=&#8221;center&#8221; _builder_version=&#8221;4.9.6&#8243; _module_preset=&#8221;default&#8221; custom_button=&#8221;on&#8221; button_text_size=&#8221;18px&#8221; button_text_color=&#8221;#1c1c1c&#8221; button_bg_color=&#8221;#ff6600&#8243; button_letter_spacing=&#8221;0px&#8221; custom_padding=&#8221;||||false|false&#8221; hover_enabled=&#8221;0&#8243; button_bg_color__hover_enabled=&#8221;on|hover&#8221; sticky_enabled=&#8221;0&#8243;][\/et_pb_button][\/et_pb_column][\/et_pb_row][\/et_pb_section]<\/p>\n","protected":false},"excerpt":{"rendered":"<p>[et_pb_section fb_built=&#8221;1&#8243; _builder_version=&#8221;4.9.6&#8243; _module_preset=&#8221;default&#8221; background_enable_color=&#8221;off&#8221; custom_padding=&#8221;||23px|||&#8221; box_shadow_style=&#8221;preset3&#8243; locked=&#8221;off&#8221;][et_pb_row column_structure=&#8221;3_5,2_5&#8243; make_equal=&#8221;on&#8221; _builder_version=&#8221;4.9.6&#8243; _module_preset=&#8221;default&#8221; custom_margin=&#8221;10px||10px||true|false&#8221; custom_css_main_element=&#8221;align-items:center;&#8221; locked=&#8221;off&#8221;][et_pb_column type=&#8221;3_5&#8243; _builder_version=&#8221;4.8.2&#8243; _module_preset=&#8221;default&#8221;][et_pb_text content_tablet=&#8221; Sammen om at vokse L\u00e6r os at kende, og g\u00f8r klar til at blive en del af Team Tidypay. Vi elsker at have dygtige mennesker om bord og er altid p\u00e5 udkig efter passionerede og kreative [&hellip;]<\/p>\n","protected":false},"author":34423,"featured_media":0,"parent":0,"menu_order":0,"comment_status":"closed","ping_status":"closed","template":"","meta":{"_et_pb_use_builder":"on","_et_pb_old_content":"","_et_gb_content_width":"","footnotes":""},"class_list":["post-26131","page","type-page","status-publish","hentry"],"yoast_head":"<!-- This site is optimized with the Yoast SEO plugin v27.3 - https:\/\/yoast.com\/product\/yoast-seo-wordpress\/ -->\n<title>Karriere - Tidypay | Danmark<\/title>\n<meta name=\"robots\" content=\"index, follow, max-snippet:-1, max-image-preview:large, max-video-preview:-1\" \/>\n<link rel=\"canonical\" href=\"https:\/\/tidypay.com\/dk\/karriere\/\" \/>\n<meta property=\"og:locale\" content=\"da_DK\" \/>\n<meta property=\"og:type\" content=\"article\" \/>\n<meta property=\"og:title\" content=\"Karriere - Tidypay | Danmark\" \/>\n<meta property=\"og:description\" content=\"[et_pb_section fb_built=&#8221;1&#8243; _builder_version=&#8221;4.9.6&#8243; _module_preset=&#8221;default&#8221; background_enable_color=&#8221;off&#8221; custom_padding=&#8221;||23px|||&#8221; box_shadow_style=&#8221;preset3&#8243; locked=&#8221;off&#8221;][et_pb_row column_structure=&#8221;3_5,2_5&#8243; make_equal=&#8221;on&#8221; _builder_version=&#8221;4.9.6&#8243; _module_preset=&#8221;default&#8221; custom_margin=&#8221;10px||10px||true|false&#8221; custom_css_main_element=&#8221;align-items:center;&#8221; locked=&#8221;off&#8221;][et_pb_column type=&#8221;3_5&#8243; _builder_version=&#8221;4.8.2&#8243; _module_preset=&#8221;default&#8221;][et_pb_text content_tablet=&#8221; Sammen om at vokse L\u00e6r os at kende, og g\u00f8r klar til at blive en del af Team Tidypay. Vi elsker at have dygtige mennesker om bord og er altid p\u00e5 udkig efter passionerede og kreative [&hellip;]\" \/>\n<meta property=\"og:url\" content=\"https:\/\/tidypay.com\/dk\/karriere\/\" \/>\n<meta property=\"og:site_name\" content=\"Tidypay | Danmark\" \/>\n<meta property=\"article:modified_time\" content=\"2022-05-19T13:25:01+00:00\" \/>\n<meta name=\"twitter:card\" content=\"summary_large_image\" \/>\n<script type=\"application\/ld+json\" class=\"yoast-schema-graph\">{\"@context\":\"https:\\\/\\\/schema.org\",\"@graph\":[{\"@type\":\"WebPage\",\"@id\":\"https:\\\/\\\/tidypay.com\\\/dk\\\/karriere\\\/\",\"url\":\"https:\\\/\\\/tidypay.com\\\/dk\\\/karriere\\\/\",\"name\":\"Karriere - Tidypay | Danmark\",\"isPartOf\":{\"@id\":\"https:\\\/\\\/tidypay.com\\\/dk\\\/#website\"},\"datePublished\":\"2022-04-18T21:49:16+00:00\",\"dateModified\":\"2022-05-19T13:25:01+00:00\",\"breadcrumb\":{\"@id\":\"https:\\\/\\\/tidypay.com\\\/dk\\\/karriere\\\/#breadcrumb\"},\"inLanguage\":\"da-DK\",\"potentialAction\":[{\"@type\":\"ReadAction\",\"target\":[\"https:\\\/\\\/tidypay.com\\\/dk\\\/karriere\\\/\"]}]},{\"@type\":\"BreadcrumbList\",\"@id\":\"https:\\\/\\\/tidypay.com\\\/dk\\\/karriere\\\/#breadcrumb\",\"itemListElement\":[{\"@type\":\"ListItem\",\"position\":1,\"name\":\"Home\",\"item\":\"https:\\\/\\\/tidypay.com\\\/dk\\\/\"},{\"@type\":\"ListItem\",\"position\":2,\"name\":\"Karriere\"}]},{\"@type\":\"WebSite\",\"@id\":\"https:\\\/\\\/tidypay.com\\\/dk\\\/#website\",\"url\":\"https:\\\/\\\/tidypay.com\\\/dk\\\/\",\"name\":\"Tidypay | Danmark\",\"description\":\"\",\"potentialAction\":[{\"@type\":\"SearchAction\",\"target\":{\"@type\":\"EntryPoint\",\"urlTemplate\":\"https:\\\/\\\/tidypay.com\\\/dk\\\/?s={search_term_string}\"},\"query-input\":{\"@type\":\"PropertyValueSpecification\",\"valueRequired\":true,\"valueName\":\"search_term_string\"}}],\"inLanguage\":\"da-DK\"}]}<\/script>\n<!-- \/ Yoast SEO plugin. -->","yoast_head_json":{"title":"Karriere - Tidypay | Danmark","robots":{"index":"index","follow":"follow","max-snippet":"max-snippet:-1","max-image-preview":"max-image-preview:large","max-video-preview":"max-video-preview:-1"},"canonical":"https:\/\/tidypay.com\/dk\/karriere\/","og_locale":"da_DK","og_type":"article","og_title":"Karriere - Tidypay | Danmark","og_description":"[et_pb_section fb_built=&#8221;1&#8243; _builder_version=&#8221;4.9.6&#8243; _module_preset=&#8221;default&#8221; background_enable_color=&#8221;off&#8221; custom_padding=&#8221;||23px|||&#8221; box_shadow_style=&#8221;preset3&#8243; locked=&#8221;off&#8221;][et_pb_row column_structure=&#8221;3_5,2_5&#8243; make_equal=&#8221;on&#8221; _builder_version=&#8221;4.9.6&#8243; _module_preset=&#8221;default&#8221; custom_margin=&#8221;10px||10px||true|false&#8221; custom_css_main_element=&#8221;align-items:center;&#8221; locked=&#8221;off&#8221;][et_pb_column type=&#8221;3_5&#8243; _builder_version=&#8221;4.8.2&#8243; _module_preset=&#8221;default&#8221;][et_pb_text content_tablet=&#8221; Sammen om at vokse L\u00e6r os at kende, og g\u00f8r klar til at blive en del af Team Tidypay. Vi elsker at have dygtige mennesker om bord og er altid p\u00e5 udkig efter passionerede og kreative [&hellip;]","og_url":"https:\/\/tidypay.com\/dk\/karriere\/","og_site_name":"Tidypay | Danmark","article_modified_time":"2022-05-19T13:25:01+00:00","twitter_card":"summary_large_image","schema":{"@context":"https:\/\/schema.org","@graph":[{"@type":"WebPage","@id":"https:\/\/tidypay.com\/dk\/karriere\/","url":"https:\/\/tidypay.com\/dk\/karriere\/","name":"Karriere - Tidypay | Danmark","isPartOf":{"@id":"https:\/\/tidypay.com\/dk\/#website"},"datePublished":"2022-04-18T21:49:16+00:00","dateModified":"2022-05-19T13:25:01+00:00","breadcrumb":{"@id":"https:\/\/tidypay.com\/dk\/karriere\/#breadcrumb"},"inLanguage":"da-DK","potentialAction":[{"@type":"ReadAction","target":["https:\/\/tidypay.com\/dk\/karriere\/"]}]},{"@type":"BreadcrumbList","@id":"https:\/\/tidypay.com\/dk\/karriere\/#breadcrumb","itemListElement":[{"@type":"ListItem","position":1,"name":"Home","item":"https:\/\/tidypay.com\/dk\/"},{"@type":"ListItem","position":2,"name":"Karriere"}]},{"@type":"WebSite","@id":"https:\/\/tidypay.com\/dk\/#website","url":"https:\/\/tidypay.com\/dk\/","name":"Tidypay | Danmark","description":"","potentialAction":[{"@type":"SearchAction","target":{"@type":"EntryPoint","urlTemplate":"https:\/\/tidypay.com\/dk\/?s={search_term_string}"},"query-input":{"@type":"PropertyValueSpecification","valueRequired":true,"valueName":"search_term_string"}}],"inLanguage":"da-DK"}]}},"_links":{"self":[{"href":"https:\/\/tidypay.com\/dk\/wp-json\/wp\/v2\/pages\/26131","targetHints":{"allow":["GET"]}}],"collection":[{"href":"https:\/\/tidypay.com\/dk\/wp-json\/wp\/v2\/pages"}],"about":[{"href":"https:\/\/tidypay.com\/dk\/wp-json\/wp\/v2\/types\/page"}],"author":[{"embeddable":true,"href":"https:\/\/tidypay.com\/dk\/wp-json\/wp\/v2\/users\/34423"}],"replies":[{"embeddable":true,"href":"https:\/\/tidypay.com\/dk\/wp-json\/wp\/v2\/comments?post=26131"}],"version-history":[{"count":0,"href":"https:\/\/tidypay.com\/dk\/wp-json\/wp\/v2\/pages\/26131\/revisions"}],"wp:attachment":[{"href":"https:\/\/tidypay.com\/dk\/wp-json\/wp\/v2\/media?parent=26131"}],"curies":[{"name":"wp","href":"https:\/\/api.w.org\/{rel}","templated":true}]}}