{"id":26140,"date":"2022-04-25T14:32:26","date_gmt":"2022-04-25T14:32:26","guid":{"rendered":"https:\/\/tidypay.com\/dk\/?page_id=26140"},"modified":"2022-05-19T14:17:19","modified_gmt":"2022-05-19T14:17:19","slug":"fortrolighedspolitik","status":"publish","type":"page","link":"https:\/\/tidypay.com\/dk\/fortrolighedspolitik\/","title":{"rendered":"Fortrolighedspolitik"},"content":{"rendered":"<p>[et_pb_section fb_built=&#8221;1&#8243; _builder_version=&#8221;4.6.1&#8243; background_enable_color=&#8221;off&#8221; background_enable_image=&#8221;off&#8221;][et_pb_row _builder_version=&#8221;3.29.3&#8243; custom_margin=&#8221;||||false|false&#8221;][et_pb_column type=&#8221;4_4&#8243; _builder_version=&#8221;3.29.3&#8243;][et_pb_text _builder_version=&#8221;4.9.6&#8243; text_text_color=&#8221;#ffffff&#8221; text_font_size=&#8221;18px&#8221; header_text_color=&#8221;#ffffff&#8221; header_font_size=&#8221;60px&#8221; header_2_text_color=&#8221;#ffffff&#8221; header_2_font_size=&#8221;85px&#8221; header_3_text_color=&#8221;#ffffff&#8221; header_3_font_size=&#8221;30px&#8221; hover_enabled=&#8221;0&#8243; header_font_size_tablet=&#8221;&#8221; header_font_size_phone=&#8221;45px&#8221; header_font_size_last_edited=&#8221;on|phone&#8221; header_2_font_size_tablet=&#8221;&#8221; header_2_font_size_phone=&#8221;40px&#8221; header_2_font_size_last_edited=&#8221;on|desktop&#8221; content_last_edited=&#8221;on|phone&#8221; sticky_enabled=&#8221;0&#8243;]<\/p>\n<header class=\"entry-header\">\n<header class=\"entry-header\">\n<header class=\"entry-header\">\n<h1 class=\"entry-title\"><span style=\"color: #000000;\"><strong>Fortrolighedspolitik<\/strong><\/span><\/h1>\n<p><span style=\"color: #000000;\"><strong>TILLADELSER<\/strong><\/span><br \/><span style=\"color: #000000;\"> <b><br \/><\/b><b>KAMERA:<\/b><\/span><\/p>\n<p><span style=\"color: #000000;\">Tilladelse p\u00e5kr\u00e6vet til anvendelse af telefonens kamera. <\/span><br \/><span style=\"color: #000000;\">Den kan ikke bruges til andre form\u00e5l. <\/span><br \/><span style=\"color: #000000;\">Det er n\u00f8dvendigt til applikationens grundl\u00e6ggende funktion.<\/span><\/p>\n<p><span style=\"color: #000000;\"><strong>AFL\u00c6S TELEFONSTATUS:<\/strong><\/span><\/p>\n<p><span style=\"font-weight: 400; color: #000000;\">Det er en n\u00f8dvendig tilladelse til at justere Bluetooth-forbindelsen til enheder og vil ikke blive brugt til andet end det.<\/span><\/p>\n<p><span style=\"color: #000000;\"><strong>SKRIV TIL EKSTERNT LAGER:<\/strong><\/span><\/p>\n<p><span style=\"font-weight: 400; color: #000000;\">Tilladelse til at skrive data til ekstern hukommelse.<\/span><\/p>\n<p><span style=\"color: #000000;\"><strong>JURIDISK ADVARSEL:<\/strong><\/span><\/p>\n<p><span style=\"color: #000000;\">Ingen af de p\u00e5g\u00e6ldende persondata kan deles med tredjepart eller virksomheder. <\/span><br \/><span style=\"color: #000000;\">De lagres ikke p\u00e5 nogen m\u00e5de. <\/span><br \/><span style=\"color: #000000;\">De bruges ikke til andre form\u00e5l end applikationens funktioner.<\/span><\/p>\n<\/header>\n<\/header>\n<\/header>\n<p>[\/et_pb_text][\/et_pb_column][\/et_pb_row][\/et_pb_section]<\/p>\n","protected":false},"excerpt":{"rendered":"<p>[et_pb_section fb_built=&#8221;1&#8243; _builder_version=&#8221;4.6.1&#8243; background_enable_color=&#8221;off&#8221; background_enable_image=&#8221;off&#8221;][et_pb_row _builder_version=&#8221;3.29.3&#8243; custom_margin=&#8221;||||false|false&#8221;][et_pb_column type=&#8221;4_4&#8243; _builder_version=&#8221;3.29.3&#8243;][et_pb_text _builder_version=&#8221;4.9.6&#8243; text_text_color=&#8221;#ffffff&#8221; text_font_size=&#8221;18px&#8221; header_text_color=&#8221;#ffffff&#8221; header_font_size=&#8221;60px&#8221; header_2_text_color=&#8221;#ffffff&#8221; header_2_font_size=&#8221;85px&#8221; header_3_text_color=&#8221;#ffffff&#8221; header_3_font_size=&#8221;30px&#8221; hover_enabled=&#8221;0&#8243; header_font_size_tablet=&#8221;&#8221; header_font_size_phone=&#8221;45px&#8221; header_font_size_last_edited=&#8221;on|phone&#8221; header_2_font_size_tablet=&#8221;&#8221; header_2_font_size_phone=&#8221;40px&#8221; header_2_font_size_last_edited=&#8221;on|desktop&#8221; content_last_edited=&#8221;on|phone&#8221; sticky_enabled=&#8221;0&#8243;] Fortrolighedspolitik TILLADELSER KAMERA: Tilladelse p\u00e5kr\u00e6vet til anvendelse af telefonens kamera. Den kan ikke bruges til andre form\u00e5l. Det er n\u00f8dvendigt til applikationens grundl\u00e6ggende funktion. AFL\u00c6S TELEFONSTATUS: Det er [&hellip;]<\/p>\n","protected":false},"author":34423,"featured_media":0,"parent":0,"menu_order":0,"comment_status":"closed","ping_status":"closed","template":"","meta":{"_et_pb_use_builder":"on","_et_pb_old_content":"","_et_gb_content_width":"","footnotes":""},"class_list":["post-26140","page","type-page","status-publish","hentry"],"yoast_head":"<!-- This site is optimized with the Yoast SEO plugin v27.3 - https:\/\/yoast.com\/product\/yoast-seo-wordpress\/ -->\n<title>Fortrolighedspolitik - Tidypay | Danmark<\/title>\n<meta name=\"robots\" content=\"index, follow, max-snippet:-1, max-image-preview:large, max-video-preview:-1\" \/>\n<link rel=\"canonical\" href=\"https:\/\/tidypay.com\/dk\/fortrolighedspolitik\/\" \/>\n<meta property=\"og:locale\" content=\"da_DK\" \/>\n<meta property=\"og:type\" content=\"article\" \/>\n<meta property=\"og:title\" content=\"Fortrolighedspolitik - Tidypay | Danmark\" \/>\n<meta property=\"og:description\" content=\"[et_pb_section fb_built=&#8221;1&#8243; _builder_version=&#8221;4.6.1&#8243; background_enable_color=&#8221;off&#8221; background_enable_image=&#8221;off&#8221;][et_pb_row _builder_version=&#8221;3.29.3&#8243; custom_margin=&#8221;||||false|false&#8221;][et_pb_column type=&#8221;4_4&#8243; _builder_version=&#8221;3.29.3&#8243;][et_pb_text _builder_version=&#8221;4.9.6&#8243; text_text_color=&#8221;#ffffff&#8221; text_font_size=&#8221;18px&#8221; header_text_color=&#8221;#ffffff&#8221; header_font_size=&#8221;60px&#8221; header_2_text_color=&#8221;#ffffff&#8221; header_2_font_size=&#8221;85px&#8221; header_3_text_color=&#8221;#ffffff&#8221; header_3_font_size=&#8221;30px&#8221; hover_enabled=&#8221;0&#8243; header_font_size_tablet=&#8221;&#8221; header_font_size_phone=&#8221;45px&#8221; header_font_size_last_edited=&#8221;on|phone&#8221; header_2_font_size_tablet=&#8221;&#8221; header_2_font_size_phone=&#8221;40px&#8221; header_2_font_size_last_edited=&#8221;on|desktop&#8221; content_last_edited=&#8221;on|phone&#8221; sticky_enabled=&#8221;0&#8243;] Fortrolighedspolitik TILLADELSER KAMERA: Tilladelse p\u00e5kr\u00e6vet til anvendelse af telefonens kamera. Den kan ikke bruges til andre form\u00e5l. Det er n\u00f8dvendigt til applikationens grundl\u00e6ggende funktion. AFL\u00c6S TELEFONSTATUS: Det er [&hellip;]\" \/>\n<meta property=\"og:url\" content=\"https:\/\/tidypay.com\/dk\/fortrolighedspolitik\/\" \/>\n<meta property=\"og:site_name\" content=\"Tidypay | Danmark\" \/>\n<meta property=\"article:modified_time\" content=\"2022-05-19T14:17:19+00:00\" \/>\n<meta name=\"twitter:card\" content=\"summary_large_image\" \/>\n<script type=\"application\/ld+json\" class=\"yoast-schema-graph\">{\"@context\":\"https:\\\/\\\/schema.org\",\"@graph\":[{\"@type\":\"WebPage\",\"@id\":\"https:\\\/\\\/tidypay.com\\\/dk\\\/fortrolighedspolitik\\\/\",\"url\":\"https:\\\/\\\/tidypay.com\\\/dk\\\/fortrolighedspolitik\\\/\",\"name\":\"Fortrolighedspolitik - Tidypay | Danmark\",\"isPartOf\":{\"@id\":\"https:\\\/\\\/tidypay.com\\\/dk\\\/#website\"},\"datePublished\":\"2022-04-25T14:32:26+00:00\",\"dateModified\":\"2022-05-19T14:17:19+00:00\",\"breadcrumb\":{\"@id\":\"https:\\\/\\\/tidypay.com\\\/dk\\\/fortrolighedspolitik\\\/#breadcrumb\"},\"inLanguage\":\"da-DK\",\"potentialAction\":[{\"@type\":\"ReadAction\",\"target\":[\"https:\\\/\\\/tidypay.com\\\/dk\\\/fortrolighedspolitik\\\/\"]}]},{\"@type\":\"BreadcrumbList\",\"@id\":\"https:\\\/\\\/tidypay.com\\\/dk\\\/fortrolighedspolitik\\\/#breadcrumb\",\"itemListElement\":[{\"@type\":\"ListItem\",\"position\":1,\"name\":\"Home\",\"item\":\"https:\\\/\\\/tidypay.com\\\/dk\\\/\"},{\"@type\":\"ListItem\",\"position\":2,\"name\":\"Fortrolighedspolitik\"}]},{\"@type\":\"WebSite\",\"@id\":\"https:\\\/\\\/tidypay.com\\\/dk\\\/#website\",\"url\":\"https:\\\/\\\/tidypay.com\\\/dk\\\/\",\"name\":\"Tidypay | Danmark\",\"description\":\"\",\"potentialAction\":[{\"@type\":\"SearchAction\",\"target\":{\"@type\":\"EntryPoint\",\"urlTemplate\":\"https:\\\/\\\/tidypay.com\\\/dk\\\/?s={search_term_string}\"},\"query-input\":{\"@type\":\"PropertyValueSpecification\",\"valueRequired\":true,\"valueName\":\"search_term_string\"}}],\"inLanguage\":\"da-DK\"}]}<\/script>\n<!-- \/ Yoast SEO plugin. -->","yoast_head_json":{"title":"Fortrolighedspolitik - Tidypay | Danmark","robots":{"index":"index","follow":"follow","max-snippet":"max-snippet:-1","max-image-preview":"max-image-preview:large","max-video-preview":"max-video-preview:-1"},"canonical":"https:\/\/tidypay.com\/dk\/fortrolighedspolitik\/","og_locale":"da_DK","og_type":"article","og_title":"Fortrolighedspolitik - Tidypay | Danmark","og_description":"[et_pb_section fb_built=&#8221;1&#8243; _builder_version=&#8221;4.6.1&#8243; background_enable_color=&#8221;off&#8221; background_enable_image=&#8221;off&#8221;][et_pb_row _builder_version=&#8221;3.29.3&#8243; custom_margin=&#8221;||||false|false&#8221;][et_pb_column type=&#8221;4_4&#8243; _builder_version=&#8221;3.29.3&#8243;][et_pb_text _builder_version=&#8221;4.9.6&#8243; text_text_color=&#8221;#ffffff&#8221; text_font_size=&#8221;18px&#8221; header_text_color=&#8221;#ffffff&#8221; header_font_size=&#8221;60px&#8221; header_2_text_color=&#8221;#ffffff&#8221; header_2_font_size=&#8221;85px&#8221; header_3_text_color=&#8221;#ffffff&#8221; header_3_font_size=&#8221;30px&#8221; hover_enabled=&#8221;0&#8243; header_font_size_tablet=&#8221;&#8221; header_font_size_phone=&#8221;45px&#8221; header_font_size_last_edited=&#8221;on|phone&#8221; header_2_font_size_tablet=&#8221;&#8221; header_2_font_size_phone=&#8221;40px&#8221; header_2_font_size_last_edited=&#8221;on|desktop&#8221; content_last_edited=&#8221;on|phone&#8221; sticky_enabled=&#8221;0&#8243;] Fortrolighedspolitik TILLADELSER KAMERA: Tilladelse p\u00e5kr\u00e6vet til anvendelse af telefonens kamera. Den kan ikke bruges til andre form\u00e5l. Det er n\u00f8dvendigt til applikationens grundl\u00e6ggende funktion. AFL\u00c6S TELEFONSTATUS: Det er [&hellip;]","og_url":"https:\/\/tidypay.com\/dk\/fortrolighedspolitik\/","og_site_name":"Tidypay | Danmark","article_modified_time":"2022-05-19T14:17:19+00:00","twitter_card":"summary_large_image","schema":{"@context":"https:\/\/schema.org","@graph":[{"@type":"WebPage","@id":"https:\/\/tidypay.com\/dk\/fortrolighedspolitik\/","url":"https:\/\/tidypay.com\/dk\/fortrolighedspolitik\/","name":"Fortrolighedspolitik - Tidypay | Danmark","isPartOf":{"@id":"https:\/\/tidypay.com\/dk\/#website"},"datePublished":"2022-04-25T14:32:26+00:00","dateModified":"2022-05-19T14:17:19+00:00","breadcrumb":{"@id":"https:\/\/tidypay.com\/dk\/fortrolighedspolitik\/#breadcrumb"},"inLanguage":"da-DK","potentialAction":[{"@type":"ReadAction","target":["https:\/\/tidypay.com\/dk\/fortrolighedspolitik\/"]}]},{"@type":"BreadcrumbList","@id":"https:\/\/tidypay.com\/dk\/fortrolighedspolitik\/#breadcrumb","itemListElement":[{"@type":"ListItem","position":1,"name":"Home","item":"https:\/\/tidypay.com\/dk\/"},{"@type":"ListItem","position":2,"name":"Fortrolighedspolitik"}]},{"@type":"WebSite","@id":"https:\/\/tidypay.com\/dk\/#website","url":"https:\/\/tidypay.com\/dk\/","name":"Tidypay | Danmark","description":"","potentialAction":[{"@type":"SearchAction","target":{"@type":"EntryPoint","urlTemplate":"https:\/\/tidypay.com\/dk\/?s={search_term_string}"},"query-input":{"@type":"PropertyValueSpecification","valueRequired":true,"valueName":"search_term_string"}}],"inLanguage":"da-DK"}]}},"_links":{"self":[{"href":"https:\/\/tidypay.com\/dk\/wp-json\/wp\/v2\/pages\/26140","targetHints":{"allow":["GET"]}}],"collection":[{"href":"https:\/\/tidypay.com\/dk\/wp-json\/wp\/v2\/pages"}],"about":[{"href":"https:\/\/tidypay.com\/dk\/wp-json\/wp\/v2\/types\/page"}],"author":[{"embeddable":true,"href":"https:\/\/tidypay.com\/dk\/wp-json\/wp\/v2\/users\/34423"}],"replies":[{"embeddable":true,"href":"https:\/\/tidypay.com\/dk\/wp-json\/wp\/v2\/comments?post=26140"}],"version-history":[{"count":0,"href":"https:\/\/tidypay.com\/dk\/wp-json\/wp\/v2\/pages\/26140\/revisions"}],"wp:attachment":[{"href":"https:\/\/tidypay.com\/dk\/wp-json\/wp\/v2\/media?parent=26140"}],"curies":[{"name":"wp","href":"https:\/\/api.w.org\/{rel}","templated":true}]}}