{"id":25459,"date":"2022-02-22T12:56:08","date_gmt":"2022-02-22T12:56:08","guid":{"rendered":"https:\/\/tidypay.com\/fi\/?page_id=25459"},"modified":"2022-05-19T13:24:08","modified_gmt":"2022-05-19T13:24:08","slug":"ura","status":"publish","type":"page","link":"https:\/\/tidypay.com\/fi\/ura\/","title":{"rendered":"Ura"},"content":{"rendered":"<p>[et_pb_section fb_built=&#8221;1&#8243; _builder_version=&#8221;4.9.6&#8243; _module_preset=&#8221;default&#8221; background_enable_color=&#8221;off&#8221; custom_padding=&#8221;||23px|||&#8221; box_shadow_style=&#8221;preset3&#8243; locked=&#8221;off&#8221;][et_pb_row column_structure=&#8221;3_5,2_5&#8243; make_equal=&#8221;on&#8221; _builder_version=&#8221;4.9.6&#8243; _module_preset=&#8221;default&#8221; custom_margin=&#8221;10px||10px||true|false&#8221; custom_css_main_element=&#8221;align-items:center;&#8221; locked=&#8221;off&#8221;][et_pb_column type=&#8221;3_5&#8243; _builder_version=&#8221;4.8.2&#8243; _module_preset=&#8221;default&#8221;][et_pb_text content_tablet=&#8221;<\/p>\n<h1 class=%22p1%22 style=%22text-align: left;%22><strong>Kasvetaan yhdess\u00e4<\/strong><\/h1>\n<p>Tutustu meihin ja valmistaudu liittym\u00e4\u00e4n Tidypayn tiimiin. Osaavat ihmiset ovat meille kaikki kaikessa, ja otamme mielell\u00e4mme tiimiimme uusia intohimoisia ja luovia j\u00e4seni\u00e4.<\/p>\n<p>Oletko valmis luomaan tulevaisuuden maksuratkaisuja?<\/p>\n<p>\u00a0<\/p>\n<p>\u00a0<\/p>\n<p>&#8221; content_phone=&#8221;<\/p>\n<h1 class=%22p1%22 style=%22text-align: left;%22><strong>Kasvetaan yhdess\u00e4<\/strong><\/h1>\n<p>Tutustu meihin ja valmistaudu liittym\u00e4\u00e4n Tidypayn tiimiin. Osaavat ihmiset ovat meille kaikki kaikessa, ja otamme mielell\u00e4mme tiimiimme uusia intohimoisia ja luovia j\u00e4seni\u00e4.<\/p>\n<p>Oletko valmis luomaan tulevaisuuden maksuratkaisuja?<\/p>\n<p>\u00a0<\/p>\n<p>\u00a0<\/p>\n<p>&#8221; content_last_edited=&#8221;on|phone&#8221; _builder_version=&#8221;4.9.6&#8243; _module_preset=&#8221;default&#8221; text_text_color=&#8221;#1C1C1C&#8221; text_font_size=&#8221;22px&#8221; text_line_height=&#8221;1.4em&#8221; header_text_color=&#8221;#ff6600&#8243; header_font_size=&#8221;50px&#8221; header_2_text_align=&#8221;left&#8221; header_2_text_color=&#8221;#ff6600&#8243; header_2_font_size=&#8221;70px&#8221; header_3_text_color=&#8221;#ffffff&#8221; header_3_font_size=&#8221;30px&#8221; max_width=&#8221;800px&#8221; module_alignment=&#8221;center&#8221; header_font_size_tablet=&#8221;&#8221; header_font_size_phone=&#8221;45px&#8221; header_font_size_last_edited=&#8221;on|phone&#8221; header_2_font_size_tablet=&#8221;&#8221; header_2_font_size_phone=&#8221;40px&#8221; header_2_font_size_last_edited=&#8221;on|desktop&#8221;]<\/p>\n<h1 class=\"p1\" style=\"text-align: left;\"><strong>Kasvetaan yhdess\u00e4<\/strong><\/h1>\n<p>Tutustu meihin ja valmistaudu liittym\u00e4\u00e4n Tidypayn tiimiin. Osaavat ihmiset ovat meille kaikki kaikessa, ja otamme mielell\u00e4mme tiimiimme uusia intohimoisia ja luovia j\u00e4seni\u00e4.<\/p>\n<p>Oletko valmis luomaan tulevaisuuden maksuratkaisuja?<\/p>\n<p>&nbsp;<\/p>\n<p>&nbsp;<\/p>\n<p>[\/et_pb_text][\/et_pb_column][et_pb_column type=&#8221;2_5&#8243; _builder_version=&#8221;4.8.2&#8243; _module_preset=&#8221;default&#8221;][et_pb_image src=&#8221;https:\/\/tidypay.com\/fi\/wp-content\/uploads\/sites\/3\/2022\/02\/Tidypaygo_picture_15-1-scaled-1.jpg&#8221; title_text=&#8221;Tidypay.payment.about.us&#8221; _builder_version=&#8221;4.9.6&#8243; _module_preset=&#8221;default&#8221; border_radii=&#8221;on|10px|10px|10px|10px&#8221;][\/et_pb_image][\/et_pb_column][\/et_pb_row][\/et_pb_section][et_pb_section fb_built=&#8221;1&#8243; _builder_version=&#8221;4.9.6&#8243; _module_preset=&#8221;default&#8221; background_image=&#8221;https:\/\/tidypay.com\/fi\/wp-content\/uploads\/sites\/3\/2022\/02\/fjell-bakgrunn-Tidypay.png&#8221; background_position=&#8221;bottom_center&#8221; custom_padding=&#8221;25px||25px||true|false&#8221; locked=&#8221;off&#8221;][et_pb_row column_structure=&#8221;1_2,1_2&#8243; _builder_version=&#8221;4.9.6&#8243; _module_preset=&#8221;default&#8221; custom_margin=&#8221;100px||100px||true|false&#8221;][et_pb_column type=&#8221;1_2&#8243; _builder_version=&#8221;4.9.6&#8243; _module_preset=&#8221;default&#8221;][et_pb_image src=&#8221;https:\/\/tidypay.com\/fi\/wp-content\/uploads\/sites\/3\/2022\/02\/shutterstock_368581868-1.jpg&#8221; title_text=&#8221;Teamwork,Join,Hands,Support,Together,Concept&#8221; align=&#8221;center&#8221; _builder_version=&#8221;4.9.6&#8243; _module_preset=&#8221;default&#8221; width=&#8221;80%&#8221; border_radii=&#8221;on|10px|10px|10px|10px&#8221;][\/et_pb_image][\/et_pb_column][et_pb_column type=&#8221;1_2&#8243; _builder_version=&#8221;4.9.6&#8243; _module_preset=&#8221;default&#8221;][et_pb_text content_tablet=&#8221;<\/p>\n<h1 class=%22p1%22>Academy<\/h1>\n<p>Tidypay Academy on alusta, jonka kautta Tidypay investoi ty\u00f6ntekij\u00f6ihins\u00e4. Se tarjoaa teoriaa ja k\u00e4yt\u00e4nt\u00f6\u00e4, joiden avulla ty\u00f6ntekij\u00e4mme voivat kasvaa.<\/p>\n<p>Tidypay Academy -koulutusalustan avulla jokainen ty\u00f6ntekij\u00e4 voi kehitty\u00e4 ja l\u00f6yt\u00e4\u00e4 kasvun mahdollisuuksia.<\/p>\n<p>&#8221; content_phone=&#8221;<\/p>\n<h1 class=%22p1%22>Academy<\/h1>\n<p>Tidypay Academy on alusta, jonka kautta Tidypay investoi ty\u00f6ntekij\u00f6ihins\u00e4. Se tarjoaa teoriaa ja k\u00e4yt\u00e4nt\u00f6\u00e4, joiden avulla ty\u00f6ntekij\u00e4mme voivat kasvaa.<\/p>\n<p>Tidypay Academy -koulutusalustan avulla jokainen ty\u00f6ntekij\u00e4 voi kehitty\u00e4 ja l\u00f6yt\u00e4\u00e4 kasvun mahdollisuuksia.<\/p>\n<p>&#8221; content_last_edited=&#8221;on|phone&#8221; _builder_version=&#8221;4.9.6&#8243; _module_preset=&#8221;default&#8221; text_text_color=&#8221;#1C1C1C&#8221; text_font_size=&#8221;22px&#8221; text_line_height=&#8221;1.4em&#8221; header_text_color=&#8221;#ff6600&#8243; header_font_size=&#8221;50px&#8221; header_2_text_align=&#8221;left&#8221; header_2_text_color=&#8221;#ff6600&#8243; header_2_font_size=&#8221;70px&#8221; header_3_text_color=&#8221;#ffffff&#8221; header_3_font_size=&#8221;30px&#8221; max_width=&#8221;800px&#8221; module_alignment=&#8221;center&#8221; custom_margin=&#8221;35px||||false|false&#8221; animation_direction=&#8221;left&#8221; header_font_size_tablet=&#8221;&#8221; header_font_size_phone=&#8221;45px&#8221; header_font_size_last_edited=&#8221;on|phone&#8221; header_2_font_size_tablet=&#8221;&#8221; header_2_font_size_phone=&#8221;40px&#8221; header_2_font_size_last_edited=&#8221;on|desktop&#8221;]<\/p>\n<h1 class=\"p1\">Academy<\/h1>\n<p>Tidypay Academy on alusta, jonka kautta Tidypay investoi ty\u00f6ntekij\u00f6ihins\u00e4. Se tarjoaa teoriaa ja k\u00e4yt\u00e4nt\u00f6\u00e4, joiden avulla ty\u00f6ntekij\u00e4mme voivat kasvaa.<\/p>\n<p>Tidypay Academy -koulutusalustan avulla jokainen ty\u00f6ntekij\u00e4 voi kehitty\u00e4 ja l\u00f6yt\u00e4\u00e4 kasvun mahdollisuuksia.<\/p>\n<p>[\/et_pb_text][\/et_pb_column][\/et_pb_row][\/et_pb_section][et_pb_section fb_built=&#8221;1&#8243; _builder_version=&#8221;4.9.6&#8243; _module_preset=&#8221;default&#8221; custom_padding=&#8221;25px||25px||true|false&#8221; box_shadow_style=&#8221;preset1&#8243; locked=&#8221;off&#8221;][et_pb_row _builder_version=&#8221;4.9.6&#8243; _module_preset=&#8221;default&#8221; custom_margin=&#8221;51px||51px||true|false&#8221; animation_style=&#8221;fade&#8221; locked=&#8221;off&#8221;][et_pb_column type=&#8221;4_4&#8243; _builder_version=&#8221;4.8.2&#8243; _module_preset=&#8221;default&#8221;][et_pb_text content_tablet=&#8221;<\/p>\n<h1 class=%22p1%22 style=%22text-align: center;%22>Avoimia ty\u00f6paikkoja<\/h1>\n<p>&#8221; content_phone=&#8221;<\/p>\n<h1 class=%22p1%22 style=%22text-align: center;%22>Avoimia ty\u00f6paikkoja<\/h1>\n<p>&#8221; content_last_edited=&#8221;on|phone&#8221; _builder_version=&#8221;4.9.6&#8243; _module_preset=&#8221;default&#8221; text_text_color=&#8221;#1C1C1C&#8221; text_font_size=&#8221;22px&#8221; text_line_height=&#8221;1.4em&#8221; header_text_color=&#8221;#ff6600&#8243; header_font_size=&#8221;50px&#8221; header_2_text_align=&#8221;left&#8221; header_2_text_color=&#8221;#ff6600&#8243; header_2_font_size=&#8221;70px&#8221; header_3_text_color=&#8221;#ffffff&#8221; header_3_font_size=&#8221;30px&#8221; max_width=&#8221;800px&#8221; module_alignment=&#8221;center&#8221; header_font_size_tablet=&#8221;&#8221; header_font_size_phone=&#8221;45px&#8221; header_font_size_last_edited=&#8221;on|phone&#8221; header_2_font_size_tablet=&#8221;&#8221; header_2_font_size_phone=&#8221;40px&#8221; header_2_font_size_last_edited=&#8221;on|desktop&#8221;]<\/p>\n<h1 class=\"p1\" style=\"text-align: center;\">Avoimia ty\u00f6paikkoja<\/h1>\n<p>[\/et_pb_text][et_pb_button button_url=&#8221;https:\/\/tidypay.com\/career\/&#8221; button_text=&#8221;Katso lis\u00e4\u00e4 t\u00e4\u00e4lt\u00e4&#8221; button_alignment=&#8221;center&#8221; _builder_version=&#8221;4.9.6&#8243; _module_preset=&#8221;default&#8221; custom_button=&#8221;on&#8221; button_text_size=&#8221;18px&#8221; button_text_color=&#8221;#1c1c1c&#8221; button_bg_color=&#8221;#ff6600&#8243; button_letter_spacing=&#8221;0px&#8221; custom_padding=&#8221;||||false|false&#8221; button_bg_color__hover_enabled=&#8221;on|hover&#8221;][\/et_pb_button][\/et_pb_column][\/et_pb_row][\/et_pb_section]<\/p>\n","protected":false},"excerpt":{"rendered":"<p>[et_pb_section fb_built=&#8221;1&#8243; _builder_version=&#8221;4.9.6&#8243; _module_preset=&#8221;default&#8221; background_enable_color=&#8221;off&#8221; custom_padding=&#8221;||23px|||&#8221; box_shadow_style=&#8221;preset3&#8243; locked=&#8221;off&#8221;][et_pb_row column_structure=&#8221;3_5,2_5&#8243; make_equal=&#8221;on&#8221; _builder_version=&#8221;4.9.6&#8243; _module_preset=&#8221;default&#8221; custom_margin=&#8221;10px||10px||true|false&#8221; custom_css_main_element=&#8221;align-items:center;&#8221; locked=&#8221;off&#8221;][et_pb_column type=&#8221;3_5&#8243; _builder_version=&#8221;4.8.2&#8243; _module_preset=&#8221;default&#8221;][et_pb_text content_tablet=&#8221; Kasvetaan yhdess\u00e4 Tutustu meihin ja valmistaudu liittym\u00e4\u00e4n Tidypayn tiimiin. Osaavat ihmiset ovat meille kaikki kaikessa, ja otamme mielell\u00e4mme tiimiimme uusia intohimoisia ja luovia j\u00e4seni\u00e4. Oletko valmis luomaan tulevaisuuden maksuratkaisuja? \u00a0 \u00a0 &#8221; content_phone=&#8221; Kasvetaan yhdess\u00e4 Tutustu [&hellip;]<\/p>\n","protected":false},"author":34423,"featured_media":0,"parent":0,"menu_order":0,"comment_status":"closed","ping_status":"closed","template":"","meta":{"_et_pb_use_builder":"on","_et_pb_old_content":"","_et_gb_content_width":"","footnotes":""},"class_list":["post-25459","page","type-page","status-publish","hentry"],"yoast_head":"<!-- This site is optimized with the Yoast SEO plugin v27.4 - https:\/\/yoast.com\/product\/yoast-seo-wordpress\/ -->\n<title>Ura - Tidypay | Finland<\/title>\n<meta name=\"robots\" content=\"index, follow, max-snippet:-1, max-image-preview:large, max-video-preview:-1\" \/>\n<link rel=\"canonical\" href=\"https:\/\/tidypay.com\/fi\/ura\/\" \/>\n<meta property=\"og:locale\" content=\"en_US\" \/>\n<meta property=\"og:type\" content=\"article\" \/>\n<meta property=\"og:title\" content=\"Ura - Tidypay | Finland\" \/>\n<meta property=\"og:description\" content=\"[et_pb_section fb_built=&#8221;1&#8243; _builder_version=&#8221;4.9.6&#8243; _module_preset=&#8221;default&#8221; background_enable_color=&#8221;off&#8221; custom_padding=&#8221;||23px|||&#8221; box_shadow_style=&#8221;preset3&#8243; locked=&#8221;off&#8221;][et_pb_row column_structure=&#8221;3_5,2_5&#8243; make_equal=&#8221;on&#8221; _builder_version=&#8221;4.9.6&#8243; _module_preset=&#8221;default&#8221; custom_margin=&#8221;10px||10px||true|false&#8221; custom_css_main_element=&#8221;align-items:center;&#8221; locked=&#8221;off&#8221;][et_pb_column type=&#8221;3_5&#8243; _builder_version=&#8221;4.8.2&#8243; _module_preset=&#8221;default&#8221;][et_pb_text content_tablet=&#8221; Kasvetaan yhdess\u00e4 Tutustu meihin ja valmistaudu liittym\u00e4\u00e4n Tidypayn tiimiin. Osaavat ihmiset ovat meille kaikki kaikessa, ja otamme mielell\u00e4mme tiimiimme uusia intohimoisia ja luovia j\u00e4seni\u00e4. Oletko valmis luomaan tulevaisuuden maksuratkaisuja? \u00a0 \u00a0 &#8221; content_phone=&#8221; Kasvetaan yhdess\u00e4 Tutustu [&hellip;]\" \/>\n<meta property=\"og:url\" content=\"https:\/\/tidypay.com\/fi\/ura\/\" \/>\n<meta property=\"og:site_name\" content=\"Tidypay | Finland\" \/>\n<meta property=\"article:modified_time\" content=\"2022-05-19T13:24:08+00:00\" \/>\n<meta name=\"twitter:card\" content=\"summary_large_image\" \/>\n<script type=\"application\/ld+json\" class=\"yoast-schema-graph\">{\"@context\":\"https:\\\/\\\/schema.org\",\"@graph\":[{\"@type\":\"WebPage\",\"@id\":\"https:\\\/\\\/tidypay.com\\\/fi\\\/ura\\\/\",\"url\":\"https:\\\/\\\/tidypay.com\\\/fi\\\/ura\\\/\",\"name\":\"Ura - Tidypay | Finland\",\"isPartOf\":{\"@id\":\"https:\\\/\\\/tidypay.com\\\/fi\\\/#website\"},\"datePublished\":\"2022-02-22T12:56:08+00:00\",\"dateModified\":\"2022-05-19T13:24:08+00:00\",\"breadcrumb\":{\"@id\":\"https:\\\/\\\/tidypay.com\\\/fi\\\/ura\\\/#breadcrumb\"},\"inLanguage\":\"en-US\",\"potentialAction\":[{\"@type\":\"ReadAction\",\"target\":[\"https:\\\/\\\/tidypay.com\\\/fi\\\/ura\\\/\"]}]},{\"@type\":\"BreadcrumbList\",\"@id\":\"https:\\\/\\\/tidypay.com\\\/fi\\\/ura\\\/#breadcrumb\",\"itemListElement\":[{\"@type\":\"ListItem\",\"position\":1,\"name\":\"Home\",\"item\":\"https:\\\/\\\/tidypay.com\\\/fi\\\/\"},{\"@type\":\"ListItem\",\"position\":2,\"name\":\"Ura\"}]},{\"@type\":\"WebSite\",\"@id\":\"https:\\\/\\\/tidypay.com\\\/fi\\\/#website\",\"url\":\"https:\\\/\\\/tidypay.com\\\/fi\\\/\",\"name\":\"Tidypay | Finland\",\"description\":\"\",\"potentialAction\":[{\"@type\":\"SearchAction\",\"target\":{\"@type\":\"EntryPoint\",\"urlTemplate\":\"https:\\\/\\\/tidypay.com\\\/fi\\\/?s={search_term_string}\"},\"query-input\":{\"@type\":\"PropertyValueSpecification\",\"valueRequired\":true,\"valueName\":\"search_term_string\"}}],\"inLanguage\":\"en-US\"}]}<\/script>\n<!-- \/ Yoast SEO plugin. -->","yoast_head_json":{"title":"Ura - Tidypay | Finland","robots":{"index":"index","follow":"follow","max-snippet":"max-snippet:-1","max-image-preview":"max-image-preview:large","max-video-preview":"max-video-preview:-1"},"canonical":"https:\/\/tidypay.com\/fi\/ura\/","og_locale":"en_US","og_type":"article","og_title":"Ura - Tidypay | Finland","og_description":"[et_pb_section fb_built=&#8221;1&#8243; _builder_version=&#8221;4.9.6&#8243; _module_preset=&#8221;default&#8221; background_enable_color=&#8221;off&#8221; custom_padding=&#8221;||23px|||&#8221; box_shadow_style=&#8221;preset3&#8243; locked=&#8221;off&#8221;][et_pb_row column_structure=&#8221;3_5,2_5&#8243; make_equal=&#8221;on&#8221; _builder_version=&#8221;4.9.6&#8243; _module_preset=&#8221;default&#8221; custom_margin=&#8221;10px||10px||true|false&#8221; custom_css_main_element=&#8221;align-items:center;&#8221; locked=&#8221;off&#8221;][et_pb_column type=&#8221;3_5&#8243; _builder_version=&#8221;4.8.2&#8243; _module_preset=&#8221;default&#8221;][et_pb_text content_tablet=&#8221; Kasvetaan yhdess\u00e4 Tutustu meihin ja valmistaudu liittym\u00e4\u00e4n Tidypayn tiimiin. Osaavat ihmiset ovat meille kaikki kaikessa, ja otamme mielell\u00e4mme tiimiimme uusia intohimoisia ja luovia j\u00e4seni\u00e4. Oletko valmis luomaan tulevaisuuden maksuratkaisuja? \u00a0 \u00a0 &#8221; content_phone=&#8221; Kasvetaan yhdess\u00e4 Tutustu [&hellip;]","og_url":"https:\/\/tidypay.com\/fi\/ura\/","og_site_name":"Tidypay | Finland","article_modified_time":"2022-05-19T13:24:08+00:00","twitter_card":"summary_large_image","schema":{"@context":"https:\/\/schema.org","@graph":[{"@type":"WebPage","@id":"https:\/\/tidypay.com\/fi\/ura\/","url":"https:\/\/tidypay.com\/fi\/ura\/","name":"Ura - Tidypay | Finland","isPartOf":{"@id":"https:\/\/tidypay.com\/fi\/#website"},"datePublished":"2022-02-22T12:56:08+00:00","dateModified":"2022-05-19T13:24:08+00:00","breadcrumb":{"@id":"https:\/\/tidypay.com\/fi\/ura\/#breadcrumb"},"inLanguage":"en-US","potentialAction":[{"@type":"ReadAction","target":["https:\/\/tidypay.com\/fi\/ura\/"]}]},{"@type":"BreadcrumbList","@id":"https:\/\/tidypay.com\/fi\/ura\/#breadcrumb","itemListElement":[{"@type":"ListItem","position":1,"name":"Home","item":"https:\/\/tidypay.com\/fi\/"},{"@type":"ListItem","position":2,"name":"Ura"}]},{"@type":"WebSite","@id":"https:\/\/tidypay.com\/fi\/#website","url":"https:\/\/tidypay.com\/fi\/","name":"Tidypay | Finland","description":"","potentialAction":[{"@type":"SearchAction","target":{"@type":"EntryPoint","urlTemplate":"https:\/\/tidypay.com\/fi\/?s={search_term_string}"},"query-input":{"@type":"PropertyValueSpecification","valueRequired":true,"valueName":"search_term_string"}}],"inLanguage":"en-US"}]}},"_links":{"self":[{"href":"https:\/\/tidypay.com\/fi\/wp-json\/wp\/v2\/pages\/25459","targetHints":{"allow":["GET"]}}],"collection":[{"href":"https:\/\/tidypay.com\/fi\/wp-json\/wp\/v2\/pages"}],"about":[{"href":"https:\/\/tidypay.com\/fi\/wp-json\/wp\/v2\/types\/page"}],"author":[{"embeddable":true,"href":"https:\/\/tidypay.com\/fi\/wp-json\/wp\/v2\/users\/34423"}],"replies":[{"embeddable":true,"href":"https:\/\/tidypay.com\/fi\/wp-json\/wp\/v2\/comments?post=25459"}],"version-history":[{"count":0,"href":"https:\/\/tidypay.com\/fi\/wp-json\/wp\/v2\/pages\/25459\/revisions"}],"wp:attachment":[{"href":"https:\/\/tidypay.com\/fi\/wp-json\/wp\/v2\/media?parent=25459"}],"curies":[{"name":"wp","href":"https:\/\/api.w.org\/{rel}","templated":true}]}}