{"id":127,"date":"2022-04-11T12:01:01","date_gmt":"2022-04-11T12:01:01","guid":{"rendered":"https:\/\/tidypay.com\/pl\/?page_id=127"},"modified":"2022-05-20T10:07:03","modified_gmt":"2022-05-20T10:07:03","slug":"kariery","status":"publish","type":"page","link":"https:\/\/tidypay.com\/pl\/kariery\/","title":{"rendered":"Kariery"},"content":{"rendered":"<p>[et_pb_section fb_built=&#8221;1&#8243; _builder_version=&#8221;4.9.6&#8243; _module_preset=&#8221;default&#8221; background_enable_color=&#8221;off&#8221; custom_padding=&#8221;||23px|||&#8221; box_shadow_style=&#8221;preset3&#8243; locked=&#8221;off&#8221;][et_pb_row column_structure=&#8221;3_5,2_5&#8243; make_equal=&#8221;on&#8221; _builder_version=&#8221;4.9.6&#8243; _module_preset=&#8221;default&#8221; custom_margin=&#8221;10px||10px||true|false&#8221; custom_css_main_element=&#8221;align-items:center;&#8221; locked=&#8221;off&#8221;][et_pb_column type=&#8221;3_5&#8243; _builder_version=&#8221;4.8.2&#8243; _module_preset=&#8221;default&#8221;][et_pb_text content_tablet=&#8221;<\/p>\n<h1 class=%22p1%22 style=%22text-align: left;%22><strong>Wsp\u00f3lny rozw\u00f3j<\/strong><\/h1>\n<p><span style=%22font-weight: 400;%22>Poznaj nas i do\u0142\u0105cz do zespo\u0142u Tidypay. Lubimy mie\u0107 na pok\u0142adzie utalentowanych ludzi i zawsze szukamy pe\u0142nych pasji i kreatywnych os\u00f3b, kt\u00f3re mog\u0142yby do\u0142\u0105czy\u0107 do naszego zespo\u0142u.<\/span><\/p>\n<p><span style=%22font-weight: 400;%22>Gotowy, aby do\u0142\u0105czy\u0107 do przysz\u0142ego \u015bwiata p\u0142atno\u015bci?<\/span><\/p>\n<p>&#8221; content_phone=&#8221;<\/p>\n<h1 class=%22p1%22 style=%22text-align: left;%22><strong>Wsp\u00f3lny rozw\u00f3j<\/strong><\/h1>\n<p><span style=%22font-weight: 400;%22>Poznaj nas i do\u0142\u0105cz do zespo\u0142u Tidypay. Lubimy mie\u0107 na pok\u0142adzie utalentowanych ludzi i zawsze szukamy pe\u0142nych pasji i kreatywnych os\u00f3b, kt\u00f3re mog\u0142yby do\u0142\u0105czy\u0107 do naszego zespo\u0142u.<\/span><\/p>\n<p><span style=%22font-weight: 400;%22>Gotowy, aby do\u0142\u0105czy\u0107 do przysz\u0142ego \u015bwiata p\u0142atno\u015bci?<\/span><\/p>\n<p>&#8221; content_last_edited=&#8221;on|phone&#8221; _builder_version=&#8221;4.9.6&#8243; _module_preset=&#8221;default&#8221; text_text_color=&#8221;#1C1C1C&#8221; text_font_size=&#8221;22px&#8221; text_line_height=&#8221;1.4em&#8221; header_text_color=&#8221;#ff6600&#8243; header_font_size=&#8221;50px&#8221; header_2_text_align=&#8221;left&#8221; header_2_text_color=&#8221;#ff6600&#8243; header_2_font_size=&#8221;70px&#8221; header_3_text_color=&#8221;#ffffff&#8221; header_3_font_size=&#8221;30px&#8221; max_width=&#8221;800px&#8221; module_alignment=&#8221;center&#8221; hover_enabled=&#8221;0&#8243; header_font_size_tablet=&#8221;&#8221; header_font_size_phone=&#8221;45px&#8221; header_font_size_last_edited=&#8221;on|phone&#8221; header_2_font_size_tablet=&#8221;&#8221; header_2_font_size_phone=&#8221;40px&#8221; header_2_font_size_last_edited=&#8221;on|desktop&#8221; sticky_enabled=&#8221;0&#8243;]<\/p>\n<h1 class=\"p1\" style=\"text-align: left;\"><strong>Wsp\u00f3lny rozw\u00f3j<\/strong><\/h1>\n<p><span style=\"font-weight: 400;\">Poznaj nas i do\u0142\u0105cz do zespo\u0142u Tidypay. Lubimy mie\u0107 na pok\u0142adzie utalentowanych ludzi i zawsze szukamy pe\u0142nych pasji i kreatywnych os\u00f3b, kt\u00f3re mog\u0142yby do\u0142\u0105czy\u0107 do naszego zespo\u0142u.<\/span><\/p>\n<p><span style=\"font-weight: 400;\">Gotowy, aby do\u0142\u0105czy\u0107 do przysz\u0142ego \u015bwiata p\u0142atno\u015bci?<\/span><\/p>\n<p>[\/et_pb_text][\/et_pb_column][et_pb_column type=&#8221;2_5&#8243; _builder_version=&#8221;4.8.2&#8243; _module_preset=&#8221;default&#8221;][et_pb_image src=&#8221;https:\/\/tidypay.com\/pl\/wp-content\/uploads\/sites\/6\/2022\/04\/Tidypaygo_picture_15-1-scaled-1.jpg&#8221; title_text=&#8221;Tidypay.payment.about.us&#8221; _builder_version=&#8221;4.9.6&#8243; _module_preset=&#8221;default&#8221; border_radii=&#8221;on|10px|10px|10px|10px&#8221;][\/et_pb_image][\/et_pb_column][\/et_pb_row][\/et_pb_section][et_pb_section fb_built=&#8221;1&#8243; _builder_version=&#8221;4.9.6&#8243; _module_preset=&#8221;default&#8221; background_image=&#8221;https:\/\/tidypay.com\/pl\/wp-content\/uploads\/sites\/6\/2022\/04\/fjell-bakgrunn-Tidypay.png&#8221; background_position=&#8221;bottom_center&#8221; custom_padding=&#8221;25px||25px||true|false&#8221; locked=&#8221;off&#8221;][et_pb_row column_structure=&#8221;1_2,1_2&#8243; _builder_version=&#8221;4.9.6&#8243; _module_preset=&#8221;default&#8221; custom_margin=&#8221;100px||100px||true|false&#8221;][et_pb_column type=&#8221;1_2&#8243; _builder_version=&#8221;4.9.6&#8243; _module_preset=&#8221;default&#8221;][et_pb_image src=&#8221;https:\/\/tidypay.com\/pl\/wp-content\/uploads\/sites\/6\/2022\/04\/shutterstock_368581868-1.jpg&#8221; title_text=&#8221;Teamwork,Join,Hands,Support,Together,Concept&#8221; align=&#8221;center&#8221; _builder_version=&#8221;4.9.6&#8243; _module_preset=&#8221;default&#8221; width=&#8221;80%&#8221; border_radii=&#8221;on|10px|10px|10px|10px&#8221;][\/et_pb_image][\/et_pb_column][et_pb_column type=&#8221;1_2&#8243; _builder_version=&#8221;4.9.6&#8243; _module_preset=&#8221;default&#8221;][et_pb_text content_tablet=&#8221;<\/p>\n<h1 class=%22p1%22><strong>Akademia<\/strong><\/h1>\n<p class=%22p1%22><span style=%22font-weight: 400;%22>Dzi\u0119ki Akademii Tidypay zapewniamy pracownikom praktyk\u0119 i wiedz\u0119 niezb\u0119dn\u0105 do rozwoju, a tak\u017ce mo\u017cliwo\u015b\u0107 inwestowania w pracownik\u00f3w poprzez tworzenie platformy Tidypay.<\/span><\/p>\n<p class=%22p1%22><span style=%22font-weight: 400;%22>Nasza platforma Akademii Tidypay ma na celu umo\u017cliwienie ka\u017cdemu pracownikowi realizowania w\u0142asnego planu rozwoju i odkrywania mo\u017cliwo\u015bci poszerzania horyzont\u00f3w.<\/span><\/p>\n<p>&#8221; content_phone=&#8221;<\/p>\n<h1 class=%22p1%22><strong>Akademia<\/strong><\/h1>\n<p class=%22p1%22><span style=%22font-weight: 400;%22>Dzi\u0119ki Akademii Tidypay zapewniamy pracownikom praktyk\u0119 i wiedz\u0119 niezb\u0119dn\u0105 do rozwoju, a tak\u017ce mo\u017cliwo\u015b\u0107 inwestowania w pracownik\u00f3w poprzez tworzenie platformy Tidypay.<\/span><\/p>\n<p class=%22p1%22><span style=%22font-weight: 400;%22>Nasza platforma Akademii Tidypay ma na celu umo\u017cliwienie ka\u017cdemu pracownikowi realizowania w\u0142asnego planu rozwoju i odkrywania mo\u017cliwo\u015bci poszerzania horyzont\u00f3w.<\/span><\/p>\n<p>&#8221; content_last_edited=&#8221;on|phone&#8221; _builder_version=&#8221;4.9.6&#8243; _module_preset=&#8221;default&#8221; text_text_color=&#8221;#1C1C1C&#8221; text_font_size=&#8221;22px&#8221; text_line_height=&#8221;1.4em&#8221; header_text_color=&#8221;#ff6600&#8243; header_font_size=&#8221;50px&#8221; header_2_text_align=&#8221;left&#8221; header_2_text_color=&#8221;#ff6600&#8243; header_2_font_size=&#8221;70px&#8221; header_3_text_color=&#8221;#ffffff&#8221; header_3_font_size=&#8221;30px&#8221; max_width=&#8221;800px&#8221; module_alignment=&#8221;center&#8221; custom_margin=&#8221;35px||||false|false&#8221; animation_direction=&#8221;left&#8221; hover_enabled=&#8221;0&#8243; header_font_size_tablet=&#8221;&#8221; header_font_size_phone=&#8221;45px&#8221; header_font_size_last_edited=&#8221;on|phone&#8221; header_2_font_size_tablet=&#8221;&#8221; header_2_font_size_phone=&#8221;40px&#8221; header_2_font_size_last_edited=&#8221;on|desktop&#8221; sticky_enabled=&#8221;0&#8243;]<\/p>\n<h1 class=\"p1\"><strong>Akademia<\/strong><\/h1>\n<p class=\"p1\"><span style=\"font-weight: 400;\">Dzi\u0119ki Akademii Tidypay zapewniamy pracownikom praktyk\u0119 i wiedz\u0119 niezb\u0119dn\u0105 do rozwoju, a tak\u017ce mo\u017cliwo\u015b\u0107 inwestowania w pracownik\u00f3w poprzez tworzenie platformy Tidypay.<\/span><\/p>\n<p class=\"p1\"><span style=\"font-weight: 400;\">Nasza platforma Akademii Tidypay ma na celu umo\u017cliwienie ka\u017cdemu pracownikowi realizowania w\u0142asnego planu rozwoju i odkrywania mo\u017cliwo\u015bci poszerzania horyzont\u00f3w.<\/span><\/p>\n<p>[\/et_pb_text][\/et_pb_column][\/et_pb_row][\/et_pb_section][et_pb_section fb_built=&#8221;1&#8243; disabled_on=&#8221;off|off|off&#8221; _builder_version=&#8221;4.9.6&#8243; _module_preset=&#8221;default&#8221; custom_padding=&#8221;25px||25px||true|false&#8221; hover_enabled=&#8221;0&#8243; box_shadow_style=&#8221;preset1&#8243; locked=&#8221;off&#8221; sticky_enabled=&#8221;0&#8243;][et_pb_row _builder_version=&#8221;4.9.6&#8243; _module_preset=&#8221;default&#8221; custom_margin=&#8221;51px||51px||true|false&#8221; animation_style=&#8221;fade&#8221; hover_enabled=&#8221;0&#8243; locked=&#8221;off&#8221; sticky_enabled=&#8221;0&#8243;][et_pb_column type=&#8221;4_4&#8243; _builder_version=&#8221;4.8.2&#8243; _module_preset=&#8221;default&#8221;][et_pb_text content_tablet=&#8221;<\/p>\n<h1 class=%22p1%22 style=%22text-align: center;%22>Otwarte stanowiska<\/h1>\n<p>&#8221; content_phone=&#8221;<\/p>\n<h1 class=%22p1%22 style=%22text-align: center;%22>Otwarte stanowiska<\/h1>\n<p>&#8221; content_last_edited=&#8221;on|phone&#8221; _builder_version=&#8221;4.9.6&#8243; _module_preset=&#8221;default&#8221; text_text_color=&#8221;#1C1C1C&#8221; text_font_size=&#8221;22px&#8221; text_line_height=&#8221;1.4em&#8221; header_text_color=&#8221;#ff6600&#8243; header_font_size=&#8221;50px&#8221; header_2_text_align=&#8221;left&#8221; header_2_text_color=&#8221;#ff6600&#8243; header_2_font_size=&#8221;70px&#8221; header_3_text_color=&#8221;#ffffff&#8221; header_3_font_size=&#8221;30px&#8221; max_width=&#8221;800px&#8221; module_alignment=&#8221;center&#8221; hover_enabled=&#8221;0&#8243; header_font_size_tablet=&#8221;&#8221; header_font_size_phone=&#8221;45px&#8221; header_font_size_last_edited=&#8221;on|phone&#8221; header_2_font_size_tablet=&#8221;&#8221; header_2_font_size_phone=&#8221;40px&#8221; header_2_font_size_last_edited=&#8221;on|desktop&#8221; sticky_enabled=&#8221;0&#8243;]<\/p>\n<h1 class=\"p1\" style=\"text-align: center;\">Otwarte stanowiska<\/h1>\n<p>[\/et_pb_text][et_pb_button button_text=&#8221;Zobacz wi\u0119cej tutaj&#8221; _builder_version=&#8221;4.9.6&#8243; _module_preset=&#8221;default&#8221; button_alignment=&#8221;center&#8221; hover_enabled=&#8221;0&#8243; sticky_enabled=&#8221;0&#8243; custom_button=&#8221;on&#8221; button_text_color=&#8221;#000000&#8243; button_url=&#8221;https:\/\/tidypay.com\/career\/&#8221;][\/et_pb_button][\/et_pb_column][\/et_pb_row][\/et_pb_section]<\/p>\n","protected":false},"excerpt":{"rendered":"<p>[et_pb_section fb_built=&#8221;1&#8243; _builder_version=&#8221;4.9.6&#8243; _module_preset=&#8221;default&#8221; background_enable_color=&#8221;off&#8221; custom_padding=&#8221;||23px|||&#8221; box_shadow_style=&#8221;preset3&#8243; locked=&#8221;off&#8221;][et_pb_row column_structure=&#8221;3_5,2_5&#8243; make_equal=&#8221;on&#8221; _builder_version=&#8221;4.9.6&#8243; _module_preset=&#8221;default&#8221; custom_margin=&#8221;10px||10px||true|false&#8221; custom_css_main_element=&#8221;align-items:center;&#8221; locked=&#8221;off&#8221;][et_pb_column type=&#8221;3_5&#8243; _builder_version=&#8221;4.8.2&#8243; _module_preset=&#8221;default&#8221;][et_pb_text content_tablet=&#8221; Wsp\u00f3lny rozw\u00f3j Poznaj nas i do\u0142\u0105cz do zespo\u0142u Tidypay. Lubimy mie\u0107 na pok\u0142adzie utalentowanych ludzi i zawsze szukamy pe\u0142nych pasji i kreatywnych os\u00f3b, kt\u00f3re mog\u0142yby do\u0142\u0105czy\u0107 do naszego zespo\u0142u. Gotowy, aby do\u0142\u0105czy\u0107 do przysz\u0142ego \u015bwiata p\u0142atno\u015bci? [&hellip;]<\/p>\n","protected":false},"author":34423,"featured_media":0,"parent":0,"menu_order":0,"comment_status":"closed","ping_status":"closed","template":"","meta":{"_et_pb_use_builder":"on","_et_pb_old_content":"<!-- wp:paragraph -->\n<p>das<\/p>\n<!-- \/wp:paragraph -->","_et_gb_content_width":"","footnotes":""},"class_list":["post-127","page","type-page","status-publish","hentry"],"yoast_head":"<!-- This site is optimized with the Yoast SEO plugin v27.4 - https:\/\/yoast.com\/product\/yoast-seo-wordpress\/ -->\n<title>Kariery - Tidypay | Poland<\/title>\n<meta name=\"robots\" content=\"index, follow, max-snippet:-1, max-image-preview:large, max-video-preview:-1\" \/>\n<link rel=\"canonical\" href=\"https:\/\/tidypay.com\/pl\/kariery\/\" \/>\n<meta property=\"og:locale\" content=\"en_US\" \/>\n<meta property=\"og:type\" content=\"article\" \/>\n<meta property=\"og:title\" content=\"Kariery - Tidypay | Poland\" \/>\n<meta property=\"og:description\" content=\"[et_pb_section fb_built=&#8221;1&#8243; _builder_version=&#8221;4.9.6&#8243; _module_preset=&#8221;default&#8221; background_enable_color=&#8221;off&#8221; custom_padding=&#8221;||23px|||&#8221; box_shadow_style=&#8221;preset3&#8243; locked=&#8221;off&#8221;][et_pb_row column_structure=&#8221;3_5,2_5&#8243; make_equal=&#8221;on&#8221; _builder_version=&#8221;4.9.6&#8243; _module_preset=&#8221;default&#8221; custom_margin=&#8221;10px||10px||true|false&#8221; custom_css_main_element=&#8221;align-items:center;&#8221; locked=&#8221;off&#8221;][et_pb_column type=&#8221;3_5&#8243; _builder_version=&#8221;4.8.2&#8243; _module_preset=&#8221;default&#8221;][et_pb_text content_tablet=&#8221; Wsp\u00f3lny rozw\u00f3j Poznaj nas i do\u0142\u0105cz do zespo\u0142u Tidypay. Lubimy mie\u0107 na pok\u0142adzie utalentowanych ludzi i zawsze szukamy pe\u0142nych pasji i kreatywnych os\u00f3b, kt\u00f3re mog\u0142yby do\u0142\u0105czy\u0107 do naszego zespo\u0142u. Gotowy, aby do\u0142\u0105czy\u0107 do przysz\u0142ego \u015bwiata p\u0142atno\u015bci? [&hellip;]\" \/>\n<meta property=\"og:url\" content=\"https:\/\/tidypay.com\/pl\/kariery\/\" \/>\n<meta property=\"og:site_name\" content=\"Tidypay | Poland\" \/>\n<meta property=\"article:modified_time\" content=\"2022-05-20T10:07:03+00:00\" \/>\n<meta name=\"twitter:card\" content=\"summary_large_image\" \/>\n<meta name=\"twitter:label1\" content=\"Est. reading time\" \/>\n\t<meta name=\"twitter:data1\" content=\"1 minute\" \/>\n<script type=\"application\/ld+json\" class=\"yoast-schema-graph\">{\"@context\":\"https:\\\/\\\/schema.org\",\"@graph\":[{\"@type\":\"WebPage\",\"@id\":\"https:\\\/\\\/tidypay.com\\\/pl\\\/kariery\\\/\",\"url\":\"https:\\\/\\\/tidypay.com\\\/pl\\\/kariery\\\/\",\"name\":\"Kariery - Tidypay | Poland\",\"isPartOf\":{\"@id\":\"https:\\\/\\\/tidypay.com\\\/pl\\\/#website\"},\"datePublished\":\"2022-04-11T12:01:01+00:00\",\"dateModified\":\"2022-05-20T10:07:03+00:00\",\"breadcrumb\":{\"@id\":\"https:\\\/\\\/tidypay.com\\\/pl\\\/kariery\\\/#breadcrumb\"},\"inLanguage\":\"en-US\",\"potentialAction\":[{\"@type\":\"ReadAction\",\"target\":[\"https:\\\/\\\/tidypay.com\\\/pl\\\/kariery\\\/\"]}]},{\"@type\":\"BreadcrumbList\",\"@id\":\"https:\\\/\\\/tidypay.com\\\/pl\\\/kariery\\\/#breadcrumb\",\"itemListElement\":[{\"@type\":\"ListItem\",\"position\":1,\"name\":\"Home\",\"item\":\"https:\\\/\\\/tidypay.com\\\/pl\\\/\"},{\"@type\":\"ListItem\",\"position\":2,\"name\":\"Kariery\"}]},{\"@type\":\"WebSite\",\"@id\":\"https:\\\/\\\/tidypay.com\\\/pl\\\/#website\",\"url\":\"https:\\\/\\\/tidypay.com\\\/pl\\\/\",\"name\":\"Tidypay | Poland\",\"description\":\"\",\"potentialAction\":[{\"@type\":\"SearchAction\",\"target\":{\"@type\":\"EntryPoint\",\"urlTemplate\":\"https:\\\/\\\/tidypay.com\\\/pl\\\/?s={search_term_string}\"},\"query-input\":{\"@type\":\"PropertyValueSpecification\",\"valueRequired\":true,\"valueName\":\"search_term_string\"}}],\"inLanguage\":\"en-US\"}]}<\/script>\n<!-- \/ Yoast SEO plugin. -->","yoast_head_json":{"title":"Kariery - Tidypay | Poland","robots":{"index":"index","follow":"follow","max-snippet":"max-snippet:-1","max-image-preview":"max-image-preview:large","max-video-preview":"max-video-preview:-1"},"canonical":"https:\/\/tidypay.com\/pl\/kariery\/","og_locale":"en_US","og_type":"article","og_title":"Kariery - Tidypay | Poland","og_description":"[et_pb_section fb_built=&#8221;1&#8243; _builder_version=&#8221;4.9.6&#8243; _module_preset=&#8221;default&#8221; background_enable_color=&#8221;off&#8221; custom_padding=&#8221;||23px|||&#8221; box_shadow_style=&#8221;preset3&#8243; locked=&#8221;off&#8221;][et_pb_row column_structure=&#8221;3_5,2_5&#8243; make_equal=&#8221;on&#8221; _builder_version=&#8221;4.9.6&#8243; _module_preset=&#8221;default&#8221; custom_margin=&#8221;10px||10px||true|false&#8221; custom_css_main_element=&#8221;align-items:center;&#8221; locked=&#8221;off&#8221;][et_pb_column type=&#8221;3_5&#8243; _builder_version=&#8221;4.8.2&#8243; _module_preset=&#8221;default&#8221;][et_pb_text content_tablet=&#8221; Wsp\u00f3lny rozw\u00f3j Poznaj nas i do\u0142\u0105cz do zespo\u0142u Tidypay. Lubimy mie\u0107 na pok\u0142adzie utalentowanych ludzi i zawsze szukamy pe\u0142nych pasji i kreatywnych os\u00f3b, kt\u00f3re mog\u0142yby do\u0142\u0105czy\u0107 do naszego zespo\u0142u. Gotowy, aby do\u0142\u0105czy\u0107 do przysz\u0142ego \u015bwiata p\u0142atno\u015bci? [&hellip;]","og_url":"https:\/\/tidypay.com\/pl\/kariery\/","og_site_name":"Tidypay | Poland","article_modified_time":"2022-05-20T10:07:03+00:00","twitter_card":"summary_large_image","twitter_misc":{"Est. reading time":"1 minute"},"schema":{"@context":"https:\/\/schema.org","@graph":[{"@type":"WebPage","@id":"https:\/\/tidypay.com\/pl\/kariery\/","url":"https:\/\/tidypay.com\/pl\/kariery\/","name":"Kariery - Tidypay | Poland","isPartOf":{"@id":"https:\/\/tidypay.com\/pl\/#website"},"datePublished":"2022-04-11T12:01:01+00:00","dateModified":"2022-05-20T10:07:03+00:00","breadcrumb":{"@id":"https:\/\/tidypay.com\/pl\/kariery\/#breadcrumb"},"inLanguage":"en-US","potentialAction":[{"@type":"ReadAction","target":["https:\/\/tidypay.com\/pl\/kariery\/"]}]},{"@type":"BreadcrumbList","@id":"https:\/\/tidypay.com\/pl\/kariery\/#breadcrumb","itemListElement":[{"@type":"ListItem","position":1,"name":"Home","item":"https:\/\/tidypay.com\/pl\/"},{"@type":"ListItem","position":2,"name":"Kariery"}]},{"@type":"WebSite","@id":"https:\/\/tidypay.com\/pl\/#website","url":"https:\/\/tidypay.com\/pl\/","name":"Tidypay | Poland","description":"","potentialAction":[{"@type":"SearchAction","target":{"@type":"EntryPoint","urlTemplate":"https:\/\/tidypay.com\/pl\/?s={search_term_string}"},"query-input":{"@type":"PropertyValueSpecification","valueRequired":true,"valueName":"search_term_string"}}],"inLanguage":"en-US"}]}},"_links":{"self":[{"href":"https:\/\/tidypay.com\/pl\/wp-json\/wp\/v2\/pages\/127","targetHints":{"allow":["GET"]}}],"collection":[{"href":"https:\/\/tidypay.com\/pl\/wp-json\/wp\/v2\/pages"}],"about":[{"href":"https:\/\/tidypay.com\/pl\/wp-json\/wp\/v2\/types\/page"}],"author":[{"embeddable":true,"href":"https:\/\/tidypay.com\/pl\/wp-json\/wp\/v2\/users\/34423"}],"replies":[{"embeddable":true,"href":"https:\/\/tidypay.com\/pl\/wp-json\/wp\/v2\/comments?post=127"}],"version-history":[{"count":0,"href":"https:\/\/tidypay.com\/pl\/wp-json\/wp\/v2\/pages\/127\/revisions"}],"wp:attachment":[{"href":"https:\/\/tidypay.com\/pl\/wp-json\/wp\/v2\/media?parent=127"}],"curies":[{"name":"wp","href":"https:\/\/api.w.org\/{rel}","templated":true}]}}