{"id":130,"date":"2022-04-11T12:03:26","date_gmt":"2022-04-11T12:03:26","guid":{"rendered":"https:\/\/tidypay.com\/pl\/?page_id=130"},"modified":"2022-05-20T10:14:14","modified_gmt":"2022-05-20T10:14:14","slug":"webinar","status":"publish","type":"page","link":"https:\/\/tidypay.com\/pl\/webinar\/","title":{"rendered":"Webinar"},"content":{"rendered":"<p>[et_pb_section fb_built=&#8221;1&#8243; specialty=&#8221;on&#8221; _builder_version=&#8221;4.9.6&#8243; _module_preset=&#8221;default&#8221; background_enable_color=&#8221;off&#8221; custom_padding=&#8221;||9px|||&#8221; box_shadow_style=&#8221;preset1&#8243; background__hover_enabled=&#8221;on|hover&#8221; background_color__hover=&#8221;rgba(255,102,0,0.02)&#8221; background_enable_color__hover=&#8221;on&#8221;][et_pb_column type=&#8221;1_2&#8243; _builder_version=&#8221;3.25&#8243; custom_padding=&#8221;|||&#8221; custom_padding__hover=&#8221;|||&#8221;][et_pb_text _builder_version=&#8221;4.9.6&#8243; _module_preset=&#8221;default&#8221; text_text_color=&#8221;#ffffff&#8221; text_font_size=&#8221;18px&#8221; header_text_color=&#8221;#ffffff&#8221; header_font_size=&#8221;50px&#8221; header_2_text_color=&#8221;#ffffff&#8221; header_2_font_size=&#8221;85px&#8221; header_3_text_color=&#8221;#ffffff&#8221; header_3_font_size=&#8221;30px&#8221; hover_enabled=&#8221;0&#8243; header_font_size_tablet=&#8221;&#8221; header_font_size_phone=&#8221;35px&#8221; header_font_size_last_edited=&#8221;on|phone&#8221; header_2_font_size_tablet=&#8221;&#8221; header_2_font_size_phone=&#8221;40px&#8221; header_2_font_size_last_edited=&#8221;on|desktop&#8221; sticky_enabled=&#8221;0&#8243;]<\/p>\n<h1><strong><span style=\"color: #000000;\">Filmy z webinar\u00f3w<\/span><\/strong><\/h1>\n<p>[\/et_pb_text][et_pb_text content_tablet=&#8221;<\/p>\n<p><span style=%22color: #000000;%22>Podczas naszych webinar\u00f3w zgromadzili\u015bmy mn\u00f3stwo przydatnej wiedzy. Na tych filmach z webinar\u00f3w mo\u017cesz dowiedzie\u0107 si\u0119 wi\u0119cej o Tidypay. Zach\u0119camy do zapoznania si\u0119 z naszymi u\u0142atwieniami w dokonywaniu p\u0142atno\u015bci.<\/span><\/p>\n<p>&#8221; content_phone=&#8221;<\/p>\n<p><span style=%22color: #000000;%22>Podczas naszych webinar\u00f3w zgromadzili\u015bmy mn\u00f3stwo przydatnej wiedzy. Na tych filmach z webinar\u00f3w mo\u017cesz dowiedzie\u0107 si\u0119 wi\u0119cej o Tidypay. Zach\u0119camy do zapoznania si\u0119 z naszymi u\u0142atwieniami w dokonywaniu p\u0142atno\u015bci.<\/span><\/p>\n<p>&#8221; content_last_edited=&#8221;on|phone&#8221; _builder_version=&#8221;4.9.6&#8243; _module_preset=&#8221;default&#8221; text_text_color=&#8221;#ffffff&#8221; text_font_size=&#8221;18px&#8221; text_line_height=&#8221;1.5em&#8221; header_text_color=&#8221;#ffffff&#8221; header_font_size=&#8221;60px&#8221; header_2_text_color=&#8221;#ffffff&#8221; header_2_font_size=&#8221;85px&#8221; header_3_text_color=&#8221;#ffffff&#8221; header_3_font_size=&#8221;30px&#8221; width=&#8221;100%&#8221; custom_margin=&#8221;-10px||||false|false&#8221; hover_enabled=&#8221;0&#8243; header_font_size_tablet=&#8221;&#8221; header_font_size_phone=&#8221;45px&#8221; header_font_size_last_edited=&#8221;on|phone&#8221; header_2_font_size_tablet=&#8221;&#8221; header_2_font_size_phone=&#8221;40px&#8221; header_2_font_size_last_edited=&#8221;on|desktop&#8221; sticky_enabled=&#8221;0&#8243;]<\/p>\n<p><span style=\"color: #000000;\">Podczas naszych webinar\u00f3w zgromadzili\u015bmy mn\u00f3stwo przydatnej wiedzy. Na tych filmach z webinar\u00f3w mo\u017cesz dowiedzie\u0107 si\u0119 wi\u0119cej o Tidypay. Zach\u0119camy do zapoznania si\u0119 z naszymi u\u0142atwieniami w dokonywaniu p\u0142atno\u015bci.<\/span><\/p>\n<p>[\/et_pb_text][\/et_pb_column][et_pb_column type=&#8221;1_2&#8243; specialty_columns=&#8221;2&#8243; _builder_version=&#8221;3.25&#8243; custom_padding=&#8221;|||&#8221; custom_padding__hover=&#8221;|||&#8221;][et_pb_row_inner _builder_version=&#8221;4.9.6&#8243; _module_preset=&#8221;default&#8221; custom_margin=&#8221;10px||||false|false&#8221;][et_pb_column_inner saved_specialty_column_type=&#8221;1_2&#8243; _builder_version=&#8221;4.9.6&#8243; _module_preset=&#8221;default&#8221;][et_pb_image src=&#8221;https:\/\/tidypay.com\/pl\/wp-content\/uploads\/sites\/6\/2022\/04\/web.png&#8221; title_text=&#8221;web&#8221; _builder_version=&#8221;4.9.6&#8243; _module_preset=&#8221;default&#8221;][\/et_pb_image][\/et_pb_column_inner][\/et_pb_row_inner][\/et_pb_column][\/et_pb_section][et_pb_section fb_built=&#8221;1&#8243; _builder_version=&#8221;4.9.6&#8243; _module_preset=&#8221;default&#8221; background_image=&#8221;https:\/\/tidypay.com\/pl\/wp-content\/uploads\/sites\/6\/2022\/04\/shutterstock_319351910.png&#8221; min_height=&#8221;773px&#8221;][et_pb_row column_structure=&#8221;1_2,1_2&#8243; _builder_version=&#8221;4.9.6&#8243; _module_preset=&#8221;default&#8221; hover_enabled=&#8221;0&#8243; locked=&#8221;off&#8221; sticky_enabled=&#8221;0&#8243;][et_pb_column type=&#8221;1_2&#8243; _builder_version=&#8221;4.9.6&#8243; _module_preset=&#8221;default&#8221;][et_pb_text _builder_version=&#8221;4.9.6&#8243; _module_preset=&#8221;default&#8221; text_line_height=&#8221;0.5em&#8221; custom_margin=&#8221;-25px||||false|false&#8221; hover_enabled=&#8221;0&#8243; header_font_size_tablet=&#8221;30px&#8221; header_font_size_phone=&#8221;30px&#8221; header_font_size_last_edited=&#8221;on|desktop&#8221; sticky_enabled=&#8221;0&#8243;]<\/p>\n<h1 style=\"text-align: left;\"><span style=\"color: #000000;\">Tidypay x Sunmi Webinar<\/span><\/h1>\n<p>[\/et_pb_text][et_pb_divider _builder_version=&#8221;4.9.6&#8243; _module_preset=&#8221;default&#8221; custom_margin=&#8221;-20px|20px|||false|false&#8221; hover_enabled=&#8221;0&#8243; sticky_enabled=&#8221;0&#8243; divider_weight=&#8221;0.4vw&#8221; width=&#8221;270px&#8221; animation_style=&#8221;slide&#8221; divider_weight_last_edited=&#8221;on|phone&#8221;][\/et_pb_divider][et_pb_text content_tablet=&#8221;<\/p>\n<p><strong><span style=%22color: #000000;%22>Temat: <\/span><\/strong><span style=%22color: #000000;%22>Tidypay One features, services and configurations <strong>\/\/<\/strong> Sunmi Technology Products P2 Pro and P2 Mini<\/span><\/p>\n<p><span style=%22color: #000000;%22><strong>Data:<\/strong> 25th november 2021<\/span><\/p>\n<p><span style=%22color: #000000;%22><strong>Prowadz\u0105cy:<\/strong> Lars-Erik Bj\u00f8rshol, Tidypay<\/span><\/p>\n<p><span style=%22color: #000000;%22><strong>Wsp\u00f3\u0142prowadz\u0105cy:<\/strong> Vincent Fillaud, Sunmi Technology<\/span><span>\u00a0<\/span><\/p>\n<p>&#8221; content_phone=&#8221;<\/p>\n<p><strong><span style=%22color: #000000;%22>Temat: <\/span><\/strong><span style=%22color: #000000;%22>Tidypay One features, services and configurations <strong>\/\/<\/strong> Sunmi Technology Products P2 Pro and P2 Mini<\/span><\/p>\n<p><span style=%22color: #000000;%22><strong>Data:<\/strong> 25th november 2021<\/span><\/p>\n<p><span style=%22color: #000000;%22><strong>Prowadz\u0105cy:<\/strong> Lars-Erik Bj\u00f8rshol, Tidypay<\/span><\/p>\n<p><span style=%22color: #000000;%22><strong>Wsp\u00f3\u0142prowadz\u0105cy:<\/strong> Vincent Fillaud, Sunmi Technology<\/span><span>\u00a0<\/span><\/p>\n<p>&#8221; content_last_edited=&#8221;on|phone&#8221; _builder_version=&#8221;4.9.6&#8243; _module_preset=&#8221;default&#8221; ul_text_color=&#8221;#ff6600&#8243; custom_margin=&#8221;-8px||||false|false&#8221; hover_enabled=&#8221;0&#8243; sticky_enabled=&#8221;0&#8243;]<\/p>\n<p><strong><span style=\"color: #000000;\">Temat: <\/span><\/strong><span style=\"color: #000000;\">Tidypay One features, services and configurations <strong>\/\/<\/strong> Sunmi Technology Products P2 Pro and P2 Mini<\/span><\/p>\n<p><span style=\"color: #000000;\"><strong>Data:<\/strong> 25th november 2021<\/span><\/p>\n<p><span style=\"color: #000000;\"><strong>Prowadz\u0105cy:<\/strong> Lars-Erik Bj\u00f8rshol, Tidypay<\/span><\/p>\n<p><span style=\"color: #000000;\"><strong>Wsp\u00f3\u0142prowadz\u0105cy:<\/strong> Vincent Fillaud, Sunmi Technology<\/span><span>\u00a0<\/span><\/p>\n<p>[\/et_pb_text][et_pb_video src=&#8221;https:\/\/www.youtube.com\/watch?v=ZOo2p_VrV88&#038;ab_channel=TidypayAS&#8221; _builder_version=&#8221;4.9.6&#8243; _module_preset=&#8221;default&#8221;][\/et_pb_video][\/et_pb_column][et_pb_column type=&#8221;1_2&#8243; _builder_version=&#8221;4.9.6&#8243; _module_preset=&#8221;default&#8221;][et_pb_text _builder_version=&#8221;4.9.6&#8243; _module_preset=&#8221;default&#8221; text_line_height=&#8221;0.5em&#8221; custom_margin=&#8221;-25px||||false|false&#8221; hover_enabled=&#8221;0&#8243; header_font_size_tablet=&#8221;30px&#8221; header_font_size_phone=&#8221;30px&#8221; header_font_size_last_edited=&#8221;on|desktop&#8221; sticky_enabled=&#8221;0&#8243;]<\/p>\n<h1 style=\"text-align: left;\"><span style=\"color: #000000;\">Tidypay Products<\/span><\/h1>\n<p>[\/et_pb_text][et_pb_divider _builder_version=&#8221;4.9.6&#8243; _module_preset=&#8221;default&#8221; custom_margin=&#8221;-20px|20px|||false|false&#8221; hover_enabled=&#8221;0&#8243; sticky_enabled=&#8221;0&#8243; divider_weight=&#8221;0.4vw&#8221; width=&#8221;270px&#8221; animation_style=&#8221;slide&#8221; locked=&#8221;off&#8221;][\/et_pb_divider][et_pb_text content_tablet=&#8221;<\/p>\n<p><span style=%22color: #000000;%22><strong>Temat:<\/strong> <span>We will present our payment solution Tidypay One and Tidypay eCom with focus on our payment gateway. We will demonstrate how we have connected our solutions, and which values and added features you are able to configure for your needs.<\/span><\/span><\/p>\n<p><span style=%22color: #000000;%22><strong>Data:<\/strong> 22th March 2022<\/span><\/p>\n<p><span style=%22color: #000000;%22><strong>Wsp\u00f3\u0142prowadz\u0105cy:<\/strong> Lars-Erik Bj\u00f8rshol, Tidypay<\/span><\/p>\n<p>&#8221; content_phone=&#8221;<\/p>\n<p><span style=%22color: #000000;%22><strong>Temat:<\/strong> <span>We will present our payment solution Tidypay One and Tidypay eCom with focus on our payment gateway. We will demonstrate how we have connected our solutions, and which values and added features you are able to configure for your needs.<\/span><\/span><\/p>\n<p><span style=%22color: #000000;%22><strong>Data:<\/strong> 22th March 2022<\/span><\/p>\n<p><span style=%22color: #000000;%22><strong>Wsp\u00f3\u0142prowadz\u0105cy:<\/strong> Lars-Erik Bj\u00f8rshol, Tidypay<\/span><\/p>\n<p>&#8221; content_last_edited=&#8221;on|phone&#8221; _builder_version=&#8221;4.9.6&#8243; _module_preset=&#8221;default&#8221; ul_text_color=&#8221;#ff6600&#8243; custom_margin=&#8221;-8px||||false|false&#8221; hover_enabled=&#8221;0&#8243; sticky_enabled=&#8221;0&#8243;]<\/p>\n<p><span style=\"color: #000000;\"><strong>Temat:<\/strong> <span>We will present our payment solution Tidypay One and Tidypay eCom with focus on our payment gateway. We will demonstrate how we have connected our solutions, and which values and added features you are able to configure for your needs.<\/span><\/span><\/p>\n<p><span style=\"color: #000000;\"><strong>Data:<\/strong> 22th March 2022<\/span><\/p>\n<p><span style=\"color: #000000;\"><strong>Wsp\u00f3\u0142prowadz\u0105cy:<\/strong> Lars-Erik Bj\u00f8rshol, Tidypay<\/span><\/p>\n<p>[\/et_pb_text][et_pb_video src=&#8221;https:\/\/www.youtube.com\/watch?v=7L6PyPSCvMg&#038;ab_channel=TidypayAS&#8221; _builder_version=&#8221;4.9.6&#8243; _module_preset=&#8221;default&#8221;][\/et_pb_video][\/et_pb_column][\/et_pb_row][et_pb_row _builder_version=&#8221;4.9.6&#8243; _module_preset=&#8221;default&#8221; custom_margin=&#8221;||||false|false&#8221;][et_pb_column type=&#8221;4_4&#8243; _builder_version=&#8221;4.9.6&#8243; _module_preset=&#8221;default&#8221;][et_pb_button button_url=&#8221;https:\/\/www.youtube.com\/channel\/UCt-Xa21DPA2SaAkIsoqr7PA&#8221; button_text=&#8221;Zobacz wi\u0119cej film\u00f3w&#8221; button_alignment=&#8221;center&#8221; _builder_version=&#8221;4.9.6&#8243; _module_preset=&#8221;default&#8221; custom_button=&#8221;on&#8221; button_text_size=&#8221;16px&#8221; button_text_color=&#8221;#1c1c1c&#8221; button_bg_color=&#8221;#ff6600&#8243; button_letter_spacing=&#8221;0px&#8221; custom_padding=&#8221;||||false|false&#8221; hover_enabled=&#8221;0&#8243; button_bg_color__hover_enabled=&#8221;on|hover&#8221; sticky_enabled=&#8221;0&#8243;][\/et_pb_button][\/et_pb_column][\/et_pb_row][\/et_pb_section]<\/p>\n","protected":false},"excerpt":{"rendered":"<p>[et_pb_section fb_built=&#8221;1&#8243; specialty=&#8221;on&#8221; _builder_version=&#8221;4.9.6&#8243; _module_preset=&#8221;default&#8221; background_enable_color=&#8221;off&#8221; custom_padding=&#8221;||9px|||&#8221; box_shadow_style=&#8221;preset1&#8243; background__hover_enabled=&#8221;on|hover&#8221; background_color__hover=&#8221;rgba(255,102,0,0.02)&#8221; background_enable_color__hover=&#8221;on&#8221;][et_pb_column type=&#8221;1_2&#8243; _builder_version=&#8221;3.25&#8243; custom_padding=&#8221;|||&#8221; custom_padding__hover=&#8221;|||&#8221;][et_pb_text _builder_version=&#8221;4.9.6&#8243; _module_preset=&#8221;default&#8221; text_text_color=&#8221;#ffffff&#8221; text_font_size=&#8221;18px&#8221; header_text_color=&#8221;#ffffff&#8221; header_font_size=&#8221;50px&#8221; header_2_text_color=&#8221;#ffffff&#8221; header_2_font_size=&#8221;85px&#8221; header_3_text_color=&#8221;#ffffff&#8221; header_3_font_size=&#8221;30px&#8221; hover_enabled=&#8221;0&#8243; header_font_size_tablet=&#8221;&#8221; header_font_size_phone=&#8221;35px&#8221; header_font_size_last_edited=&#8221;on|phone&#8221; header_2_font_size_tablet=&#8221;&#8221; header_2_font_size_phone=&#8221;40px&#8221; header_2_font_size_last_edited=&#8221;on|desktop&#8221; sticky_enabled=&#8221;0&#8243;] Filmy z webinar\u00f3w [\/et_pb_text][et_pb_text content_tablet=&#8221; Podczas naszych webinar\u00f3w zgromadzili\u015bmy mn\u00f3stwo przydatnej wiedzy. Na tych filmach z webinar\u00f3w mo\u017cesz dowiedzie\u0107 si\u0119 wi\u0119cej o [&hellip;]<\/p>\n","protected":false},"author":34423,"featured_media":0,"parent":0,"menu_order":0,"comment_status":"closed","ping_status":"closed","template":"","meta":{"_et_pb_use_builder":"on","_et_pb_old_content":"<!-- wp:paragraph -->\n<p>adsa<\/p>\n<!-- \/wp:paragraph -->","_et_gb_content_width":"","footnotes":""},"class_list":["post-130","page","type-page","status-publish","hentry"],"yoast_head":"<!-- This site is optimized with the Yoast SEO plugin v27.4 - https:\/\/yoast.com\/product\/yoast-seo-wordpress\/ -->\n<title>Webinar - Tidypay | Poland<\/title>\n<meta name=\"robots\" content=\"index, follow, max-snippet:-1, max-image-preview:large, max-video-preview:-1\" \/>\n<link rel=\"canonical\" href=\"https:\/\/tidypay.com\/pl\/webinar\/\" \/>\n<meta property=\"og:locale\" content=\"en_US\" \/>\n<meta property=\"og:type\" content=\"article\" \/>\n<meta property=\"og:title\" content=\"Webinar - Tidypay | Poland\" \/>\n<meta property=\"og:description\" content=\"[et_pb_section fb_built=&#8221;1&#8243; specialty=&#8221;on&#8221; _builder_version=&#8221;4.9.6&#8243; _module_preset=&#8221;default&#8221; background_enable_color=&#8221;off&#8221; custom_padding=&#8221;||9px|||&#8221; box_shadow_style=&#8221;preset1&#8243; background__hover_enabled=&#8221;on|hover&#8221; background_color__hover=&#8221;rgba(255,102,0,0.02)&#8221; background_enable_color__hover=&#8221;on&#8221;][et_pb_column type=&#8221;1_2&#8243; _builder_version=&#8221;3.25&#8243; custom_padding=&#8221;|||&#8221; custom_padding__hover=&#8221;|||&#8221;][et_pb_text _builder_version=&#8221;4.9.6&#8243; _module_preset=&#8221;default&#8221; text_text_color=&#8221;#ffffff&#8221; text_font_size=&#8221;18px&#8221; header_text_color=&#8221;#ffffff&#8221; header_font_size=&#8221;50px&#8221; header_2_text_color=&#8221;#ffffff&#8221; header_2_font_size=&#8221;85px&#8221; header_3_text_color=&#8221;#ffffff&#8221; header_3_font_size=&#8221;30px&#8221; hover_enabled=&#8221;0&#8243; header_font_size_tablet=&#8221;&#8221; header_font_size_phone=&#8221;35px&#8221; header_font_size_last_edited=&#8221;on|phone&#8221; header_2_font_size_tablet=&#8221;&#8221; header_2_font_size_phone=&#8221;40px&#8221; header_2_font_size_last_edited=&#8221;on|desktop&#8221; sticky_enabled=&#8221;0&#8243;] Filmy z webinar\u00f3w [\/et_pb_text][et_pb_text content_tablet=&#8221; Podczas naszych webinar\u00f3w zgromadzili\u015bmy mn\u00f3stwo przydatnej wiedzy. Na tych filmach z webinar\u00f3w mo\u017cesz dowiedzie\u0107 si\u0119 wi\u0119cej o [&hellip;]\" \/>\n<meta property=\"og:url\" content=\"https:\/\/tidypay.com\/pl\/webinar\/\" \/>\n<meta property=\"og:site_name\" content=\"Tidypay | Poland\" \/>\n<meta property=\"article:modified_time\" content=\"2022-05-20T10:14:14+00:00\" \/>\n<meta name=\"twitter:card\" content=\"summary_large_image\" \/>\n<meta name=\"twitter:label1\" content=\"Est. reading time\" \/>\n\t<meta name=\"twitter:data1\" content=\"1 minute\" \/>\n<script type=\"application\/ld+json\" class=\"yoast-schema-graph\">{\"@context\":\"https:\\\/\\\/schema.org\",\"@graph\":[{\"@type\":\"WebPage\",\"@id\":\"https:\\\/\\\/tidypay.com\\\/pl\\\/webinar\\\/\",\"url\":\"https:\\\/\\\/tidypay.com\\\/pl\\\/webinar\\\/\",\"name\":\"Webinar - Tidypay | Poland\",\"isPartOf\":{\"@id\":\"https:\\\/\\\/tidypay.com\\\/pl\\\/#website\"},\"datePublished\":\"2022-04-11T12:03:26+00:00\",\"dateModified\":\"2022-05-20T10:14:14+00:00\",\"breadcrumb\":{\"@id\":\"https:\\\/\\\/tidypay.com\\\/pl\\\/webinar\\\/#breadcrumb\"},\"inLanguage\":\"en-US\",\"potentialAction\":[{\"@type\":\"ReadAction\",\"target\":[\"https:\\\/\\\/tidypay.com\\\/pl\\\/webinar\\\/\"]}]},{\"@type\":\"BreadcrumbList\",\"@id\":\"https:\\\/\\\/tidypay.com\\\/pl\\\/webinar\\\/#breadcrumb\",\"itemListElement\":[{\"@type\":\"ListItem\",\"position\":1,\"name\":\"Home\",\"item\":\"https:\\\/\\\/tidypay.com\\\/pl\\\/\"},{\"@type\":\"ListItem\",\"position\":2,\"name\":\"Webinar\"}]},{\"@type\":\"WebSite\",\"@id\":\"https:\\\/\\\/tidypay.com\\\/pl\\\/#website\",\"url\":\"https:\\\/\\\/tidypay.com\\\/pl\\\/\",\"name\":\"Tidypay | Poland\",\"description\":\"\",\"potentialAction\":[{\"@type\":\"SearchAction\",\"target\":{\"@type\":\"EntryPoint\",\"urlTemplate\":\"https:\\\/\\\/tidypay.com\\\/pl\\\/?s={search_term_string}\"},\"query-input\":{\"@type\":\"PropertyValueSpecification\",\"valueRequired\":true,\"valueName\":\"search_term_string\"}}],\"inLanguage\":\"en-US\"}]}<\/script>\n<!-- \/ Yoast SEO plugin. -->","yoast_head_json":{"title":"Webinar - Tidypay | Poland","robots":{"index":"index","follow":"follow","max-snippet":"max-snippet:-1","max-image-preview":"max-image-preview:large","max-video-preview":"max-video-preview:-1"},"canonical":"https:\/\/tidypay.com\/pl\/webinar\/","og_locale":"en_US","og_type":"article","og_title":"Webinar - Tidypay | Poland","og_description":"[et_pb_section fb_built=&#8221;1&#8243; specialty=&#8221;on&#8221; _builder_version=&#8221;4.9.6&#8243; _module_preset=&#8221;default&#8221; background_enable_color=&#8221;off&#8221; custom_padding=&#8221;||9px|||&#8221; box_shadow_style=&#8221;preset1&#8243; background__hover_enabled=&#8221;on|hover&#8221; background_color__hover=&#8221;rgba(255,102,0,0.02)&#8221; background_enable_color__hover=&#8221;on&#8221;][et_pb_column type=&#8221;1_2&#8243; _builder_version=&#8221;3.25&#8243; custom_padding=&#8221;|||&#8221; custom_padding__hover=&#8221;|||&#8221;][et_pb_text _builder_version=&#8221;4.9.6&#8243; _module_preset=&#8221;default&#8221; text_text_color=&#8221;#ffffff&#8221; text_font_size=&#8221;18px&#8221; header_text_color=&#8221;#ffffff&#8221; header_font_size=&#8221;50px&#8221; header_2_text_color=&#8221;#ffffff&#8221; header_2_font_size=&#8221;85px&#8221; header_3_text_color=&#8221;#ffffff&#8221; header_3_font_size=&#8221;30px&#8221; hover_enabled=&#8221;0&#8243; header_font_size_tablet=&#8221;&#8221; header_font_size_phone=&#8221;35px&#8221; header_font_size_last_edited=&#8221;on|phone&#8221; header_2_font_size_tablet=&#8221;&#8221; header_2_font_size_phone=&#8221;40px&#8221; header_2_font_size_last_edited=&#8221;on|desktop&#8221; sticky_enabled=&#8221;0&#8243;] Filmy z webinar\u00f3w [\/et_pb_text][et_pb_text content_tablet=&#8221; Podczas naszych webinar\u00f3w zgromadzili\u015bmy mn\u00f3stwo przydatnej wiedzy. Na tych filmach z webinar\u00f3w mo\u017cesz dowiedzie\u0107 si\u0119 wi\u0119cej o [&hellip;]","og_url":"https:\/\/tidypay.com\/pl\/webinar\/","og_site_name":"Tidypay | Poland","article_modified_time":"2022-05-20T10:14:14+00:00","twitter_card":"summary_large_image","twitter_misc":{"Est. reading time":"1 minute"},"schema":{"@context":"https:\/\/schema.org","@graph":[{"@type":"WebPage","@id":"https:\/\/tidypay.com\/pl\/webinar\/","url":"https:\/\/tidypay.com\/pl\/webinar\/","name":"Webinar - Tidypay | Poland","isPartOf":{"@id":"https:\/\/tidypay.com\/pl\/#website"},"datePublished":"2022-04-11T12:03:26+00:00","dateModified":"2022-05-20T10:14:14+00:00","breadcrumb":{"@id":"https:\/\/tidypay.com\/pl\/webinar\/#breadcrumb"},"inLanguage":"en-US","potentialAction":[{"@type":"ReadAction","target":["https:\/\/tidypay.com\/pl\/webinar\/"]}]},{"@type":"BreadcrumbList","@id":"https:\/\/tidypay.com\/pl\/webinar\/#breadcrumb","itemListElement":[{"@type":"ListItem","position":1,"name":"Home","item":"https:\/\/tidypay.com\/pl\/"},{"@type":"ListItem","position":2,"name":"Webinar"}]},{"@type":"WebSite","@id":"https:\/\/tidypay.com\/pl\/#website","url":"https:\/\/tidypay.com\/pl\/","name":"Tidypay | Poland","description":"","potentialAction":[{"@type":"SearchAction","target":{"@type":"EntryPoint","urlTemplate":"https:\/\/tidypay.com\/pl\/?s={search_term_string}"},"query-input":{"@type":"PropertyValueSpecification","valueRequired":true,"valueName":"search_term_string"}}],"inLanguage":"en-US"}]}},"_links":{"self":[{"href":"https:\/\/tidypay.com\/pl\/wp-json\/wp\/v2\/pages\/130","targetHints":{"allow":["GET"]}}],"collection":[{"href":"https:\/\/tidypay.com\/pl\/wp-json\/wp\/v2\/pages"}],"about":[{"href":"https:\/\/tidypay.com\/pl\/wp-json\/wp\/v2\/types\/page"}],"author":[{"embeddable":true,"href":"https:\/\/tidypay.com\/pl\/wp-json\/wp\/v2\/users\/34423"}],"replies":[{"embeddable":true,"href":"https:\/\/tidypay.com\/pl\/wp-json\/wp\/v2\/comments?post=130"}],"version-history":[{"count":0,"href":"https:\/\/tidypay.com\/pl\/wp-json\/wp\/v2\/pages\/130\/revisions"}],"wp:attachment":[{"href":"https:\/\/tidypay.com\/pl\/wp-json\/wp\/v2\/media?parent=130"}],"curies":[{"name":"wp","href":"https:\/\/api.w.org\/{rel}","templated":true}]}}